{"id":3502,"date":"2024-06-17T21:20:44","date_gmt":"2024-06-17T19:20:44","guid":{"rendered":"https:\/\/azelec.be\/informaticien-support-it\/"},"modified":"2025-01-07T12:41:18","modified_gmt":"2025-01-07T11:41:18","slug":"it-specialist-support","status":"publish","type":"page","link":"https:\/\/azelec.be\/en\/jobs\/it-specialist-support\/","title":{"rendered":"IT Specialist\/Support"},"content":{"rendered":"\n\t\t\t<div class=\"container alll-container\">\n\t\t\t\t<div class=\"alll-row row justify-content-center\">\n\t\t\t\t\t<div class=\"alll-rowInner alll-rowInner--general\">\n<h1 class=\"wp-block-heading\">IT Specialist\/Support<\/h1>\n<\/div><\/div><\/div>\n\t\t\t<div class=\"container alll-container\">\n\t\t\t\t<div class=\"alll-row row justify-content-center\">\n\t\t\t\t\t<div class=\"alll-rowInner alll-rowInner--general\">\n\n<\/div><\/div><\/div>\n\t\t\t<div class=\"container alll-container\">\n\t\t\t\t<div class=\"alll-row row justify-content-center\">\n\t\t\t\t\t<div class=\"alll-rowInner alll-rowInner--general\">\n<h2 class=\"wp-block-heading\">Your role<\/h2>\n<\/div><\/div><\/div>\n\t\t\t<div class=\"container alll-container\">\n\t\t\t\t<div class=\"alll-row row justify-content-center\">\n\t\t\t\t\t<div class=\"alll-rowInner alll-rowInner--general\">\n\n<\/div><\/div><\/div>\n\t\t\t<div class=\"container alll-container\">\n\t\t\t\t<div class=\"alll-row row justify-content-center\">\n\t\t\t\t\t<div class=\"alll-rowInner alll-rowInner--general\">\n<p>As an IT Support Technician, you will handle the following duties:<\/p>\n<\/div><\/div><\/div>\n\t\t\t<div class=\"container alll-container\">\n\t\t\t\t<div class=\"alll-row row justify-content-center\">\n\t\t\t\t\t<div class=\"alll-rowInner alll-rowInner--general\">\n\n<\/div><\/div><\/div>\n\t\t\t<div class=\"container alll-container\">\n\t\t\t\t<div class=\"alll-row row justify-content-center\">\n\t\t\t\t\t<div class=\"alll-rowInner alll-rowInner--general\">\n<ul class=\"wp-block-list\">\n\t\t\t<div class=\"container alll-container\">\n\t\t\t\t<div class=\"alll-row row justify-content-center\">\n\t\t\t\t\t<div class=\"alll-rowInner alll-rowInner--general\">\n<li>Providing fast, effective support to solve advanced technical IT problems<\/li>\n<\/div><\/div><\/div>\n\n\n\t\t\t<div class=\"container alll-container\">\n\t\t\t\t<div class=\"alll-row row justify-content-center\">\n\t\t\t\t\t<div class=\"alll-rowInner alll-rowInner--general\">\n<li>Managing and configuring IT equipment<\/li>\n<\/div><\/div><\/div>\n\n\n\t\t\t<div class=\"container alll-container\">\n\t\t\t\t<div class=\"alll-row row justify-content-center\">\n\t\t\t\t\t<div class=\"alll-rowInner alll-rowInner--general\">\n<li>Proposing continuous improvements in line with market developments<\/li>\n<\/div><\/div><\/div><\/ul>\n<\/div><\/div><\/div>\n\t\t\t<div class=\"container alll-container\">\n\t\t\t\t<div class=\"alll-row row justify-content-center\">\n\t\t\t\t\t<div class=\"alll-rowInner alll-rowInner--general\">\n\n<\/div><\/div><\/div>\n\t\t\t<div class=\"container alll-container\">\n\t\t\t\t<div class=\"alll-row row justify-content-center\">\n\t\t\t\t\t<div class=\"alll-rowInner alll-rowInner--general\">\n<p>In short, you ensure the efficiency and performance of our IT infrastructure<\/p>\n<\/div><\/div><\/div>\n\t\t\t<div class=\"container alll-container\">\n\t\t\t\t<div class=\"alll-row row justify-content-center\">\n\t\t\t\t\t<div class=\"alll-rowInner alll-rowInner--general\">\n\n<\/div><\/div><\/div>\n\t\t\t<div class=\"container alll-container\">\n\t\t\t\t<div class=\"alll-row row justify-content-center\">\n\t\t\t\t\t<div class=\"alll-rowInner alll-rowInner--general\">\n<h2 class=\"wp-block-heading\">Your skills<\/h2>\n<\/div><\/div><\/div>\n\t\t\t<div class=\"container alll-container\">\n\t\t\t\t<div class=\"alll-row row justify-content-center\">\n\t\t\t\t\t<div class=\"alll-rowInner alll-rowInner--general\">\n\n<\/div><\/div><\/div>\n\t\t\t<div class=\"container alll-container\">\n\t\t\t\t<div class=\"alll-row row justify-content-center\">\n\t\t\t\t\t<div class=\"alll-rowInner alll-rowInner--general\">\n<ul class=\"wp-block-list\">\n\t\t\t<div class=\"container alll-container\">\n\t\t\t\t<div class=\"alll-row row justify-content-center\">\n\t\t\t\t\t<div class=\"alll-rowInner alll-rowInner--general\">\n<li>A Bachelor&#8217;s degree in computer science<\/li>\n<\/div><\/div><\/div>\n\n\n\t\t\t<div class=\"container alll-container\">\n\t\t\t\t<div class=\"alll-row row justify-content-center\">\n\t\t\t\t\t<div class=\"alll-rowInner alll-rowInner--general\">\n<li>relevant experience in a similar role<\/li>\n<\/div><\/div><\/div>\n\n\n\t\t\t<div class=\"container alll-container\">\n\t\t\t\t<div class=\"alll-row row justify-content-center\">\n\t\t\t\t\t<div class=\"alll-rowInner alll-rowInner--general\">\n<li>in-depth understanding of current operating systems and software such as Microsoft Windows, Batigest, Bob, SQL and computer network protection tools (firewalls, VPN, antivirus softwares, back-ups), Excel, etc.<\/li>\n<\/div><\/div><\/div>\n\n\n\t\t\t<div class=\"container alll-container\">\n\t\t\t\t<div class=\"alll-row row justify-content-center\">\n\t\t\t\t\t<div class=\"alll-rowInner alll-rowInner--general\">\n<li>Able to identify incidents<\/li>\n<\/div><\/div><\/div>\n\n\n\t\t\t<div class=\"container alll-container\">\n\t\t\t\t<div class=\"alll-row row justify-content-center\">\n\t\t\t\t\t<div class=\"alll-rowInner alll-rowInner--general\">\n<li>Provide fast and efficient solutions for any IT infrastructure problems<\/li>\n<\/div><\/div><\/div>\n\n\n\t\t\t<div class=\"container alll-container\">\n\t\t\t\t<div class=\"alll-row row justify-content-center\">\n\t\t\t\t\t<div class=\"alll-rowInner alll-rowInner--general\">\n<li>Propose service upgrades and\/or new innovative solutions<\/li>\n<\/div><\/div><\/div>\n\n\n\t\t\t<div class=\"container alll-container\">\n\t\t\t\t<div class=\"alll-row row justify-content-center\">\n\t\t\t\t\t<div class=\"alll-rowInner alll-rowInner--general\">\n<li>Methodical organisational skills to efficiently manage duties and priorities<\/li>\n<\/div><\/div><\/div>\n\n\n\t\t\t<div class=\"container alll-container\">\n\t\t\t\t<div class=\"alll-row row justify-content-center\">\n\t\t\t\t\t<div class=\"alll-rowInner alll-rowInner--general\">\n<li>Able to maintain a high level of accuracy and attention to detail<\/li>\n<\/div><\/div><\/div>\n\n\n\t\t\t<div class=\"container alll-container\">\n\t\t\t\t<div class=\"alll-row row justify-content-center\">\n\t\t\t\t\t<div class=\"alll-rowInner alll-rowInner--general\">\n<li>Self-reliant, proactive, rigorous and flexible<\/li>\n<\/div><\/div><\/div><\/ul>\n<\/div><\/div><\/div>\n\t\t\t<div class=\"container alll-container\">\n\t\t\t\t<div class=\"alll-row row justify-content-center\">\n\t\t\t\t\t<div class=\"alll-rowInner alll-rowInner--general\">\n\n<\/div><\/div><\/div>\n\t\t\t<div class=\"container alll-container\">\n\t\t\t\t<div class=\"alll-row row justify-content-center\">\n\t\t\t\t\t<div class=\"alll-rowInner alll-rowInner--general\">\n<h2 class=\"wp-block-heading\">We offer<\/h2>\n<\/div><\/div><\/div>\n\t\t\t<div class=\"container alll-container\">\n\t\t\t\t<div class=\"alll-row row justify-content-center\">\n\t\t\t\t\t<div class=\"alll-rowInner alll-rowInner--general\">\n\n<\/div><\/div><\/div>\n\t\t\t<div class=\"container alll-container\">\n\t\t\t\t<div class=\"alll-row row justify-content-center\">\n\t\t\t\t\t<div class=\"alll-rowInner alll-rowInner--general\">\n<ul class=\"wp-block-list\">\n\t\t\t<div class=\"container alll-container\">\n\t\t\t\t<div class=\"alll-row row justify-content-center\">\n\t\t\t\t\t<div class=\"alll-rowInner alll-rowInner--general\">\n<li>A 3-month fixed-term contract which may be renewed<\/li>\n<\/div><\/div><\/div>\n\n\n\t\t\t<div class=\"container alll-container\">\n\t\t\t\t<div class=\"alll-row row justify-content-center\">\n\t\t\t\t\t<div class=\"alll-rowInner alll-rowInner--general\">\n<li>Full-time<\/li>\n<\/div><\/div><\/div>\n\n\n\t\t\t<div class=\"container alll-container\">\n\t\t\t\t<div class=\"alll-row row justify-content-center\">\n\t\t\t\t\t<div class=\"alll-rowInner alll-rowInner--general\">\n<li>Daytime hours, office hours<\/li>\n<\/div><\/div><\/div>\n\n\n\t\t\t<div class=\"container alll-container\">\n\t\t\t\t<div class=\"alll-row row justify-content-center\">\n\t\t\t\t\t<div class=\"alll-rowInner alll-rowInner--general\">\n<li>Company computer available<\/li>\n<\/div><\/div><\/div>\n\n\n\t\t\t<div class=\"container alll-container\">\n\t\t\t\t<div class=\"alll-row row justify-content-center\">\n\t\t\t\t\t<div class=\"alll-rowInner alll-rowInner--general\">\n<li>A pleasant working environment<\/li>\n<\/div><\/div><\/div><\/ul>\n<\/div><\/div><\/div>\n\t\t\t<div class=\"container alll-container\">\n\t\t\t\t<div class=\"alll-row row justify-content-center\">\n\t\t\t\t\t<div class=\"alll-rowInner alll-rowInner--general\">\n\n<\/div><\/div><\/div>\n\t\t\t<div class=\"container alll-container\">\n\t\t\t\t<div class=\"alll-row row justify-content-center\">\n\t\t\t\t\t<div class=\"alll-rowInner alll-rowInner--general\">\n<p><\/p>\n<\/div><\/div><\/div>","protected":false},"excerpt":{"rendered":"<p>IT Specialist\/Support Your role As an IT Support Technician, you will handle the following duties: In short, you ensure the efficiency and performance of our IT infrastructure Your skills We offer<\/p>\n","protected":false},"author":1,"featured_media":3096,"parent":3594,"menu_order":3,"comment_status":"closed","ping_status":"closed","template":"","meta":{"_acf_changed":false,"neve_meta_sidebar":"","neve_meta_container":"","neve_meta_enable_content_width":"","neve_meta_content_width":0,"neve_meta_title_alignment":"","neve_meta_author_avatar":"","neve_post_elements_order":"","neve_meta_disable_header":"","neve_meta_disable_footer":"","neve_meta_disable_title":"","neve_meta_reading_time":"","footnotes":""},"class_list":["post-3502","page","type-page","status-publish","has-post-thumbnail","hentry"],"acf":[],"yoast_head":"<!-- This site is optimized with the Yoast SEO plugin v27.6 - https:\/\/yoast.com\/product\/yoast-seo-wordpress\/ -->\n<title>Looking for a Computer Scientist\/IT Support in Brussels<\/title>\n<meta name=\"description\" content=\"Az\u00e9lec is recruiting a computer scientist\/IT support to manage technical support and computer hardware, and propose improvements.\" \/>\n<meta name=\"robots\" content=\"index, follow, max-snippet:-1, max-image-preview:large, max-video-preview:-1\" \/>\n<link rel=\"canonical\" href=\"https:\/\/azelec.be\/en\/jobs\/it-specialist-support\/\" \/>\n<meta property=\"og:locale\" content=\"en_US\" \/>\n<meta property=\"og:type\" content=\"article\" \/>\n<meta property=\"og:title\" content=\"Looking for a Computer Scientist\/IT Support in Brussels\" \/>\n<meta property=\"og:description\" content=\"Az\u00e9lec is recruiting a computer scientist\/IT support to manage technical support and computer hardware, and propose improvements.\" \/>\n<meta property=\"og:url\" content=\"https:\/\/azelec.be\/en\/jobs\/it-specialist-support\/\" \/>\n<meta property=\"og:site_name\" content=\"Az\u00e9lec\" \/>\n<meta property=\"article:publisher\" content=\"https:\/\/facebook.com\/pages\/Azlec\/464300780395849\" \/>\n<meta property=\"article:modified_time\" content=\"2025-01-07T11:41:18+00:00\" \/>\n<meta property=\"og:image\" content=\"https:\/\/azelec.be\/wp-content\/uploads\/2024\/09\/shutterstock_144651281-scaled.jpg\" \/>\n\t<meta property=\"og:image:width\" content=\"2560\" \/>\n\t<meta property=\"og:image:height\" content=\"1741\" \/>\n\t<meta property=\"og:image:type\" content=\"image\/jpeg\" \/>\n<meta name=\"twitter:card\" content=\"summary_large_image\" \/>\n<meta name=\"twitter:label1\" content=\"Est. reading time\" \/>\n\t<meta name=\"twitter:data1\" content=\"2 minutes\" \/>\n<script type=\"application\/ld+json\" class=\"yoast-schema-graph\">{\"@context\":\"https:\\\/\\\/schema.org\",\"@graph\":[{\"@type\":\"WebPage\",\"@id\":\"https:\\\/\\\/azelec.be\\\/en\\\/jobs\\\/it-specialist-support\\\/\",\"url\":\"https:\\\/\\\/azelec.be\\\/en\\\/jobs\\\/it-specialist-support\\\/\",\"name\":\"Looking for a Computer Scientist\\\/IT Support in Brussels\",\"isPartOf\":{\"@id\":\"https:\\\/\\\/azelec.be\\\/en\\\/#website\"},\"primaryImageOfPage\":{\"@id\":\"https:\\\/\\\/azelec.be\\\/en\\\/jobs\\\/it-specialist-support\\\/#primaryimage\"},\"image\":{\"@id\":\"https:\\\/\\\/azelec.be\\\/en\\\/jobs\\\/it-specialist-support\\\/#primaryimage\"},\"thumbnailUrl\":\"https:\\\/\\\/azelec.be\\\/wp-content\\\/uploads\\\/2024\\\/09\\\/shutterstock_144651281-scaled.jpg\",\"datePublished\":\"2024-06-17T19:20:44+00:00\",\"dateModified\":\"2025-01-07T11:41:18+00:00\",\"description\":\"Az\u00e9lec is recruiting a computer scientist\\\/IT support to manage technical support and computer hardware, and propose improvements.\",\"breadcrumb\":{\"@id\":\"https:\\\/\\\/azelec.be\\\/en\\\/jobs\\\/it-specialist-support\\\/#breadcrumb\"},\"inLanguage\":\"en-US\",\"potentialAction\":[{\"@type\":\"ReadAction\",\"target\":[\"https:\\\/\\\/azelec.be\\\/en\\\/jobs\\\/it-specialist-support\\\/\"]}]},{\"@type\":\"ImageObject\",\"inLanguage\":\"en-US\",\"@id\":\"https:\\\/\\\/azelec.be\\\/en\\\/jobs\\\/it-specialist-support\\\/#primaryimage\",\"url\":\"https:\\\/\\\/azelec.be\\\/wp-content\\\/uploads\\\/2024\\\/09\\\/shutterstock_144651281-scaled.jpg\",\"contentUrl\":\"https:\\\/\\\/azelec.be\\\/wp-content\\\/uploads\\\/2024\\\/09\\\/shutterstock_144651281-scaled.jpg\",\"width\":2560,\"height\":1741,\"caption\":\"Team of IT specialists.\"},{\"@type\":\"BreadcrumbList\",\"@id\":\"https:\\\/\\\/azelec.be\\\/en\\\/jobs\\\/it-specialist-support\\\/#breadcrumb\",\"itemListElement\":[{\"@type\":\"ListItem\",\"position\":1,\"name\":\"Home\",\"item\":\"https:\\\/\\\/azelec.be\\\/en\\\/\"},{\"@type\":\"ListItem\",\"position\":2,\"name\":\"Jobs\",\"item\":\"https:\\\/\\\/azelec.be\\\/en\\\/jobs\\\/\"},{\"@type\":\"ListItem\",\"position\":3,\"name\":\"IT Specialist\\\/Support\"}]},{\"@type\":\"WebSite\",\"@id\":\"https:\\\/\\\/azelec.be\\\/en\\\/#website\",\"url\":\"https:\\\/\\\/azelec.be\\\/en\\\/\",\"name\":\"Az\u00e9lec\",\"description\":\"Entreprise g\u00e9n\u00e9rale d&#039;\u00e9lectricit\u00e9 dans le secteur de la construction pour les particuliers et professionnels.\",\"publisher\":{\"@id\":\"https:\\\/\\\/azelec.be\\\/en\\\/#organization\"},\"potentialAction\":[{\"@type\":\"SearchAction\",\"target\":{\"@type\":\"EntryPoint\",\"urlTemplate\":\"https:\\\/\\\/azelec.be\\\/en\\\/?s={search_term_string}\"},\"query-input\":{\"@type\":\"PropertyValueSpecification\",\"valueRequired\":true,\"valueName\":\"search_term_string\"}}],\"inLanguage\":\"en-US\"},{\"@type\":\"Organization\",\"@id\":\"https:\\\/\\\/azelec.be\\\/en\\\/#organization\",\"name\":\"Az\u00e9lec\",\"url\":\"https:\\\/\\\/azelec.be\\\/en\\\/\",\"logo\":{\"@type\":\"ImageObject\",\"inLanguage\":\"en-US\",\"@id\":\"https:\\\/\\\/azelec.be\\\/en\\\/#\\\/schema\\\/logo\\\/image\\\/\",\"url\":\"https:\\\/\\\/azelec.be\\\/wp-content\\\/uploads\\\/2024\\\/07\\\/logo.svg\",\"contentUrl\":\"https:\\\/\\\/azelec.be\\\/wp-content\\\/uploads\\\/2024\\\/07\\\/logo.svg\",\"width\":493,\"height\":86,\"caption\":\"Az\u00e9lec\"},\"image\":{\"@id\":\"https:\\\/\\\/azelec.be\\\/en\\\/#\\\/schema\\\/logo\\\/image\\\/\"},\"sameAs\":[\"https:\\\/\\\/facebook.com\\\/pages\\\/Azlec\\\/464300780395849\",\"https:\\\/\\\/www.instagram.com\\\/azelec.be\\\/\",\"https:\\\/\\\/www.linkedin.com\\\/company\\\/3338450\",\"https:\\\/\\\/www.youtube.com\\\/channel\\\/UCElmKgi5qzaPSqJ_u3IfvHw\"]}]}<\/script>\n<!-- \/ Yoast SEO plugin. -->","yoast_head_json":{"title":"Looking for a Computer Scientist\/IT Support in Brussels","description":"Az\u00e9lec is recruiting a computer scientist\/IT support to manage technical support and computer hardware, and propose improvements.","robots":{"index":"index","follow":"follow","max-snippet":"max-snippet:-1","max-image-preview":"max-image-preview:large","max-video-preview":"max-video-preview:-1"},"canonical":"https:\/\/azelec.be\/en\/jobs\/it-specialist-support\/","og_locale":"en_US","og_type":"article","og_title":"Looking for a Computer Scientist\/IT Support in Brussels","og_description":"Az\u00e9lec is recruiting a computer scientist\/IT support to manage technical support and computer hardware, and propose improvements.","og_url":"https:\/\/azelec.be\/en\/jobs\/it-specialist-support\/","og_site_name":"Az\u00e9lec","article_publisher":"https:\/\/facebook.com\/pages\/Azlec\/464300780395849","article_modified_time":"2025-01-07T11:41:18+00:00","og_image":[{"width":2560,"height":1741,"url":"https:\/\/azelec.be\/wp-content\/uploads\/2024\/09\/shutterstock_144651281-scaled.jpg","type":"image\/jpeg"}],"twitter_card":"summary_large_image","twitter_misc":{"Est. reading time":"2 minutes"},"schema":{"@context":"https:\/\/schema.org","@graph":[{"@type":"WebPage","@id":"https:\/\/azelec.be\/en\/jobs\/it-specialist-support\/","url":"https:\/\/azelec.be\/en\/jobs\/it-specialist-support\/","name":"Looking for a Computer Scientist\/IT Support in Brussels","isPartOf":{"@id":"https:\/\/azelec.be\/en\/#website"},"primaryImageOfPage":{"@id":"https:\/\/azelec.be\/en\/jobs\/it-specialist-support\/#primaryimage"},"image":{"@id":"https:\/\/azelec.be\/en\/jobs\/it-specialist-support\/#primaryimage"},"thumbnailUrl":"https:\/\/azelec.be\/wp-content\/uploads\/2024\/09\/shutterstock_144651281-scaled.jpg","datePublished":"2024-06-17T19:20:44+00:00","dateModified":"2025-01-07T11:41:18+00:00","description":"Az\u00e9lec is recruiting a computer scientist\/IT support to manage technical support and computer hardware, and propose improvements.","breadcrumb":{"@id":"https:\/\/azelec.be\/en\/jobs\/it-specialist-support\/#breadcrumb"},"inLanguage":"en-US","potentialAction":[{"@type":"ReadAction","target":["https:\/\/azelec.be\/en\/jobs\/it-specialist-support\/"]}]},{"@type":"ImageObject","inLanguage":"en-US","@id":"https:\/\/azelec.be\/en\/jobs\/it-specialist-support\/#primaryimage","url":"https:\/\/azelec.be\/wp-content\/uploads\/2024\/09\/shutterstock_144651281-scaled.jpg","contentUrl":"https:\/\/azelec.be\/wp-content\/uploads\/2024\/09\/shutterstock_144651281-scaled.jpg","width":2560,"height":1741,"caption":"Team of IT specialists."},{"@type":"BreadcrumbList","@id":"https:\/\/azelec.be\/en\/jobs\/it-specialist-support\/#breadcrumb","itemListElement":[{"@type":"ListItem","position":1,"name":"Home","item":"https:\/\/azelec.be\/en\/"},{"@type":"ListItem","position":2,"name":"Jobs","item":"https:\/\/azelec.be\/en\/jobs\/"},{"@type":"ListItem","position":3,"name":"IT Specialist\/Support"}]},{"@type":"WebSite","@id":"https:\/\/azelec.be\/en\/#website","url":"https:\/\/azelec.be\/en\/","name":"Az\u00e9lec","description":"Entreprise g\u00e9n\u00e9rale d&#039;\u00e9lectricit\u00e9 dans le secteur de la construction pour les particuliers et professionnels.","publisher":{"@id":"https:\/\/azelec.be\/en\/#organization"},"potentialAction":[{"@type":"SearchAction","target":{"@type":"EntryPoint","urlTemplate":"https:\/\/azelec.be\/en\/?s={search_term_string}"},"query-input":{"@type":"PropertyValueSpecification","valueRequired":true,"valueName":"search_term_string"}}],"inLanguage":"en-US"},{"@type":"Organization","@id":"https:\/\/azelec.be\/en\/#organization","name":"Az\u00e9lec","url":"https:\/\/azelec.be\/en\/","logo":{"@type":"ImageObject","inLanguage":"en-US","@id":"https:\/\/azelec.be\/en\/#\/schema\/logo\/image\/","url":"https:\/\/azelec.be\/wp-content\/uploads\/2024\/07\/logo.svg","contentUrl":"https:\/\/azelec.be\/wp-content\/uploads\/2024\/07\/logo.svg","width":493,"height":86,"caption":"Az\u00e9lec"},"image":{"@id":"https:\/\/azelec.be\/en\/#\/schema\/logo\/image\/"},"sameAs":["https:\/\/facebook.com\/pages\/Azlec\/464300780395849","https:\/\/www.instagram.com\/azelec.be\/","https:\/\/www.linkedin.com\/company\/3338450","https:\/\/www.youtube.com\/channel\/UCElmKgi5qzaPSqJ_u3IfvHw"]}]}},"_links":{"self":[{"href":"https:\/\/azelec.be\/en\/wp-json\/wp\/v2\/pages\/3502","targetHints":{"allow":["GET"]}}],"collection":[{"href":"https:\/\/azelec.be\/en\/wp-json\/wp\/v2\/pages"}],"about":[{"href":"https:\/\/azelec.be\/en\/wp-json\/wp\/v2\/types\/page"}],"author":[{"embeddable":true,"href":"https:\/\/azelec.be\/en\/wp-json\/wp\/v2\/users\/1"}],"replies":[{"embeddable":true,"href":"https:\/\/azelec.be\/en\/wp-json\/wp\/v2\/comments?post=3502"}],"version-history":[{"count":0,"href":"https:\/\/azelec.be\/en\/wp-json\/wp\/v2\/pages\/3502\/revisions"}],"up":[{"embeddable":true,"href":"https:\/\/azelec.be\/en\/wp-json\/wp\/v2\/pages\/3594"}],"wp:featuredmedia":[{"embeddable":true,"href":"https:\/\/azelec.be\/en\/wp-json\/wp\/v2\/media\/3096"}],"wp:attachment":[{"href":"https:\/\/azelec.be\/en\/wp-json\/wp\/v2\/media?parent=3502"}],"curies":[{"name":"wp","href":"https:\/\/api.w.org\/{rel}","templated":true}]}}