{"id":3548,"date":"2024-06-17T21:20:44","date_gmt":"2024-06-17T19:20:44","guid":{"rendered":"https:\/\/azelec.be\/ingenieur-genie-civil-batiment-conducteur-de-chantier\/"},"modified":"2025-01-07T12:31:42","modified_gmt":"2025-01-07T11:31:42","slug":"civil-engineer-specialising-in-construction-engineering-site-manager","status":"publish","type":"page","link":"https:\/\/azelec.be\/en\/jobs\/civil-engineer-specialising-in-construction-engineering-site-manager\/","title":{"rendered":"Civil engineer \/ specialising in construction engineering (site manager)"},"content":{"rendered":"\n\t\t\t<div class=\"container alll-container\">\n\t\t\t\t<div class=\"alll-row row justify-content-center\">\n\t\t\t\t\t<div class=\"alll-rowInner alll-rowInner--general\">\n<h1 class=\"wp-block-heading\">Civil engineer \/ specialising in construction engineering (site manager)<\/h1>\n<\/div><\/div><\/div>\n\t\t\t<div class=\"container alll-container\">\n\t\t\t\t<div class=\"alll-row row justify-content-center\">\n\t\t\t\t\t<div class=\"alll-rowInner alll-rowInner--general\">\n\n<\/div><\/div><\/div>\n\t\t\t<div class=\"container alll-container\">\n\t\t\t\t<div class=\"alll-row row justify-content-center\">\n\t\t\t\t\t<div class=\"alll-rowInner alll-rowInner--general\">\n<h2 class=\"wp-block-heading\">Your role<\/h2>\n<\/div><\/div><\/div>\n\t\t\t<div class=\"container alll-container\">\n\t\t\t\t<div class=\"alll-row row justify-content-center\">\n\t\t\t\t\t<div class=\"alll-rowInner alll-rowInner--general\">\n\n<\/div><\/div><\/div>\n\t\t\t<div class=\"container alll-container\">\n\t\t\t\t<div class=\"alll-row row justify-content-center\">\n\t\t\t\t\t<div class=\"alll-rowInner alll-rowInner--general\">\n<ul class=\"wp-block-list\">\n\t\t\t<div class=\"container alll-container\">\n\t\t\t\t<div class=\"alll-row row justify-content-center\">\n\t\t\t\t\t<div class=\"alll-rowInner alll-rowInner--general\">\n<li>You are responsible for the design, planning and execution of projects<\/li>\n<\/div><\/div><\/div>\n\n\n\t\t\t<div class=\"container alll-container\">\n\t\t\t\t<div class=\"alll-row row justify-content-center\">\n\t\t\t\t\t<div class=\"alll-rowInner alll-rowInner--general\">\n<li>You are in charge of all activities relating to the design and implementation of the technical projects<\/li>\n<\/div><\/div><\/div>\n\n\n\t\t\t<div class=\"container alll-container\">\n\t\t\t\t<div class=\"alll-row row justify-content-center\">\n\t\t\t\t\t<div class=\"alll-rowInner alll-rowInner--general\">\n<li>You ensure compliance with user requirements, the budget and the schedule, whilst guaranteeing the conformity, quality and safety of the installations<\/li>\n<\/div><\/div><\/div>\n\n\n\t\t\t<div class=\"container alll-container\">\n\t\t\t\t<div class=\"alll-row row justify-content-center\">\n\t\t\t\t\t<div class=\"alll-rowInner alll-rowInner--general\">\n<li>You ensure compliance with the public procurement procedures<\/li>\n<\/div><\/div><\/div>\n\n\n\t\t\t<div class=\"container alll-container\">\n\t\t\t\t<div class=\"alll-row row justify-content-center\">\n\t\t\t\t\t<div class=\"alll-rowInner alll-rowInner--general\">\n<li>You are responsible for the external design teams<\/li>\n<\/div><\/div><\/div>\n\n\n\t\t\t<div class=\"container alll-container\">\n\t\t\t\t<div class=\"alll-row row justify-content-center\">\n\t\t\t\t\t<div class=\"alll-rowInner alll-rowInner--general\">\n<li>You are responsible for the multidisciplinary technical teams<\/li>\n<\/div><\/div><\/div>\n\n\n\t\t\t<div class=\"container alll-container\">\n\t\t\t\t<div class=\"alll-row row justify-content-center\">\n\t\t\t\t\t<div class=\"alll-rowInner alll-rowInner--general\">\n<li>You manage the specifications and work on the design of plans and the study of projects<\/li>\n<\/div><\/div><\/div>\n\n\n\t\t\t<div class=\"container alll-container\">\n\t\t\t\t<div class=\"alll-row row justify-content-center\">\n\t\t\t\t\t<div class=\"alll-rowInner alll-rowInner--general\">\n<li>You define the requirements and specifications<\/li>\n<\/div><\/div><\/div>\n\n\n\t\t\t<div class=\"container alll-container\">\n\t\t\t\t<div class=\"alll-row row justify-content-center\">\n\t\t\t\t\t<div class=\"alll-rowInner alll-rowInner--general\">\n<li>You conceptualise the circuits, schematics, etc.<\/li>\n<\/div><\/div><\/div>\n\n\n\t\t\t<div class=\"container alll-container\">\n\t\t\t\t<div class=\"alll-row row justify-content-center\">\n\t\t\t\t\t<div class=\"alll-rowInner alll-rowInner--general\">\n<li>You manage several sites on a self-reliant basis, both in terms of the planning and the execution of the works, and you will carry out certain research and design duties<\/li>\n<\/div><\/div><\/div>\n\n\n\t\t\t<div class=\"container alll-container\">\n\t\t\t\t<div class=\"alll-row row justify-content-center\">\n\t\t\t\t\t<div class=\"alll-rowInner alll-rowInner--general\">\n<li>You inspect the site and the people involved, supervise the smooth running of the installations and the sites<\/li>\n<\/div><\/div><\/div>\n\n\n\t\t\t<div class=\"container alll-container\">\n\t\t\t\t<div class=\"alll-row row justify-content-center\">\n\t\t\t\t\t<div class=\"alll-rowInner alll-rowInner--general\">\n<li>You negotiate with suppliers and subcontractors<\/li>\n<\/div><\/div><\/div><\/ul>\n<\/div><\/div><\/div>\n\t\t\t<div class=\"container alll-container\">\n\t\t\t\t<div class=\"alll-row row justify-content-center\">\n\t\t\t\t\t<div class=\"alll-rowInner alll-rowInner--general\">\n\n<\/div><\/div><\/div>\n\t\t\t<div class=\"container alll-container\">\n\t\t\t\t<div class=\"alll-row row justify-content-center\">\n\t\t\t\t\t<div class=\"alll-rowInner alll-rowInner--general\">\n<h2 class=\"wp-block-heading\">Your skills<\/h2>\n<\/div><\/div><\/div>\n\t\t\t<div class=\"container alll-container\">\n\t\t\t\t<div class=\"alll-row row justify-content-center\">\n\t\t\t\t\t<div class=\"alll-rowInner alll-rowInner--general\">\n\n<\/div><\/div><\/div>\n\t\t\t<div class=\"container alll-container\">\n\t\t\t\t<div class=\"alll-row row justify-content-center\">\n\t\t\t\t\t<div class=\"alll-rowInner alll-rowInner--general\">\n<ul class=\"wp-block-list\">\n\t\t\t<div class=\"container alll-container\">\n\t\t\t\t<div class=\"alll-row row justify-content-center\">\n\t\t\t\t\t<div class=\"alll-rowInner alll-rowInner--general\">\n<li>You either hold a Master&#8217;s degree in construction engineering or have equivalent experience<\/li>\n<\/div><\/div><\/div>\n\n\n\t\t\t<div class=\"container alll-container\">\n\t\t\t\t<div class=\"alll-row row justify-content-center\">\n\t\t\t\t\t<div class=\"alll-rowInner alll-rowInner--general\">\n<li>You have at least 3 years&#8217; experience in a similar role<\/li>\n<\/div><\/div><\/div>\n\n\n\t\t\t<div class=\"container alll-container\">\n\t\t\t\t<div class=\"alll-row row justify-content-center\">\n\t\t\t\t\t<div class=\"alll-rowInner alll-rowInner--general\">\n<li>You are fluent in French, Dutch and English<\/li>\n<\/div><\/div><\/div>\n\n\n\t\t\t<div class=\"container alll-container\">\n\t\t\t\t<div class=\"alll-row row justify-content-center\">\n\t\t\t\t\t<div class=\"alll-rowInner alll-rowInner--general\">\n<li>You hold a B driving licence<\/li>\n<\/div><\/div><\/div><\/ul>\n<\/div><\/div><\/div>\n\t\t\t<div class=\"container alll-container\">\n\t\t\t\t<div class=\"alll-row row justify-content-center\">\n\t\t\t\t\t<div class=\"alll-rowInner alll-rowInner--general\">\n\n<\/div><\/div><\/div>\n\t\t\t<div class=\"container alll-container\">\n\t\t\t\t<div class=\"alll-row row justify-content-center\">\n\t\t\t\t\t<div class=\"alll-rowInner alll-rowInner--general\">\n<h2 class=\"wp-block-heading\">We offer<\/h2>\n<\/div><\/div><\/div>\n\t\t\t<div class=\"container alll-container\">\n\t\t\t\t<div class=\"alll-row row justify-content-center\">\n\t\t\t\t\t<div class=\"alll-rowInner alll-rowInner--general\">\n\n<\/div><\/div><\/div>\n\t\t\t<div class=\"container alll-container\">\n\t\t\t\t<div class=\"alll-row row justify-content-center\">\n\t\t\t\t\t<div class=\"alll-rowInner alll-rowInner--general\">\n<ul class=\"wp-block-list\">\n\t\t\t<div class=\"container alll-container\">\n\t\t\t\t<div class=\"alll-row row justify-content-center\">\n\t\t\t\t\t<div class=\"alll-rowInner alll-rowInner--general\">\n<li>A fixed-term contract<\/li>\n<\/div><\/div><\/div>\n\n\n\t\t\t<div class=\"container alll-container\">\n\t\t\t\t<div class=\"alll-row row justify-content-center\">\n\t\t\t\t\t<div class=\"alll-rowInner alll-rowInner--general\">\n<li>Full-time<\/li>\n<\/div><\/div><\/div>\n\n\n\t\t\t<div class=\"container alll-container\">\n\t\t\t\t<div class=\"alll-row row justify-content-center\">\n\t\t\t\t\t<div class=\"alll-rowInner alll-rowInner--general\">\n<li>Attractive salary package<\/li>\n<\/div><\/div><\/div>\n\n\n\t\t\t<div class=\"container alll-container\">\n\t\t\t\t<div class=\"alll-row row justify-content-center\">\n\t\t\t\t\t<div class=\"alll-rowInner alll-rowInner--general\">\n<li>You will have a company car<\/li>\n<\/div><\/div><\/div><\/ul>\n<\/div><\/div><\/div>\n\t\t\t<div class=\"container alll-container\">\n\t\t\t\t<div class=\"alll-row row justify-content-center\">\n\t\t\t\t\t<div class=\"alll-rowInner alll-rowInner--general\">\n\n<\/div><\/div><\/div>\n\t\t\t<div class=\"container alll-container\">\n\t\t\t\t<div class=\"alll-row row justify-content-center\">\n\t\t\t\t\t<div class=\"alll-rowInner alll-rowInner--general\">\n<p><\/p>\n<\/div><\/div><\/div>","protected":false},"excerpt":{"rendered":"<p>Civil engineer \/ specialising in construction engineering (site manager) Your role Your skills We offer<\/p>\n","protected":false},"author":1,"featured_media":2664,"parent":3594,"menu_order":0,"comment_status":"closed","ping_status":"closed","template":"","meta":{"_acf_changed":false,"neve_meta_sidebar":"","neve_meta_container":"","neve_meta_enable_content_width":"","neve_meta_content_width":0,"neve_meta_title_alignment":"","neve_meta_author_avatar":"","neve_post_elements_order":"","neve_meta_disable_header":"","neve_meta_disable_footer":"","neve_meta_disable_title":"","neve_meta_reading_time":"","footnotes":""},"class_list":["post-3548","page","type-page","status-publish","has-post-thumbnail","hentry"],"acf":[],"yoast_head":"<!-- This site is optimized with the Yoast SEO plugin v27.6 - https:\/\/yoast.com\/product\/yoast-seo-wordpress\/ -->\n<title>Civil engineer \/ specialising in construction engineering (manager)<\/title>\n<meta name=\"description\" content=\"Join Az\u00e9lec as a civil engineer or site manager and take charge of managing high-quality electrical projects in and around Brussels.\" \/>\n<meta name=\"robots\" content=\"index, follow, max-snippet:-1, max-image-preview:large, max-video-preview:-1\" \/>\n<link rel=\"canonical\" href=\"https:\/\/azelec.be\/en\/jobs\/civil-engineer-specialising-in-construction-engineering-site-manager\/\" \/>\n<meta property=\"og:locale\" content=\"en_US\" \/>\n<meta property=\"og:type\" content=\"article\" \/>\n<meta property=\"og:title\" content=\"Civil engineer \/ specialising in construction engineering (manager)\" \/>\n<meta property=\"og:description\" content=\"Join Az\u00e9lec as a civil engineer or site manager and take charge of managing high-quality electrical projects in and around Brussels.\" \/>\n<meta property=\"og:url\" content=\"https:\/\/azelec.be\/en\/jobs\/civil-engineer-specialising-in-construction-engineering-site-manager\/\" \/>\n<meta property=\"og:site_name\" content=\"Az\u00e9lec\" \/>\n<meta property=\"article:publisher\" content=\"https:\/\/facebook.com\/pages\/Azlec\/464300780395849\" \/>\n<meta property=\"article:modified_time\" content=\"2025-01-07T11:31:42+00:00\" \/>\n<meta property=\"og:image\" content=\"https:\/\/azelec.be\/wp-content\/uploads\/2024\/06\/accueil-1-scaled.jpg\" \/>\n\t<meta property=\"og:image:width\" content=\"2560\" \/>\n\t<meta property=\"og:image:height\" content=\"1709\" \/>\n\t<meta property=\"og:image:type\" content=\"image\/jpeg\" \/>\n<meta name=\"twitter:card\" content=\"summary_large_image\" \/>\n<meta name=\"twitter:label1\" content=\"Est. reading time\" \/>\n\t<meta name=\"twitter:data1\" content=\"2 minutes\" \/>\n<script type=\"application\/ld+json\" class=\"yoast-schema-graph\">{\"@context\":\"https:\\\/\\\/schema.org\",\"@graph\":[{\"@type\":\"WebPage\",\"@id\":\"https:\\\/\\\/azelec.be\\\/en\\\/jobs\\\/civil-engineer-specialising-in-construction-engineering-site-manager\\\/\",\"url\":\"https:\\\/\\\/azelec.be\\\/en\\\/jobs\\\/civil-engineer-specialising-in-construction-engineering-site-manager\\\/\",\"name\":\"Civil engineer \\\/ specialising in construction engineering (manager)\",\"isPartOf\":{\"@id\":\"https:\\\/\\\/azelec.be\\\/en\\\/#website\"},\"primaryImageOfPage\":{\"@id\":\"https:\\\/\\\/azelec.be\\\/en\\\/jobs\\\/civil-engineer-specialising-in-construction-engineering-site-manager\\\/#primaryimage\"},\"image\":{\"@id\":\"https:\\\/\\\/azelec.be\\\/en\\\/jobs\\\/civil-engineer-specialising-in-construction-engineering-site-manager\\\/#primaryimage\"},\"thumbnailUrl\":\"https:\\\/\\\/azelec.be\\\/wp-content\\\/uploads\\\/2024\\\/06\\\/accueil-1-scaled.jpg\",\"datePublished\":\"2024-06-17T19:20:44+00:00\",\"dateModified\":\"2025-01-07T11:31:42+00:00\",\"description\":\"Join Az\u00e9lec as a civil engineer or site manager and take charge of managing high-quality electrical projects in and around Brussels.\",\"breadcrumb\":{\"@id\":\"https:\\\/\\\/azelec.be\\\/en\\\/jobs\\\/civil-engineer-specialising-in-construction-engineering-site-manager\\\/#breadcrumb\"},\"inLanguage\":\"en-US\",\"potentialAction\":[{\"@type\":\"ReadAction\",\"target\":[\"https:\\\/\\\/azelec.be\\\/en\\\/jobs\\\/civil-engineer-specialising-in-construction-engineering-site-manager\\\/\"]}]},{\"@type\":\"ImageObject\",\"inLanguage\":\"en-US\",\"@id\":\"https:\\\/\\\/azelec.be\\\/en\\\/jobs\\\/civil-engineer-specialising-in-construction-engineering-site-manager\\\/#primaryimage\",\"url\":\"https:\\\/\\\/azelec.be\\\/wp-content\\\/uploads\\\/2024\\\/06\\\/accueil-1-scaled.jpg\",\"contentUrl\":\"https:\\\/\\\/azelec.be\\\/wp-content\\\/uploads\\\/2024\\\/06\\\/accueil-1-scaled.jpg\",\"width\":2560,\"height\":1709,\"caption\":\"Civil engineers are working on the electrical installation of a building.\"},{\"@type\":\"BreadcrumbList\",\"@id\":\"https:\\\/\\\/azelec.be\\\/en\\\/jobs\\\/civil-engineer-specialising-in-construction-engineering-site-manager\\\/#breadcrumb\",\"itemListElement\":[{\"@type\":\"ListItem\",\"position\":1,\"name\":\"Home\",\"item\":\"https:\\\/\\\/azelec.be\\\/en\\\/\"},{\"@type\":\"ListItem\",\"position\":2,\"name\":\"Jobs\",\"item\":\"https:\\\/\\\/azelec.be\\\/en\\\/jobs\\\/\"},{\"@type\":\"ListItem\",\"position\":3,\"name\":\"Civil engineer \\\/ specialising in construction engineering (site manager)\"}]},{\"@type\":\"WebSite\",\"@id\":\"https:\\\/\\\/azelec.be\\\/en\\\/#website\",\"url\":\"https:\\\/\\\/azelec.be\\\/en\\\/\",\"name\":\"Az\u00e9lec\",\"description\":\"Entreprise g\u00e9n\u00e9rale d&#039;\u00e9lectricit\u00e9 dans le secteur de la construction pour les particuliers et professionnels.\",\"publisher\":{\"@id\":\"https:\\\/\\\/azelec.be\\\/en\\\/#organization\"},\"potentialAction\":[{\"@type\":\"SearchAction\",\"target\":{\"@type\":\"EntryPoint\",\"urlTemplate\":\"https:\\\/\\\/azelec.be\\\/en\\\/?s={search_term_string}\"},\"query-input\":{\"@type\":\"PropertyValueSpecification\",\"valueRequired\":true,\"valueName\":\"search_term_string\"}}],\"inLanguage\":\"en-US\"},{\"@type\":\"Organization\",\"@id\":\"https:\\\/\\\/azelec.be\\\/en\\\/#organization\",\"name\":\"Az\u00e9lec\",\"url\":\"https:\\\/\\\/azelec.be\\\/en\\\/\",\"logo\":{\"@type\":\"ImageObject\",\"inLanguage\":\"en-US\",\"@id\":\"https:\\\/\\\/azelec.be\\\/en\\\/#\\\/schema\\\/logo\\\/image\\\/\",\"url\":\"https:\\\/\\\/azelec.be\\\/wp-content\\\/uploads\\\/2024\\\/07\\\/logo.svg\",\"contentUrl\":\"https:\\\/\\\/azelec.be\\\/wp-content\\\/uploads\\\/2024\\\/07\\\/logo.svg\",\"width\":493,\"height\":86,\"caption\":\"Az\u00e9lec\"},\"image\":{\"@id\":\"https:\\\/\\\/azelec.be\\\/en\\\/#\\\/schema\\\/logo\\\/image\\\/\"},\"sameAs\":[\"https:\\\/\\\/facebook.com\\\/pages\\\/Azlec\\\/464300780395849\",\"https:\\\/\\\/www.instagram.com\\\/azelec.be\\\/\",\"https:\\\/\\\/www.linkedin.com\\\/company\\\/3338450\",\"https:\\\/\\\/www.youtube.com\\\/channel\\\/UCElmKgi5qzaPSqJ_u3IfvHw\"]}]}<\/script>\n<!-- \/ Yoast SEO plugin. -->","yoast_head_json":{"title":"Civil engineer \/ specialising in construction engineering (manager)","description":"Join Az\u00e9lec as a civil engineer or site manager and take charge of managing high-quality electrical projects in and around Brussels.","robots":{"index":"index","follow":"follow","max-snippet":"max-snippet:-1","max-image-preview":"max-image-preview:large","max-video-preview":"max-video-preview:-1"},"canonical":"https:\/\/azelec.be\/en\/jobs\/civil-engineer-specialising-in-construction-engineering-site-manager\/","og_locale":"en_US","og_type":"article","og_title":"Civil engineer \/ specialising in construction engineering (manager)","og_description":"Join Az\u00e9lec as a civil engineer or site manager and take charge of managing high-quality electrical projects in and around Brussels.","og_url":"https:\/\/azelec.be\/en\/jobs\/civil-engineer-specialising-in-construction-engineering-site-manager\/","og_site_name":"Az\u00e9lec","article_publisher":"https:\/\/facebook.com\/pages\/Azlec\/464300780395849","article_modified_time":"2025-01-07T11:31:42+00:00","og_image":[{"width":2560,"height":1709,"url":"https:\/\/azelec.be\/wp-content\/uploads\/2024\/06\/accueil-1-scaled.jpg","type":"image\/jpeg"}],"twitter_card":"summary_large_image","twitter_misc":{"Est. reading time":"2 minutes"},"schema":{"@context":"https:\/\/schema.org","@graph":[{"@type":"WebPage","@id":"https:\/\/azelec.be\/en\/jobs\/civil-engineer-specialising-in-construction-engineering-site-manager\/","url":"https:\/\/azelec.be\/en\/jobs\/civil-engineer-specialising-in-construction-engineering-site-manager\/","name":"Civil engineer \/ specialising in construction engineering (manager)","isPartOf":{"@id":"https:\/\/azelec.be\/en\/#website"},"primaryImageOfPage":{"@id":"https:\/\/azelec.be\/en\/jobs\/civil-engineer-specialising-in-construction-engineering-site-manager\/#primaryimage"},"image":{"@id":"https:\/\/azelec.be\/en\/jobs\/civil-engineer-specialising-in-construction-engineering-site-manager\/#primaryimage"},"thumbnailUrl":"https:\/\/azelec.be\/wp-content\/uploads\/2024\/06\/accueil-1-scaled.jpg","datePublished":"2024-06-17T19:20:44+00:00","dateModified":"2025-01-07T11:31:42+00:00","description":"Join Az\u00e9lec as a civil engineer or site manager and take charge of managing high-quality electrical projects in and around Brussels.","breadcrumb":{"@id":"https:\/\/azelec.be\/en\/jobs\/civil-engineer-specialising-in-construction-engineering-site-manager\/#breadcrumb"},"inLanguage":"en-US","potentialAction":[{"@type":"ReadAction","target":["https:\/\/azelec.be\/en\/jobs\/civil-engineer-specialising-in-construction-engineering-site-manager\/"]}]},{"@type":"ImageObject","inLanguage":"en-US","@id":"https:\/\/azelec.be\/en\/jobs\/civil-engineer-specialising-in-construction-engineering-site-manager\/#primaryimage","url":"https:\/\/azelec.be\/wp-content\/uploads\/2024\/06\/accueil-1-scaled.jpg","contentUrl":"https:\/\/azelec.be\/wp-content\/uploads\/2024\/06\/accueil-1-scaled.jpg","width":2560,"height":1709,"caption":"Civil engineers are working on the electrical installation of a building."},{"@type":"BreadcrumbList","@id":"https:\/\/azelec.be\/en\/jobs\/civil-engineer-specialising-in-construction-engineering-site-manager\/#breadcrumb","itemListElement":[{"@type":"ListItem","position":1,"name":"Home","item":"https:\/\/azelec.be\/en\/"},{"@type":"ListItem","position":2,"name":"Jobs","item":"https:\/\/azelec.be\/en\/jobs\/"},{"@type":"ListItem","position":3,"name":"Civil engineer \/ specialising in construction engineering (site manager)"}]},{"@type":"WebSite","@id":"https:\/\/azelec.be\/en\/#website","url":"https:\/\/azelec.be\/en\/","name":"Az\u00e9lec","description":"Entreprise g\u00e9n\u00e9rale d&#039;\u00e9lectricit\u00e9 dans le secteur de la construction pour les particuliers et professionnels.","publisher":{"@id":"https:\/\/azelec.be\/en\/#organization"},"potentialAction":[{"@type":"SearchAction","target":{"@type":"EntryPoint","urlTemplate":"https:\/\/azelec.be\/en\/?s={search_term_string}"},"query-input":{"@type":"PropertyValueSpecification","valueRequired":true,"valueName":"search_term_string"}}],"inLanguage":"en-US"},{"@type":"Organization","@id":"https:\/\/azelec.be\/en\/#organization","name":"Az\u00e9lec","url":"https:\/\/azelec.be\/en\/","logo":{"@type":"ImageObject","inLanguage":"en-US","@id":"https:\/\/azelec.be\/en\/#\/schema\/logo\/image\/","url":"https:\/\/azelec.be\/wp-content\/uploads\/2024\/07\/logo.svg","contentUrl":"https:\/\/azelec.be\/wp-content\/uploads\/2024\/07\/logo.svg","width":493,"height":86,"caption":"Az\u00e9lec"},"image":{"@id":"https:\/\/azelec.be\/en\/#\/schema\/logo\/image\/"},"sameAs":["https:\/\/facebook.com\/pages\/Azlec\/464300780395849","https:\/\/www.instagram.com\/azelec.be\/","https:\/\/www.linkedin.com\/company\/3338450","https:\/\/www.youtube.com\/channel\/UCElmKgi5qzaPSqJ_u3IfvHw"]}]}},"_links":{"self":[{"href":"https:\/\/azelec.be\/en\/wp-json\/wp\/v2\/pages\/3548","targetHints":{"allow":["GET"]}}],"collection":[{"href":"https:\/\/azelec.be\/en\/wp-json\/wp\/v2\/pages"}],"about":[{"href":"https:\/\/azelec.be\/en\/wp-json\/wp\/v2\/types\/page"}],"author":[{"embeddable":true,"href":"https:\/\/azelec.be\/en\/wp-json\/wp\/v2\/users\/1"}],"replies":[{"embeddable":true,"href":"https:\/\/azelec.be\/en\/wp-json\/wp\/v2\/comments?post=3548"}],"version-history":[{"count":0,"href":"https:\/\/azelec.be\/en\/wp-json\/wp\/v2\/pages\/3548\/revisions"}],"up":[{"embeddable":true,"href":"https:\/\/azelec.be\/en\/wp-json\/wp\/v2\/pages\/3594"}],"wp:featuredmedia":[{"embeddable":true,"href":"https:\/\/azelec.be\/en\/wp-json\/wp\/v2\/media\/2664"}],"wp:attachment":[{"href":"https:\/\/azelec.be\/en\/wp-json\/wp\/v2\/media?parent=3548"}],"curies":[{"name":"wp","href":"https:\/\/api.w.org\/{rel}","templated":true}]}}