{"id":3604,"date":"2024-05-27T14:30:04","date_gmt":"2024-05-27T12:30:04","guid":{"rendered":"https:\/\/azelec.be\/services\/ventilation-mecanique-controlee\/"},"modified":"2026-02-12T20:11:43","modified_gmt":"2026-02-12T19:11:43","slug":"controlled-mechanical-ventilation","status":"publish","type":"page","link":"https:\/\/azelec.be\/en\/services\/controlled-mechanical-ventilation\/","title":{"rendered":"CMV"},"content":{"rendered":"\n\t\t\t<div class=\"container alll-container\">\n\t\t\t\t<div class=\"alll-row row justify-content-center\">\n\t\t\t\t\t<div class=\"alll-rowInner alll-rowInner--general\">\n<h1 class=\"wp-block-heading\"><strong>Good-quality air<\/strong> thanks to ventilation system<\/h1>\n<\/div><\/div><\/div>\n\t\t\t<div class=\"container alll-container\">\n\t\t\t\t<div class=\"alll-row row justify-content-center\">\n\t\t\t\t\t<div class=\"alll-rowInner alll-rowInner--general\">\n\n<\/div><\/div><\/div>\n\t\t\t<div class=\"container alll-container\">\n\t\t\t\t<div class=\"alll-row row justify-content-center\">\n\t\t\t\t\t<div class=\"alll-rowInner alll-rowInner--general\">\n<p><em>Install a ventilation system in your home and enjoy a healthy, comfortable and energy-efficient indoor climate!<\/em><\/p>\n<\/div><\/div><\/div>\n\t\t\t<div class=\"container alll-container\">\n\t\t\t\t<div class=\"alll-row row justify-content-center\">\n\t\t\t\t\t<div class=\"alll-rowInner alll-rowInner--general\">\n\n<\/div><\/div><\/div><div class=\"container-xxl\"><div class=\"row justify-content-center\"><div class=\"alll-rowInner alll-rowInner--side\">\n\n\n\n\n\n\n\n\n    <div class=\"m-flexible animated fadeInUp animate__slow m-flexible--sideBySide \" id=\"js-sideBySide-block_d2e2593b31270d10e696750fe999fd00\" >\n\n        <div class=\"m-flexible--sideBySide__child \">\n\n            <div class=\"m-flexible--sideBySide__body row justify-content-left\">\n\n                <div class=\"m-flexible--sideBySide__inception m-flexible--sideBySide__inception--img col-xxxl-6 col-xl-6 col-lg-12 col-md-12 col-sm-12 \">\n\n                    \n                    <img decoding=\"async\"   \n        width=\"500\"  height=\"190\" \n        src=\"https:\/\/azelec.be\/wp-content\/uploads\/2024\/10\/shutterstock_2211549217-500x190.jpg\" \n        srcset=\"https:\/\/azelec.be\/wp-content\/uploads\/2024\/10\/shutterstock_2211549217-500x190.jpg 500w, https:\/\/azelec.be\/wp-content\/uploads\/2024\/10\/shutterstock_2211549217-1000x385.jpg 1000w, https:\/\/azelec.be\/wp-content\/uploads\/2024\/10\/shutterstock_2211549217-2000x770.jpg 2000w\" \n        sizes=\"(max-width: 1199px) 100vw, 50vw\"  \n        alt=\"Family enjoying good quality air.\"\n    \/>\n                <\/div>\n\n                <div class=\"m-flexible--sideBySide__inception m-flexible--sideBySide__inception--content col-xxl-4 col-xl-5 col-lg-12 col-md-12 col-sm-12 \">\n\n                                                                                <h2 class=\"\">Ventilation in your home ensures <strong> healthy air at all times<\/strong><\/h2>                        \n                                                    <p>Throwing the windows wide open to air everything is also a solution, but it is not always comfortable r very effective and can cool or heat up your home considerably. Yet good air quality at all times is vital for human beings, which is why it is important to have a good ventilation system. There are two types of controlled mechanical ventilation (CMV) systems: single-flow and double-flow.<\/p>\n                        \n                        \n                        \n\n                <\/div><!-- \/sideBySide__inception -->\n\n            <\/div><!-- \/sideBySide body -->\n\n        <\/div><!-- \/sideBySide child -->\n\n    <\/div><!-- \/sideBySide flexible -->\n\n\n<\/div><\/div><\/div>\n\t\t\t<div class=\"container alll-container\">\n\t\t\t\t<div class=\"alll-row row justify-content-center\">\n\t\t\t\t\t<div class=\"alll-rowInner alll-rowInner--general\">\n\n<\/div><\/div><\/div><div class=\"container-xxl\"><div class=\"row justify-content-center\"><div class=\"alll-rowInner alll-rowInner--side\">\n\n\n\n\n\n\n\n\n    <div class=\"m-flexible animated fadeInUp animate__slow m-flexible--sideBySide \" id=\"js-sideBySide-block_03c79d3a78acaf572065a1d08ed89e85\" >\n\n        <div class=\"m-flexible--sideBySide__child \">\n\n            <div class=\"m-flexible--sideBySide__body row justify-content-left\">\n\n                <div class=\"m-flexible--sideBySide__inception m-flexible--sideBySide__inception--img col-xxxl-6 col-xl-6 col-lg-12 col-md-12 col-sm-12 order-xl-last\">\n\n                    \n                    <img decoding=\"async\"   \n        width=\"500\"  height=\"190\" \n        src=\"https:\/\/azelec.be\/wp-content\/uploads\/2024\/10\/shutterstock_199870871-500x190.jpg\" \n        srcset=\"https:\/\/azelec.be\/wp-content\/uploads\/2024\/10\/shutterstock_199870871-500x190.jpg 500w, https:\/\/azelec.be\/wp-content\/uploads\/2024\/10\/shutterstock_199870871-1000x385.jpg 1000w, https:\/\/azelec.be\/wp-content\/uploads\/2024\/10\/shutterstock_199870871-2000x770.jpg 2000w\" \n        sizes=\"(max-width: 1199px) 100vw, 50vw\"  \n        alt=\"Family opening the door to their home.\"\n    \/>\n                <\/div>\n\n                <div class=\"m-flexible--sideBySide__inception m-flexible--sideBySide__inception--content col-xxl-4 col-xl-5 col-lg-12 col-md-12 col-sm-12  order-xl-first offset-xxl-1\">\n\n                                                                                <h2 class=\"\"><strong>Controlled mechanical<\/strong> ventilation (cmv)<\/h2>                        \n                                                    <p>Whichever type of controlled mechanical ventilation you install, it will give you an economical way of gently and permanently refreshing the air in your home, whilst reducing heat loss by 50% compared with traditional ventilation.<\/p>\n<p>Benefits of the CMV system:<\/p>\n<ul>\n<li>A permanent supply of fresh air ensures a constant supply of oxygen to the home<\/li>\n<li>The air inside the home is purified<\/li>\n<li>Relative humidity is controlled within the home\u2019s comfort zone<\/li>\n<li>Odours and vapours are eliminated by the supply of fresh air into the home<\/li>\n<\/ul>\n                        \n                        \n                        \n\n                <\/div><!-- \/sideBySide__inception -->\n\n            <\/div><!-- \/sideBySide body -->\n\n        <\/div><!-- \/sideBySide child -->\n\n    <\/div><!-- \/sideBySide flexible -->\n\n\n<\/div><\/div><\/div>\n\t\t\t<div class=\"container alll-container\">\n\t\t\t\t<div class=\"alll-row row justify-content-center\">\n\t\t\t\t\t<div class=\"alll-rowInner alll-rowInner--general\">\n\n<\/div><\/div><\/div><div class=\"container-xxl\"><div class=\"row justify-content-center\"><div class=\"alll-rowInner alll-rowInner--side\">\n\n\n\n\n\n\n\n\n    <div class=\"m-flexible animated fadeInUp animate__slow m-flexible--sideBySide \" id=\"js-sideBySide-block_b2ae4daa12dcdb14074cd7f5fe23c75c\" >\n\n        <div class=\"m-flexible--sideBySide__child \">\n\n            <div class=\"m-flexible--sideBySide__body row justify-content-left\">\n\n                <div class=\"m-flexible--sideBySide__inception m-flexible--sideBySide__inception--img col-xxxl-6 col-xl-6 col-lg-12 col-md-12 col-sm-12 \">\n\n                    \n                    <img decoding=\"async\"   \n        width=\"500\"  height=\"190\" \n        src=\"https:\/\/azelec.be\/wp-content\/uploads\/2024\/10\/shutterstock_2528955993-500x190.jpg\" \n        srcset=\"https:\/\/azelec.be\/wp-content\/uploads\/2024\/10\/shutterstock_2528955993-500x190.jpg 500w, https:\/\/azelec.be\/wp-content\/uploads\/2024\/10\/shutterstock_2528955993-1000x385.jpg 1000w, https:\/\/azelec.be\/wp-content\/uploads\/2024\/10\/shutterstock_2528955993-2000x770.jpg 2000w\" \n        sizes=\"(max-width: 1199px) 100vw, 50vw\"  \n        alt=\"Purified air thanks to the CMV system.\"\n    \/>\n                <\/div>\n\n                <div class=\"m-flexible--sideBySide__inception m-flexible--sideBySide__inception--content col-xxl-4 col-xl-5 col-lg-12 col-md-12 col-sm-12 \">\n\n                                                                                <h2 class=\"\"><strong>Single-flow ventilation<\/strong> type C<\/h2>                        \n                                                    <p>The single-flow ventilation system refreshes the air in your home by extracting indoor air via an electric extractor and bringing in \u201cfresh\u201d outdoor air via ventilation grilles in the frames\/walls.<\/p>\n<p>Benefits of single-flow ventilation:<\/p>\n<ul>\n<li>Low power consumption<\/li>\n<li>Inexpensive compared with double-flow CMV<\/li>\n<li>Easy to maintain<\/li>\n<li>Less heat loss<\/li>\n<\/ul>\n                        \n                        \n                        \n\n                <\/div><!-- \/sideBySide__inception -->\n\n            <\/div><!-- \/sideBySide body -->\n\n        <\/div><!-- \/sideBySide child -->\n\n    <\/div><!-- \/sideBySide flexible -->\n\n\n<\/div><\/div><\/div>\n\t\t\t<div class=\"container alll-container\">\n\t\t\t\t<div class=\"alll-row row justify-content-center\">\n\t\t\t\t\t<div class=\"alll-rowInner alll-rowInner--general\">\n\n<\/div><\/div><\/div><div class=\"container-xxl\"><div class=\"row justify-content-center\"><div class=\"alll-rowInner alll-rowInner--side\">\n\n\n\n\n\n\n\n\n    <div class=\"m-flexible animated fadeInUp animate__slow m-flexible--sideBySide \" id=\"js-sideBySide-block_a023475e1a78a99d3435caa4605c8825\" >\n\n        <div class=\"m-flexible--sideBySide__child \">\n\n            <div class=\"m-flexible--sideBySide__body row justify-content-left\">\n\n                <div class=\"m-flexible--sideBySide__inception m-flexible--sideBySide__inception--img col-xxxl-6 col-xl-6 col-lg-12 col-md-12 col-sm-12 order-xl-last\">\n\n                    \n                    <img decoding=\"async\"   \n        width=\"500\"  height=\"190\" \n        src=\"https:\/\/azelec.be\/wp-content\/uploads\/2024\/10\/shutterstock_1451195096-500x190.jpg\" \n        srcset=\"https:\/\/azelec.be\/wp-content\/uploads\/2024\/10\/shutterstock_1451195096-500x190.jpg 500w, https:\/\/azelec.be\/wp-content\/uploads\/2024\/10\/shutterstock_1451195096-1000x385.jpg 1000w, https:\/\/azelec.be\/wp-content\/uploads\/2024\/10\/shutterstock_1451195096-2000x770.jpg 2000w\" \n        sizes=\"(max-width: 1199px) 100vw, 50vw\"  \n        alt=\"Purified air thanks to the ventilation system.\"\n    \/>\n                <\/div>\n\n                <div class=\"m-flexible--sideBySide__inception m-flexible--sideBySide__inception--content col-xxl-4 col-xl-5 col-lg-12 col-md-12 col-sm-12  order-xl-first offset-xxl-1\">\n\n                                                                                <h2 class=\"\"><strong>Double-flow ventilation<\/strong> type D<\/h2>                        \n                                                    <p>The dual-flow ventilation system is designed to provide the home with an optimum level of comfort, offering a host of benefits to occupants.<\/p>\n<p><span data-contrast=\"none\">Benefits of the double-flow system:<\/span><span data-ccp-props=\"{&quot;201341983&quot;:0,&quot;335559739&quot;:0,&quot;335559740&quot;:240}\">\u00a0<\/span><\/p>\n<ul>\n<li>The oxygen supply in the home is guaranteed by a constant supply of fresh air<\/li>\n<li>The air in the home is purified<\/li>\n<li>Relative humidity is controlled within the home\u2019s comfort zone<\/li>\n<li>Odours and vapours are ongoingly removed from the home<\/li>\n<li>The user saves considerably on heating costs thanks to heat recovery<\/li>\n<\/ul>\n                        \n                        \n                        \n\n                <\/div><!-- \/sideBySide__inception -->\n\n            <\/div><!-- \/sideBySide body -->\n\n        <\/div><!-- \/sideBySide child -->\n\n    <\/div><!-- \/sideBySide flexible -->\n\n\n<\/div><\/div><\/div>\n\t\t\t<div class=\"container alll-container\">\n\t\t\t\t<div class=\"alll-row row justify-content-center\">\n\t\t\t\t\t<div class=\"alll-rowInner alll-rowInner--general\">\n\n<\/div><\/div><\/div>\n\t\t\t<div class=\"container alll-container\">\n\t\t\t\t<div class=\"alll-row row justify-content-center\">\n\t\t\t\t\t<div class=\"alll-rowInner alll-rowInner--general\">\n\n\n\n\n\n    <div class=\"m-flexible animated fadeInUp animate__slow m-flexible m-flexible--ctaButtons  m-txt--center \" id=\"js-ctaButtons-block_c2c43c3c58cb37458c038cdae952fb06\">\n\n        <div class=\"m-flexible--ctaButtons__child container\">\n\n            <div class=\"m-flexible--ctaButtons__body row justify-content-center\">\n\n                <div class=\"m-flexible--ctaButtons__inception col-10 col-lg-8 col-md-6 col-sm-4\">\n\n                        \n                        \n                        \n                        \n                            <div class=\"m-actionContainer\">\n\n                                 \n\n                                <a \n                                    href=\"https:\/\/azelec.be\/en\/quote-request\/\" \n\n                                    data-event=\"az_intent_cta_click\" data-cta-position=\"end_of_page\" data-lang=\"en\" data-page-type=\"service\" data-cta-type=\"quote\"\n                                    class=\"\n                                    m-action\">\n                                    <span>Request a quote<\/span>\n                                <\/a>\n\n                            <\/div><!-- \/actionContainer -->\n\n                        \n\n                <\/div><!-- \/ctaButtons__inception -->\n\n            <\/div><!-- \/ctaButtons body -->\n\n        <\/div><!-- \/ctaButtons child -->\n\n    <\/div><!-- \/ctaButtons flexible -->\n\n<\/div><\/div><\/div>","protected":false},"excerpt":{"rendered":"<p>Good-quality air thanks to ventilation system Install a ventilation system in your home and enjoy a healthy, comfortable and energy-efficient indoor climate!<\/p>\n","protected":false},"author":1,"featured_media":3282,"parent":3490,"menu_order":7,"comment_status":"closed","ping_status":"closed","template":"","meta":{"_acf_changed":false,"neve_meta_sidebar":"","neve_meta_container":"","neve_meta_enable_content_width":"","neve_meta_content_width":0,"neve_meta_title_alignment":"","neve_meta_author_avatar":"","neve_post_elements_order":"","neve_meta_disable_header":"","neve_meta_disable_footer":"","neve_meta_disable_title":"","neve_meta_reading_time":"","footnotes":""},"class_list":["post-3604","page","type-page","status-publish","has-post-thumbnail","hentry"],"acf":[],"yoast_head":"<!-- This site is optimized with the Yoast SEO plugin v27.4 - https:\/\/yoast.com\/product\/yoast-seo-wordpress\/ -->\n<title>Controlled mechanical ventilation: good quality air<\/title>\n<meta name=\"description\" content=\"Az\u00e9lec installs controlled mechanical ventilation (VMC) systems to ensure healthy and energy-efficient indoor air.\" \/>\n<meta name=\"robots\" content=\"index, follow, max-snippet:-1, max-image-preview:large, max-video-preview:-1\" \/>\n<link rel=\"canonical\" href=\"https:\/\/azelec.be\/en\/services\/controlled-mechanical-ventilation\/\" \/>\n<meta property=\"og:locale\" content=\"en_US\" \/>\n<meta property=\"og:type\" content=\"article\" \/>\n<meta property=\"og:title\" content=\"Controlled mechanical ventilation: good quality air\" \/>\n<meta property=\"og:description\" content=\"Az\u00e9lec installs controlled mechanical ventilation (VMC) systems to ensure healthy and energy-efficient indoor air.\" \/>\n<meta property=\"og:url\" content=\"https:\/\/azelec.be\/en\/services\/controlled-mechanical-ventilation\/\" \/>\n<meta property=\"og:site_name\" content=\"Az\u00e9lec\" \/>\n<meta property=\"article:publisher\" content=\"https:\/\/facebook.com\/pages\/Azlec\/464300780395849\" \/>\n<meta property=\"article:modified_time\" content=\"2026-02-12T19:11:43+00:00\" \/>\n<meta property=\"og:image\" content=\"https:\/\/azelec.be\/wp-content\/uploads\/2024\/10\/shutterstock_568264195-scaled.jpg\" \/>\n\t<meta property=\"og:image:width\" content=\"2560\" \/>\n\t<meta property=\"og:image:height\" content=\"1709\" \/>\n\t<meta property=\"og:image:type\" content=\"image\/jpeg\" \/>\n<meta name=\"twitter:card\" content=\"summary_large_image\" \/>\n<meta name=\"twitter:label1\" content=\"Est. reading time\" \/>\n\t<meta name=\"twitter:data1\" content=\"1 minute\" \/>\n<script type=\"application\/ld+json\" class=\"yoast-schema-graph\">{\"@context\":\"https:\\\/\\\/schema.org\",\"@graph\":[{\"@type\":\"WebPage\",\"@id\":\"https:\\\/\\\/azelec.be\\\/en\\\/services\\\/controlled-mechanical-ventilation\\\/\",\"url\":\"https:\\\/\\\/azelec.be\\\/en\\\/services\\\/controlled-mechanical-ventilation\\\/\",\"name\":\"Controlled mechanical ventilation: good quality air\",\"isPartOf\":{\"@id\":\"https:\\\/\\\/azelec.be\\\/en\\\/#website\"},\"primaryImageOfPage\":{\"@id\":\"https:\\\/\\\/azelec.be\\\/en\\\/services\\\/controlled-mechanical-ventilation\\\/#primaryimage\"},\"image\":{\"@id\":\"https:\\\/\\\/azelec.be\\\/en\\\/services\\\/controlled-mechanical-ventilation\\\/#primaryimage\"},\"thumbnailUrl\":\"https:\\\/\\\/azelec.be\\\/wp-content\\\/uploads\\\/2024\\\/10\\\/shutterstock_568264195-scaled.jpg\",\"datePublished\":\"2024-05-27T12:30:04+00:00\",\"dateModified\":\"2026-02-12T19:11:43+00:00\",\"description\":\"Az\u00e9lec installs controlled mechanical ventilation (VMC) systems to ensure healthy and energy-efficient indoor air.\",\"breadcrumb\":{\"@id\":\"https:\\\/\\\/azelec.be\\\/en\\\/services\\\/controlled-mechanical-ventilation\\\/#breadcrumb\"},\"inLanguage\":\"en-US\",\"potentialAction\":[{\"@type\":\"ReadAction\",\"target\":[\"https:\\\/\\\/azelec.be\\\/en\\\/services\\\/controlled-mechanical-ventilation\\\/\"]}]},{\"@type\":\"ImageObject\",\"inLanguage\":\"en-US\",\"@id\":\"https:\\\/\\\/azelec.be\\\/en\\\/services\\\/controlled-mechanical-ventilation\\\/#primaryimage\",\"url\":\"https:\\\/\\\/azelec.be\\\/wp-content\\\/uploads\\\/2024\\\/10\\\/shutterstock_568264195-scaled.jpg\",\"contentUrl\":\"https:\\\/\\\/azelec.be\\\/wp-content\\\/uploads\\\/2024\\\/10\\\/shutterstock_568264195-scaled.jpg\",\"width\":2560,\"height\":1709,\"caption\":\"Analysis of plans of a dwelling for the installation of CMV.\"},{\"@type\":\"BreadcrumbList\",\"@id\":\"https:\\\/\\\/azelec.be\\\/en\\\/services\\\/controlled-mechanical-ventilation\\\/#breadcrumb\",\"itemListElement\":[{\"@type\":\"ListItem\",\"position\":1,\"name\":\"Home\",\"item\":\"https:\\\/\\\/azelec.be\\\/en\\\/\"},{\"@type\":\"ListItem\",\"position\":2,\"name\":\"Our services\",\"item\":\"https:\\\/\\\/azelec.be\\\/en\\\/services\\\/\"},{\"@type\":\"ListItem\",\"position\":3,\"name\":\"CMV\"}]},{\"@type\":\"WebSite\",\"@id\":\"https:\\\/\\\/azelec.be\\\/en\\\/#website\",\"url\":\"https:\\\/\\\/azelec.be\\\/en\\\/\",\"name\":\"Az\u00e9lec\",\"description\":\"Entreprise g\u00e9n\u00e9rale d&#039;\u00e9lectricit\u00e9 dans le secteur de la construction pour les particuliers et professionnels.\",\"publisher\":{\"@id\":\"https:\\\/\\\/azelec.be\\\/en\\\/#organization\"},\"potentialAction\":[{\"@type\":\"SearchAction\",\"target\":{\"@type\":\"EntryPoint\",\"urlTemplate\":\"https:\\\/\\\/azelec.be\\\/en\\\/?s={search_term_string}\"},\"query-input\":{\"@type\":\"PropertyValueSpecification\",\"valueRequired\":true,\"valueName\":\"search_term_string\"}}],\"inLanguage\":\"en-US\"},{\"@type\":\"Organization\",\"@id\":\"https:\\\/\\\/azelec.be\\\/en\\\/#organization\",\"name\":\"Az\u00e9lec\",\"url\":\"https:\\\/\\\/azelec.be\\\/en\\\/\",\"logo\":{\"@type\":\"ImageObject\",\"inLanguage\":\"en-US\",\"@id\":\"https:\\\/\\\/azelec.be\\\/en\\\/#\\\/schema\\\/logo\\\/image\\\/\",\"url\":\"https:\\\/\\\/azelec.be\\\/wp-content\\\/uploads\\\/2024\\\/07\\\/logo.svg\",\"contentUrl\":\"https:\\\/\\\/azelec.be\\\/wp-content\\\/uploads\\\/2024\\\/07\\\/logo.svg\",\"width\":493,\"height\":86,\"caption\":\"Az\u00e9lec\"},\"image\":{\"@id\":\"https:\\\/\\\/azelec.be\\\/en\\\/#\\\/schema\\\/logo\\\/image\\\/\"},\"sameAs\":[\"https:\\\/\\\/facebook.com\\\/pages\\\/Azlec\\\/464300780395849\",\"https:\\\/\\\/www.instagram.com\\\/azelec.be\\\/\",\"https:\\\/\\\/www.linkedin.com\\\/company\\\/3338450\",\"https:\\\/\\\/www.youtube.com\\\/channel\\\/UCElmKgi5qzaPSqJ_u3IfvHw\"]}]}<\/script>\n<!-- \/ Yoast SEO plugin. -->","yoast_head_json":{"title":"Controlled mechanical ventilation: good quality air","description":"Az\u00e9lec installs controlled mechanical ventilation (VMC) systems to ensure healthy and energy-efficient indoor air.","robots":{"index":"index","follow":"follow","max-snippet":"max-snippet:-1","max-image-preview":"max-image-preview:large","max-video-preview":"max-video-preview:-1"},"canonical":"https:\/\/azelec.be\/en\/services\/controlled-mechanical-ventilation\/","og_locale":"en_US","og_type":"article","og_title":"Controlled mechanical ventilation: good quality air","og_description":"Az\u00e9lec installs controlled mechanical ventilation (VMC) systems to ensure healthy and energy-efficient indoor air.","og_url":"https:\/\/azelec.be\/en\/services\/controlled-mechanical-ventilation\/","og_site_name":"Az\u00e9lec","article_publisher":"https:\/\/facebook.com\/pages\/Azlec\/464300780395849","article_modified_time":"2026-02-12T19:11:43+00:00","og_image":[{"width":2560,"height":1709,"url":"https:\/\/azelec.be\/wp-content\/uploads\/2024\/10\/shutterstock_568264195-scaled.jpg","type":"image\/jpeg"}],"twitter_card":"summary_large_image","twitter_misc":{"Est. reading time":"1 minute"},"schema":{"@context":"https:\/\/schema.org","@graph":[{"@type":"WebPage","@id":"https:\/\/azelec.be\/en\/services\/controlled-mechanical-ventilation\/","url":"https:\/\/azelec.be\/en\/services\/controlled-mechanical-ventilation\/","name":"Controlled mechanical ventilation: good quality air","isPartOf":{"@id":"https:\/\/azelec.be\/en\/#website"},"primaryImageOfPage":{"@id":"https:\/\/azelec.be\/en\/services\/controlled-mechanical-ventilation\/#primaryimage"},"image":{"@id":"https:\/\/azelec.be\/en\/services\/controlled-mechanical-ventilation\/#primaryimage"},"thumbnailUrl":"https:\/\/azelec.be\/wp-content\/uploads\/2024\/10\/shutterstock_568264195-scaled.jpg","datePublished":"2024-05-27T12:30:04+00:00","dateModified":"2026-02-12T19:11:43+00:00","description":"Az\u00e9lec installs controlled mechanical ventilation (VMC) systems to ensure healthy and energy-efficient indoor air.","breadcrumb":{"@id":"https:\/\/azelec.be\/en\/services\/controlled-mechanical-ventilation\/#breadcrumb"},"inLanguage":"en-US","potentialAction":[{"@type":"ReadAction","target":["https:\/\/azelec.be\/en\/services\/controlled-mechanical-ventilation\/"]}]},{"@type":"ImageObject","inLanguage":"en-US","@id":"https:\/\/azelec.be\/en\/services\/controlled-mechanical-ventilation\/#primaryimage","url":"https:\/\/azelec.be\/wp-content\/uploads\/2024\/10\/shutterstock_568264195-scaled.jpg","contentUrl":"https:\/\/azelec.be\/wp-content\/uploads\/2024\/10\/shutterstock_568264195-scaled.jpg","width":2560,"height":1709,"caption":"Analysis of plans of a dwelling for the installation of CMV."},{"@type":"BreadcrumbList","@id":"https:\/\/azelec.be\/en\/services\/controlled-mechanical-ventilation\/#breadcrumb","itemListElement":[{"@type":"ListItem","position":1,"name":"Home","item":"https:\/\/azelec.be\/en\/"},{"@type":"ListItem","position":2,"name":"Our services","item":"https:\/\/azelec.be\/en\/services\/"},{"@type":"ListItem","position":3,"name":"CMV"}]},{"@type":"WebSite","@id":"https:\/\/azelec.be\/en\/#website","url":"https:\/\/azelec.be\/en\/","name":"Az\u00e9lec","description":"Entreprise g\u00e9n\u00e9rale d&#039;\u00e9lectricit\u00e9 dans le secteur de la construction pour les particuliers et professionnels.","publisher":{"@id":"https:\/\/azelec.be\/en\/#organization"},"potentialAction":[{"@type":"SearchAction","target":{"@type":"EntryPoint","urlTemplate":"https:\/\/azelec.be\/en\/?s={search_term_string}"},"query-input":{"@type":"PropertyValueSpecification","valueRequired":true,"valueName":"search_term_string"}}],"inLanguage":"en-US"},{"@type":"Organization","@id":"https:\/\/azelec.be\/en\/#organization","name":"Az\u00e9lec","url":"https:\/\/azelec.be\/en\/","logo":{"@type":"ImageObject","inLanguage":"en-US","@id":"https:\/\/azelec.be\/en\/#\/schema\/logo\/image\/","url":"https:\/\/azelec.be\/wp-content\/uploads\/2024\/07\/logo.svg","contentUrl":"https:\/\/azelec.be\/wp-content\/uploads\/2024\/07\/logo.svg","width":493,"height":86,"caption":"Az\u00e9lec"},"image":{"@id":"https:\/\/azelec.be\/en\/#\/schema\/logo\/image\/"},"sameAs":["https:\/\/facebook.com\/pages\/Azlec\/464300780395849","https:\/\/www.instagram.com\/azelec.be\/","https:\/\/www.linkedin.com\/company\/3338450","https:\/\/www.youtube.com\/channel\/UCElmKgi5qzaPSqJ_u3IfvHw"]}]}},"_links":{"self":[{"href":"https:\/\/azelec.be\/en\/wp-json\/wp\/v2\/pages\/3604","targetHints":{"allow":["GET"]}}],"collection":[{"href":"https:\/\/azelec.be\/en\/wp-json\/wp\/v2\/pages"}],"about":[{"href":"https:\/\/azelec.be\/en\/wp-json\/wp\/v2\/types\/page"}],"author":[{"embeddable":true,"href":"https:\/\/azelec.be\/en\/wp-json\/wp\/v2\/users\/1"}],"replies":[{"embeddable":true,"href":"https:\/\/azelec.be\/en\/wp-json\/wp\/v2\/comments?post=3604"}],"version-history":[{"count":0,"href":"https:\/\/azelec.be\/en\/wp-json\/wp\/v2\/pages\/3604\/revisions"}],"up":[{"embeddable":true,"href":"https:\/\/azelec.be\/en\/wp-json\/wp\/v2\/pages\/3490"}],"wp:featuredmedia":[{"embeddable":true,"href":"https:\/\/azelec.be\/en\/wp-json\/wp\/v2\/media\/3282"}],"wp:attachment":[{"href":"https:\/\/azelec.be\/en\/wp-json\/wp\/v2\/media?parent=3604"}],"curies":[{"name":"wp","href":"https:\/\/api.w.org\/{rel}","templated":true}]}}