{"id":3485,"date":"2024-08-22T09:15:40","date_gmt":"2024-08-22T07:15:40","guid":{"rendered":"https:\/\/azelec.be\/depannage\/"},"modified":"2026-02-19T08:18:09","modified_gmt":"2026-02-19T07:18:09","slug":"probleemoplossing","status":"publish","type":"page","link":"https:\/\/azelec.be\/nl\/diensten\/probleemoplossing\/","title":{"rendered":"Probleemoplossing"},"content":{"rendered":"\n\t\t\t<div class=\"container alll-container\">\n\t\t\t\t<div class=\"alll-row row justify-content-center\">\n\t\t\t\t\t<div class=\"alll-rowInner alll-rowInner--general\">\n<h1 class=\"wp-block-heading has-text-align-center\">Hinder door een <strong>stroomstoring<\/strong>? Een paar tips<\/h1>\n<\/div><\/div><\/div>\n\t\t\t<div class=\"container alll-container\">\n\t\t\t\t<div class=\"alll-row row justify-content-center\">\n\t\t\t\t\t<div class=\"alll-rowInner alll-rowInner--general\">\n\n<\/div><\/div><\/div>\n\t\t\t<div class=\"container alll-container\">\n\t\t\t\t<div class=\"alll-row row justify-content-center\">\n\t\t\t\t\t<div class=\"alll-rowInner alll-rowInner--general\">\n<p class=\"has-text-align-center\"><em>Stroomuitval, storing, kortsluiting of overbelasting? Hier zijn een paar tips om u te helpen de oorzaak van het probleem te vinden en de juiste acties te ondernemen.<\/em><\/p>\n<\/div><\/div><\/div>\n\t\t\t<div class=\"container alll-container\">\n\t\t\t\t<div class=\"alll-row row justify-content-center\">\n\t\t\t\t\t<div class=\"alll-rowInner alll-rowInner--general\">\n\n<\/div><\/div><\/div><div class=\"container-xxl\"><div class=\"row justify-content-center\"><div class=\"alll-rowInner alll-rowInner--side\">\n\n\n\n\n\n\n\n\n    <div class=\"m-flexible animated fadeInUp animate__slow m-flexible--sideBySide \" id=\"js-sideBySide-block_1d3b623903e1865adc34f916e199f467\" >\n\n        <div class=\"m-flexible--sideBySide__child \">\n\n            <div class=\"m-flexible--sideBySide__body row justify-content-left\">\n\n                <div class=\"m-flexible--sideBySide__inception m-flexible--sideBySide__inception--img col-xxxl-6 col-xl-6 col-lg-12 col-md-12 col-sm-12 \">\n\n                    \n                    <img decoding=\"async\"   \n        width=\"500\"  height=\"190\" \n        src=\"https:\/\/azelec.be\/wp-content\/uploads\/2024\/10\/shutterstock_2437561555-2-scaled-e1729935673438-500x190.jpg\" \n        srcset=\"https:\/\/azelec.be\/wp-content\/uploads\/2024\/10\/shutterstock_2437561555-2-scaled-e1729935673438-500x190.jpg 500w, https:\/\/azelec.be\/wp-content\/uploads\/2024\/10\/shutterstock_2437561555-2-scaled-e1729935673438-1000x385.jpg 1000w, https:\/\/azelec.be\/wp-content\/uploads\/2024\/10\/shutterstock_2437561555-2-scaled-e1729935673438-2000x770.jpg 2000w\" \n        sizes=\"(max-width: 1199px) 100vw, 50vw\"  \n        alt=\"Tussenkomst bij een reparatie.\"\n    \/>\n                <\/div>\n\n                <div class=\"m-flexible--sideBySide__inception m-flexible--sideBySide__inception--content col-xxl-4 col-xl-5 col-lg-12 col-md-12 col-sm-12 \">\n\n                                                                                <h2 class=\"\"><strong>Individuele<\/strong> of algemene stroomstoring?<\/h2>                        \n                                                    <p>De eerste reflex bij een stroomonderbreking? Controleren of alleen uw woning getroffen is of de hele buurt. <a href=\"https:\/\/www.sibelga.be\/nl\/faq\/stroomstoringen\/wat-moet-ik-doen-bij-een-elektriciteitspanne\" target=\"_blank\" rel=\"noopener\">Als de hele buurt zonder stroom is gevallen<\/a>, dan situeert het probleem zich wellicht op het distributienetwerk. Neem contact op met uw energieleverancier via het nummer dat op uw laatste factuur vermeld staat.<\/p>\n<p>Als u de enige bent met een stroomstoring, dan wordt de panne veroorzaakt door uw eigen installatie. In dat geval kunnen volgende tips u helpen om de oorzaak van het probleem te vinden. Soms kunt u de elektriciteit zelf weer inschakelen. Een stroomonderbreker kan bijvoorbeeld gemakkelijk opnieuw worden ingeschakeld.<\/p>\n<p>Als het probleem complexer is, zal uw technicus dankzij uw voorzorgsmaatregelen effici\u00ebnter kunnen handelen. Neem bij twijfel <a href=\"https:\/\/azelec.be\/nl\/interventieaanvraag\/\">altijd contact op met een elektricien<\/a>.<\/p>\n                        \n                        \n                        \n\n                <\/div><!-- \/sideBySide__inception -->\n\n            <\/div><!-- \/sideBySide body -->\n\n        <\/div><!-- \/sideBySide child -->\n\n    <\/div><!-- \/sideBySide flexible -->\n\n\n<\/div><\/div><\/div>\n\t\t\t<div class=\"container alll-container\">\n\t\t\t\t<div class=\"alll-row row justify-content-center\">\n\t\t\t\t\t<div class=\"alll-rowInner alll-rowInner--general\">\n\n<\/div><\/div><\/div><div class=\"container-xxl\"><div class=\"row justify-content-center\"><div class=\"alll-rowInner alll-rowInner--side\">\n\n\n\n\n\n\n\n\n    <div class=\"m-flexible animated fadeInUp animate__slow m-flexible--sideBySide \" id=\"js-sideBySide-block_39bef80e4ce9c82e6373b1011047768f\" >\n\n        <div class=\"m-flexible--sideBySide__child \">\n\n            <div class=\"m-flexible--sideBySide__body row justify-content-left\">\n\n                <div class=\"m-flexible--sideBySide__inception m-flexible--sideBySide__inception--img col-xxxl-6 col-xl-6 col-lg-12 col-md-12 col-sm-12 order-xl-last\">\n\n                    \n                    <img decoding=\"async\"   \n        width=\"500\"  height=\"190\" \n        src=\"https:\/\/azelec.be\/wp-content\/uploads\/2024\/10\/shutterstock_2452707015-500x190.jpg\" \n        srcset=\"https:\/\/azelec.be\/wp-content\/uploads\/2024\/10\/shutterstock_2452707015-500x190.jpg 500w, https:\/\/azelec.be\/wp-content\/uploads\/2024\/10\/shutterstock_2452707015-1000x385.jpg 1000w, https:\/\/azelec.be\/wp-content\/uploads\/2024\/10\/shutterstock_2452707015-2000x770.jpg 2000w\" \n        sizes=\"(max-width: 1199px) 100vw, 50vw\"  \n        alt=\"Algemene bescherming van een elektrische installatie.\"\n    \/>\n                <\/div>\n\n                <div class=\"m-flexible--sideBySide__inception m-flexible--sideBySide__inception--content col-xxl-4 col-xl-5 col-lg-12 col-md-12 col-sm-12  order-xl-first offset-xxl-1\">\n\n                                                                                <h2 class=\"\">Activering van de <strong>hoofdzekering <\/strong><\/h2>                        \n                                                    <p>Wanneer de stroompanne wordt veroorzaakt door een defect apparaat of het gebruik van te veel apparaten tegelijkertijd, dan zult u dat over het algemeen snel merken. De onderbreking doet zich voor op het moment waarop een beschadigd apparaat of net het laatste van veel te veel apparaten wordt aangesloten op het stopcontact, waardoor overbelasting ontstaat.<\/p>\n<p>In dat geval moet u de zekering van uw verdeelbord controleren nadat u de stekker van het\/de appara(a)t(en) in kwestie hebt uitgetrokken. Schakel de stroomonderbreker opnieuw in als uw installatie daarmee is uitgerust. Neem contact op met een technicus als er opnieuw een stroomstoring ontstaat wanneer u de stekker van een bepaald apparaat in het stopcontact steekt. Doe hetzelfde als een smeltzekering moet worden vervangen of bij twijfel.<\/p>\n                        \n                        \n                        \n\n                <\/div><!-- \/sideBySide__inception -->\n\n            <\/div><!-- \/sideBySide body -->\n\n        <\/div><!-- \/sideBySide child -->\n\n    <\/div><!-- \/sideBySide flexible -->\n\n\n<\/div><\/div><\/div>\n\t\t\t<div class=\"container alll-container\">\n\t\t\t\t<div class=\"alll-row row justify-content-center\">\n\t\t\t\t\t<div class=\"alll-rowInner alll-rowInner--general\">\n\n<\/div><\/div><\/div><div class=\"container-xxl\"><div class=\"row justify-content-center\"><div class=\"alll-rowInner alll-rowInner--side\">\n\n\n\n\n\n\n\n\n    <div class=\"m-flexible animated fadeInUp animate__slow m-flexible--sideBySide \" id=\"js-sideBySide-block_19bae4da7e8e2d7a82c0777982ebe64f\" >\n\n        <div class=\"m-flexible--sideBySide__child \">\n\n            <div class=\"m-flexible--sideBySide__body row justify-content-left\">\n\n                <div class=\"m-flexible--sideBySide__inception m-flexible--sideBySide__inception--img col-xxxl-6 col-xl-6 col-lg-12 col-md-12 col-sm-12 \">\n\n                    \n                    <img decoding=\"async\"   \n        width=\"500\"  height=\"190\" \n        src=\"https:\/\/azelec.be\/wp-content\/uploads\/2024\/10\/shutterstock_2450064029-scaled-e1730026263659-500x190.jpg\" \n        srcset=\"https:\/\/azelec.be\/wp-content\/uploads\/2024\/10\/shutterstock_2450064029-scaled-e1730026263659-500x190.jpg 500w, https:\/\/azelec.be\/wp-content\/uploads\/2024\/10\/shutterstock_2450064029-scaled-e1730026263659-1000x385.jpg 1000w, https:\/\/azelec.be\/wp-content\/uploads\/2024\/10\/shutterstock_2450064029-scaled-e1730026263659-2000x770.jpg 2000w\" \n        sizes=\"(max-width: 1199px) 100vw, 50vw\"  \n        alt=\"Problemen oplossen met de differentieelschakelaar.\"\n    \/>\n                <\/div>\n\n                <div class=\"m-flexible--sideBySide__inception m-flexible--sideBySide__inception--content col-xxl-4 col-xl-5 col-lg-12 col-md-12 col-sm-12 \">\n\n                                                                                <h2 class=\"\"><strong>Differentieelschakelaars<\/strong><\/h2>                        \n                                                    <p>Naast de klassieke zekeringen of stroomonderbrekers die de stroomcircuits beschermen tegen overbelasting en kortsluiting, bestaan er ook differentieelschakelaars om voorwerpen en mensen te beschermen tegen direct en indirect contact met stroom. Ze moeten elk gevaar voor elektrocutie voorkomen.<\/p>\n<p>Ze onderbreken de stroomtoevoer als er sprake is van lekstroom (een isolatiefout) aan de installatie. Ze vergelijken voortdurend de nominale stroomsterkte van de fasedraad en de nuldraad.<\/p>\n<p>In geval van lekstroom wordt de stroom afgevoerd via de aarding, waardoor de differentieelschakelaar een spanningsverschil merkt en vervolgens de elektrische stroom van de installatie gaat onderbreken.<\/p>\n                        \n                        \n                        \n\n                <\/div><!-- \/sideBySide__inception -->\n\n            <\/div><!-- \/sideBySide body -->\n\n        <\/div><!-- \/sideBySide child -->\n\n    <\/div><!-- \/sideBySide flexible -->\n\n\n<\/div><\/div><\/div>\n\t\t\t<div class=\"container alll-container\">\n\t\t\t\t<div class=\"alll-row row justify-content-center\">\n\t\t\t\t\t<div class=\"alll-rowInner alll-rowInner--general\">\n\n<\/div><\/div><\/div><div class=\"container-xxl\"><div class=\"row justify-content-center\"><div class=\"alll-rowInner alll-rowInner--side\">\n\n\n\n\n\n\n\n\n    <div class=\"m-flexible animated fadeInUp animate__slow m-flexible--sideBySide \" id=\"js-sideBySide-block_9970ba2904e7d44d5f35014fadd8589e\" >\n\n        <div class=\"m-flexible--sideBySide__child \">\n\n            <div class=\"m-flexible--sideBySide__body row justify-content-left\">\n\n                <div class=\"m-flexible--sideBySide__inception m-flexible--sideBySide__inception--img col-xxxl-6 col-xl-6 col-lg-12 col-md-12 col-sm-12 order-xl-last\">\n\n                    \n                    <img decoding=\"async\"   \n        width=\"500\"  height=\"190\" \n        src=\"https:\/\/azelec.be\/wp-content\/uploads\/2024\/10\/shutterstock_2450064073-500x190.jpg\" \n        srcset=\"https:\/\/azelec.be\/wp-content\/uploads\/2024\/10\/shutterstock_2450064073-500x190.jpg 500w, https:\/\/azelec.be\/wp-content\/uploads\/2024\/10\/shutterstock_2450064073-1000x385.jpg 1000w, https:\/\/azelec.be\/wp-content\/uploads\/2024\/10\/shutterstock_2450064073-2000x770.jpg 2000w\" \n        sizes=\"(max-width: 1199px) 100vw, 50vw\"  \n        alt=\"Vervangen van zekeringen en stroomonderbrekers.\"\n    \/>\n                <\/div>\n\n                <div class=\"m-flexible--sideBySide__inception m-flexible--sideBySide__inception--content col-xxl-4 col-xl-5 col-lg-12 col-md-12 col-sm-12  order-xl-first offset-xxl-1\">\n\n                                                                                <h2 class=\"\"><strong>Smeltzekeringen <\/strong>en stroomonderbrekers<\/h2>                        \n                                                    <p>Elektrische installaties zijn beveiligd met zekeringen die reageren bij een te hoge stroomsterkte door het gebruik van te veel apparaten tegelijkertijd, een defect apparaat of een defect aan de installatie zelf. Dankzij dit systeem bent u beschermd tegen brandgevaar door overbelasting of kortsluiting, aangezien de stroom automatisch wordt onderbroken.<\/p>\n<p>Als een zekering beschadigd is, moet deze worden vervangen door een gespecialiseerde technicus. Deze bevat immers een metalen draad die smelt wanneer er stroom doorheen gaat die boven een bepaalde waarde uitkomt.<\/p>\n<p>De stroomonderbreker kan op zijn beurt telkens opnieuw worden ingeschakeld. Alleen als die al afgesprongen is, kunt u zelf de stroom weer &#8220;aanzetten&#8221; door de schakelaar weer omhoog te zetten. In de volksmond wordt dan gezegd dat &#8220;de zekeringen gesprongen zijn&#8221;.<\/p>\n                        \n                        \n                        \n\n                <\/div><!-- \/sideBySide__inception -->\n\n            <\/div><!-- \/sideBySide body -->\n\n        <\/div><!-- \/sideBySide child -->\n\n    <\/div><!-- \/sideBySide flexible -->\n\n\n<\/div><\/div><\/div>\n\t\t\t<div class=\"container alll-container\">\n\t\t\t\t<div class=\"alll-row row justify-content-center\">\n\t\t\t\t\t<div class=\"alll-rowInner alll-rowInner--general\">\n\n<\/div><\/div><\/div>\n\t\t\t<div class=\"container alll-container\">\n\t\t\t\t<div class=\"alll-row row justify-content-center\">\n\t\t\t\t\t<div class=\"alll-rowInner alll-rowInner--general\">\n\n\n\n\n\n    <div class=\"m-flexible animated fadeInUp animate__slow m-flexible m-flexible--ctaButtons  m-txt--center \" id=\"js-ctaButtons-block_89ee2da8ed2782c9b3c1dd5d284cda43\">\n\n        <div class=\"m-flexible--ctaButtons__child container\">\n\n            <div class=\"m-flexible--ctaButtons__body row justify-content-center\">\n\n                <div class=\"m-flexible--ctaButtons__inception col-10 col-lg-8 col-md-6 col-sm-4\">\n\n                        \n                        \n                        \n                        \n                            <div class=\"m-actionContainer\">\n\n                                 \n\n                                <a \n                                    href=\"https:\/\/azelec.be\/nl\/interventieaanvraag\/\" \n\n                                    data-event=\"az_intent_cta_click\" data-cta-position=\"end_of_page\" data-lang=\"nl\" data-page-type=\"service\" data-cta-type=\"appointment\"\n                                    class=\"\n                                    m-action\">\n                                    <span>Verzoek om interventie<\/span>\n                                <\/a>\n\n                            <\/div><!-- \/actionContainer -->\n\n                        \n\n                <\/div><!-- \/ctaButtons__inception -->\n\n            <\/div><!-- \/ctaButtons body -->\n\n        <\/div><!-- \/ctaButtons child -->\n\n    <\/div><!-- \/ctaButtons flexible -->\n\n<\/div><\/div><\/div>\n\t\t\t<div class=\"container alll-container\">\n\t\t\t\t<div class=\"alll-row row justify-content-center\">\n\t\t\t\t\t<div class=\"alll-rowInner alll-rowInner--general\">\n\n<\/div><\/div><\/div>\n\t\t\t<div class=\"container alll-container\">\n\t\t\t\t<div class=\"alll-row row justify-content-center\">\n\t\t\t\t\t<div class=\"alll-rowInner alll-rowInner--general\">\n<p><\/p>\n<\/div><\/div><\/div>","protected":false},"excerpt":{"rendered":"<p>Hinder door een stroomstoring? Een paar tips Stroomuitval, storing, kortsluiting of overbelasting? Hier zijn een paar tips om u te helpen de oorzaak van het probleem te vinden en de juiste acties te ondernemen.<\/p>\n","protected":false},"author":1,"featured_media":3195,"parent":3489,"menu_order":9,"comment_status":"closed","ping_status":"closed","template":"","meta":{"_acf_changed":false,"neve_meta_sidebar":"","neve_meta_container":"","neve_meta_enable_content_width":"","neve_meta_content_width":0,"neve_meta_title_alignment":"","neve_meta_author_avatar":"","neve_post_elements_order":"","neve_meta_disable_header":"","neve_meta_disable_footer":"","neve_meta_disable_title":"","neve_meta_reading_time":"","footnotes":""},"class_list":["post-3485","page","type-page","status-publish","has-post-thumbnail","hentry"],"acf":[],"yoast_head":"<!-- This site is optimized with the Yoast SEO plugin v27.6 - https:\/\/yoast.com\/product\/yoast-seo-wordpress\/ -->\n<title>Probleemoplossing: elektrische storing, overbelasting in Brussel<\/title>\n<meta name=\"description\" content=\"Az\u00e9lec biedt elektrische reparatiediensten aan om bij een storing, kortsluiting of overbelasting snel de stroom te herstellen.\" \/>\n<meta name=\"robots\" content=\"index, follow, max-snippet:-1, max-image-preview:large, max-video-preview:-1\" \/>\n<link rel=\"canonical\" href=\"https:\/\/azelec.be\/nl\/diensten\/probleemoplossing\/\" \/>\n<meta property=\"og:locale\" content=\"nl_NL\" \/>\n<meta property=\"og:type\" content=\"article\" \/>\n<meta property=\"og:title\" content=\"Probleemoplossing: elektrische storing, overbelasting in Brussel\" \/>\n<meta property=\"og:description\" content=\"Az\u00e9lec biedt elektrische reparatiediensten aan om bij een storing, kortsluiting of overbelasting snel de stroom te herstellen.\" \/>\n<meta property=\"og:url\" content=\"https:\/\/azelec.be\/nl\/diensten\/probleemoplossing\/\" \/>\n<meta property=\"og:site_name\" content=\"Az\u00e9lec\" \/>\n<meta property=\"article:publisher\" content=\"https:\/\/facebook.com\/pages\/Azlec\/464300780395849\" \/>\n<meta property=\"article:modified_time\" content=\"2026-02-19T07:18:09+00:00\" \/>\n<meta property=\"og:image\" content=\"https:\/\/azelec.be\/wp-content\/uploads\/2024\/10\/shutterstock_2452707043-1-scaled.jpg\" \/>\n\t<meta property=\"og:image:width\" content=\"2560\" \/>\n\t<meta property=\"og:image:height\" content=\"1707\" \/>\n\t<meta property=\"og:image:type\" content=\"image\/jpeg\" \/>\n<meta name=\"twitter:card\" content=\"summary_large_image\" \/>\n<meta name=\"twitter:label1\" content=\"Est. reading time\" \/>\n\t<meta name=\"twitter:data1\" content=\"1 minute\" \/>\n<script type=\"application\/ld+json\" class=\"yoast-schema-graph\">{\"@context\":\"https:\\\/\\\/schema.org\",\"@graph\":[{\"@type\":\"WebPage\",\"@id\":\"https:\\\/\\\/azelec.be\\\/nl\\\/diensten\\\/probleemoplossing\\\/\",\"url\":\"https:\\\/\\\/azelec.be\\\/nl\\\/diensten\\\/probleemoplossing\\\/\",\"name\":\"Probleemoplossing: elektrische storing, overbelasting in Brussel\",\"isPartOf\":{\"@id\":\"https:\\\/\\\/azelec.be\\\/nl\\\/#website\"},\"primaryImageOfPage\":{\"@id\":\"https:\\\/\\\/azelec.be\\\/nl\\\/diensten\\\/probleemoplossing\\\/#primaryimage\"},\"image\":{\"@id\":\"https:\\\/\\\/azelec.be\\\/nl\\\/diensten\\\/probleemoplossing\\\/#primaryimage\"},\"thumbnailUrl\":\"https:\\\/\\\/azelec.be\\\/wp-content\\\/uploads\\\/2024\\\/10\\\/shutterstock_2452707043-1-scaled.jpg\",\"datePublished\":\"2024-08-22T07:15:40+00:00\",\"dateModified\":\"2026-02-19T07:18:09+00:00\",\"description\":\"Az\u00e9lec biedt elektrische reparatiediensten aan om bij een storing, kortsluiting of overbelasting snel de stroom te herstellen.\",\"breadcrumb\":{\"@id\":\"https:\\\/\\\/azelec.be\\\/nl\\\/diensten\\\/probleemoplossing\\\/#breadcrumb\"},\"inLanguage\":\"nl-NL\",\"potentialAction\":[{\"@type\":\"ReadAction\",\"target\":[\"https:\\\/\\\/azelec.be\\\/nl\\\/diensten\\\/probleemoplossing\\\/\"]}]},{\"@type\":\"ImageObject\",\"inLanguage\":\"nl-NL\",\"@id\":\"https:\\\/\\\/azelec.be\\\/nl\\\/diensten\\\/probleemoplossing\\\/#primaryimage\",\"url\":\"https:\\\/\\\/azelec.be\\\/wp-content\\\/uploads\\\/2024\\\/10\\\/shutterstock_2452707043-1-scaled.jpg\",\"contentUrl\":\"https:\\\/\\\/azelec.be\\\/wp-content\\\/uploads\\\/2024\\\/10\\\/shutterstock_2452707043-1-scaled.jpg\",\"width\":2560,\"height\":1707},{\"@type\":\"BreadcrumbList\",\"@id\":\"https:\\\/\\\/azelec.be\\\/nl\\\/diensten\\\/probleemoplossing\\\/#breadcrumb\",\"itemListElement\":[{\"@type\":\"ListItem\",\"position\":1,\"name\":\"Home\",\"item\":\"https:\\\/\\\/azelec.be\\\/nl\\\/\"},{\"@type\":\"ListItem\",\"position\":2,\"name\":\"Onze diensten\",\"item\":\"https:\\\/\\\/azelec.be\\\/nl\\\/diensten\\\/\"},{\"@type\":\"ListItem\",\"position\":3,\"name\":\"Probleemoplossing\"}]},{\"@type\":\"WebSite\",\"@id\":\"https:\\\/\\\/azelec.be\\\/nl\\\/#website\",\"url\":\"https:\\\/\\\/azelec.be\\\/nl\\\/\",\"name\":\"Az\u00e9lec\",\"description\":\"Entreprise g\u00e9n\u00e9rale d&#039;\u00e9lectricit\u00e9 dans le secteur de la construction pour les particuliers et professionnels.\",\"publisher\":{\"@id\":\"https:\\\/\\\/azelec.be\\\/nl\\\/#organization\"},\"potentialAction\":[{\"@type\":\"SearchAction\",\"target\":{\"@type\":\"EntryPoint\",\"urlTemplate\":\"https:\\\/\\\/azelec.be\\\/nl\\\/?s={search_term_string}\"},\"query-input\":{\"@type\":\"PropertyValueSpecification\",\"valueRequired\":true,\"valueName\":\"search_term_string\"}}],\"inLanguage\":\"nl-NL\"},{\"@type\":\"Organization\",\"@id\":\"https:\\\/\\\/azelec.be\\\/nl\\\/#organization\",\"name\":\"Az\u00e9lec\",\"url\":\"https:\\\/\\\/azelec.be\\\/nl\\\/\",\"logo\":{\"@type\":\"ImageObject\",\"inLanguage\":\"nl-NL\",\"@id\":\"https:\\\/\\\/azelec.be\\\/nl\\\/#\\\/schema\\\/logo\\\/image\\\/\",\"url\":\"https:\\\/\\\/azelec.be\\\/wp-content\\\/uploads\\\/2024\\\/07\\\/logo.svg\",\"contentUrl\":\"https:\\\/\\\/azelec.be\\\/wp-content\\\/uploads\\\/2024\\\/07\\\/logo.svg\",\"width\":493,\"height\":86,\"caption\":\"Az\u00e9lec\"},\"image\":{\"@id\":\"https:\\\/\\\/azelec.be\\\/nl\\\/#\\\/schema\\\/logo\\\/image\\\/\"},\"sameAs\":[\"https:\\\/\\\/facebook.com\\\/pages\\\/Azlec\\\/464300780395849\",\"https:\\\/\\\/www.instagram.com\\\/azelec.be\\\/\",\"https:\\\/\\\/www.linkedin.com\\\/company\\\/3338450\",\"https:\\\/\\\/www.youtube.com\\\/channel\\\/UCElmKgi5qzaPSqJ_u3IfvHw\"]}]}<\/script>\n<!-- \/ Yoast SEO plugin. -->","yoast_head_json":{"title":"Probleemoplossing: elektrische storing, overbelasting in Brussel","description":"Az\u00e9lec biedt elektrische reparatiediensten aan om bij een storing, kortsluiting of overbelasting snel de stroom te herstellen.","robots":{"index":"index","follow":"follow","max-snippet":"max-snippet:-1","max-image-preview":"max-image-preview:large","max-video-preview":"max-video-preview:-1"},"canonical":"https:\/\/azelec.be\/nl\/diensten\/probleemoplossing\/","og_locale":"nl_NL","og_type":"article","og_title":"Probleemoplossing: elektrische storing, overbelasting in Brussel","og_description":"Az\u00e9lec biedt elektrische reparatiediensten aan om bij een storing, kortsluiting of overbelasting snel de stroom te herstellen.","og_url":"https:\/\/azelec.be\/nl\/diensten\/probleemoplossing\/","og_site_name":"Az\u00e9lec","article_publisher":"https:\/\/facebook.com\/pages\/Azlec\/464300780395849","article_modified_time":"2026-02-19T07:18:09+00:00","og_image":[{"width":2560,"height":1707,"url":"https:\/\/azelec.be\/wp-content\/uploads\/2024\/10\/shutterstock_2452707043-1-scaled.jpg","type":"image\/jpeg"}],"twitter_card":"summary_large_image","twitter_misc":{"Est. reading time":"1 minute"},"schema":{"@context":"https:\/\/schema.org","@graph":[{"@type":"WebPage","@id":"https:\/\/azelec.be\/nl\/diensten\/probleemoplossing\/","url":"https:\/\/azelec.be\/nl\/diensten\/probleemoplossing\/","name":"Probleemoplossing: elektrische storing, overbelasting in Brussel","isPartOf":{"@id":"https:\/\/azelec.be\/nl\/#website"},"primaryImageOfPage":{"@id":"https:\/\/azelec.be\/nl\/diensten\/probleemoplossing\/#primaryimage"},"image":{"@id":"https:\/\/azelec.be\/nl\/diensten\/probleemoplossing\/#primaryimage"},"thumbnailUrl":"https:\/\/azelec.be\/wp-content\/uploads\/2024\/10\/shutterstock_2452707043-1-scaled.jpg","datePublished":"2024-08-22T07:15:40+00:00","dateModified":"2026-02-19T07:18:09+00:00","description":"Az\u00e9lec biedt elektrische reparatiediensten aan om bij een storing, kortsluiting of overbelasting snel de stroom te herstellen.","breadcrumb":{"@id":"https:\/\/azelec.be\/nl\/diensten\/probleemoplossing\/#breadcrumb"},"inLanguage":"nl-NL","potentialAction":[{"@type":"ReadAction","target":["https:\/\/azelec.be\/nl\/diensten\/probleemoplossing\/"]}]},{"@type":"ImageObject","inLanguage":"nl-NL","@id":"https:\/\/azelec.be\/nl\/diensten\/probleemoplossing\/#primaryimage","url":"https:\/\/azelec.be\/wp-content\/uploads\/2024\/10\/shutterstock_2452707043-1-scaled.jpg","contentUrl":"https:\/\/azelec.be\/wp-content\/uploads\/2024\/10\/shutterstock_2452707043-1-scaled.jpg","width":2560,"height":1707},{"@type":"BreadcrumbList","@id":"https:\/\/azelec.be\/nl\/diensten\/probleemoplossing\/#breadcrumb","itemListElement":[{"@type":"ListItem","position":1,"name":"Home","item":"https:\/\/azelec.be\/nl\/"},{"@type":"ListItem","position":2,"name":"Onze diensten","item":"https:\/\/azelec.be\/nl\/diensten\/"},{"@type":"ListItem","position":3,"name":"Probleemoplossing"}]},{"@type":"WebSite","@id":"https:\/\/azelec.be\/nl\/#website","url":"https:\/\/azelec.be\/nl\/","name":"Az\u00e9lec","description":"Entreprise g\u00e9n\u00e9rale d&#039;\u00e9lectricit\u00e9 dans le secteur de la construction pour les particuliers et professionnels.","publisher":{"@id":"https:\/\/azelec.be\/nl\/#organization"},"potentialAction":[{"@type":"SearchAction","target":{"@type":"EntryPoint","urlTemplate":"https:\/\/azelec.be\/nl\/?s={search_term_string}"},"query-input":{"@type":"PropertyValueSpecification","valueRequired":true,"valueName":"search_term_string"}}],"inLanguage":"nl-NL"},{"@type":"Organization","@id":"https:\/\/azelec.be\/nl\/#organization","name":"Az\u00e9lec","url":"https:\/\/azelec.be\/nl\/","logo":{"@type":"ImageObject","inLanguage":"nl-NL","@id":"https:\/\/azelec.be\/nl\/#\/schema\/logo\/image\/","url":"https:\/\/azelec.be\/wp-content\/uploads\/2024\/07\/logo.svg","contentUrl":"https:\/\/azelec.be\/wp-content\/uploads\/2024\/07\/logo.svg","width":493,"height":86,"caption":"Az\u00e9lec"},"image":{"@id":"https:\/\/azelec.be\/nl\/#\/schema\/logo\/image\/"},"sameAs":["https:\/\/facebook.com\/pages\/Azlec\/464300780395849","https:\/\/www.instagram.com\/azelec.be\/","https:\/\/www.linkedin.com\/company\/3338450","https:\/\/www.youtube.com\/channel\/UCElmKgi5qzaPSqJ_u3IfvHw"]}]}},"_links":{"self":[{"href":"https:\/\/azelec.be\/nl\/wp-json\/wp\/v2\/pages\/3485","targetHints":{"allow":["GET"]}}],"collection":[{"href":"https:\/\/azelec.be\/nl\/wp-json\/wp\/v2\/pages"}],"about":[{"href":"https:\/\/azelec.be\/nl\/wp-json\/wp\/v2\/types\/page"}],"author":[{"embeddable":true,"href":"https:\/\/azelec.be\/nl\/wp-json\/wp\/v2\/users\/1"}],"replies":[{"embeddable":true,"href":"https:\/\/azelec.be\/nl\/wp-json\/wp\/v2\/comments?post=3485"}],"version-history":[{"count":0,"href":"https:\/\/azelec.be\/nl\/wp-json\/wp\/v2\/pages\/3485\/revisions"}],"up":[{"embeddable":true,"href":"https:\/\/azelec.be\/nl\/wp-json\/wp\/v2\/pages\/3489"}],"wp:featuredmedia":[{"embeddable":true,"href":"https:\/\/azelec.be\/nl\/wp-json\/wp\/v2\/media\/3195"}],"wp:attachment":[{"href":"https:\/\/azelec.be\/nl\/wp-json\/wp\/v2\/media?parent=3485"}],"curies":[{"name":"wp","href":"https:\/\/api.w.org\/{rel}","templated":true}]}}