{"id":3581,"date":"2024-06-07T15:40:07","date_gmt":"2024-06-07T13:40:07","guid":{"rendered":"https:\/\/azelec.be\/eclairage\/"},"modified":"2026-02-19T15:50:59","modified_gmt":"2026-02-19T14:50:59","slug":"verlichting","status":"publish","type":"page","link":"https:\/\/azelec.be\/nl\/diensten\/algemene-elektriciteit\/verlichting\/","title":{"rendered":"Verlichting"},"content":{"rendered":"\n\t\t\t<div class=\"container alll-container\">\n\t\t\t\t<div class=\"alll-row row justify-content-center\">\n\t\t\t\t\t<div class=\"alll-rowInner alll-rowInner--general\">\n<h1 class=\"wp-block-heading\">Binnen- en buiten<strong>verlichting<\/strong><\/h1>\n<\/div><\/div><\/div>\n\t\t\t<div class=\"container alll-container\">\n\t\t\t\t<div class=\"alll-row row justify-content-center\">\n\t\t\t\t\t<div class=\"alll-rowInner alll-rowInner--general\">\n\n<\/div><\/div><\/div>\n\t\t\t<div class=\"container alll-container\">\n\t\t\t\t<div class=\"alll-row row justify-content-center\">\n\t\t\t\t\t<div class=\"alll-rowInner alll-rowInner--general\">\n<p><em>We hechten veel waarde aan de opwaardering van uw gebouw door sfeervolle en doordachte verlichting te ontwerpen die perfect aansluit bij uw activiteiten. Met onze expertise en uw wensen als uitgangspunt cre\u00ebren we de ideale verlichting, waarbij we rekening houden met meubels, materialen, producten of ruimtes die u extra in de kijker wilt zetten. Ons ultieme doel? Verlichting die helemaal geslaagd is.<\/em><\/p>\n<\/div><\/div><\/div>\n\t\t\t<div class=\"container alll-container\">\n\t\t\t\t<div class=\"alll-row row justify-content-center\">\n\t\t\t\t\t<div class=\"alll-rowInner alll-rowInner--general\">\n\n<\/div><\/div><\/div><div class=\"container-xxl\"><div class=\"row justify-content-center\"><div class=\"alll-rowInner alll-rowInner--side\">\n\n\n\n\n\n\n\n\n    <div class=\"m-flexible animated fadeInUp animate__slow m-flexible--sideBySide \" id=\"js-sideBySide-block_3922378ab680744708cf94280975c144\" >\n\n        <div class=\"m-flexible--sideBySide__child \">\n\n            <div class=\"m-flexible--sideBySide__body row justify-content-left\">\n\n                <div class=\"m-flexible--sideBySide__inception m-flexible--sideBySide__inception--img col-xxxl-6 col-xl-6 col-lg-12 col-md-12 col-sm-12 \">\n\n                    \n                    <img decoding=\"async\"   \n        width=\"413\"  height=\"190\" \n        src=\"https:\/\/azelec.be\/wp-content\/uploads\/2024\/06\/eclairage-3-500x230.jpg\" \n        srcset=\"https:\/\/azelec.be\/wp-content\/uploads\/2024\/06\/eclairage-3-500x230.jpg 413w, https:\/\/azelec.be\/wp-content\/uploads\/2024\/06\/eclairage-3-1000x385.jpg 1000w, https:\/\/azelec.be\/wp-content\/uploads\/2024\/06\/eclairage-3-2000x770.jpg 2000w\" \n        sizes=\"(max-width: 1199px) 100vw, 50vw\"  \n        alt=\"Huis waar licht wordt benadrukt.\"\n    \/>\n                <\/div>\n\n                <div class=\"m-flexible--sideBySide__inception m-flexible--sideBySide__inception--content col-xxl-4 col-xl-5 col-lg-12 col-md-12 col-sm-12 \">\n\n                                                                                <h2 class=\"\">De <strong>sfeer<\/strong> bepalen  <strong>met licht<\/strong><\/h2>                        \n                                                    <p>Verlichting geeft een ruimte een originele en trendy uitstraling. Ze past zich aan alle interieurs aan zodat de gewenste sfeer wordt gecre\u00eberd. Dankzij het uitgebreide verlichtingsassortiment vinden we altijd een oplossing die aan uw verwachtingen voldoet.<\/p>\n                        \n                        \n                        \n\n                <\/div><!-- \/sideBySide__inception -->\n\n            <\/div><!-- \/sideBySide body -->\n\n        <\/div><!-- \/sideBySide child -->\n\n    <\/div><!-- \/sideBySide flexible -->\n\n\n<\/div><\/div><\/div>\n\t\t\t<div class=\"container alll-container\">\n\t\t\t\t<div class=\"alll-row row justify-content-center\">\n\t\t\t\t\t<div class=\"alll-rowInner alll-rowInner--general\">\n\n<\/div><\/div><\/div><div class=\"container-xxl\"><div class=\"row justify-content-center\"><div class=\"alll-rowInner alll-rowInner--side\">\n\n\n\n\n\n\n\n\n    <div class=\"m-flexible animated fadeInUp animate__slow m-flexible--sideBySide \" id=\"js-sideBySide-block_b0c225bcff50ae3af6ac5e87138ac01b\" >\n\n        <div class=\"m-flexible--sideBySide__child \">\n\n            <div class=\"m-flexible--sideBySide__body row justify-content-left\">\n\n                <div class=\"m-flexible--sideBySide__inception m-flexible--sideBySide__inception--img col-xxxl-6 col-xl-6 col-lg-12 col-md-12 col-sm-12 order-xl-last\">\n\n                    \n                    <img decoding=\"async\"   \n        width=\"500\"  height=\"190\" \n        src=\"https:\/\/azelec.be\/wp-content\/uploads\/2024\/09\/shutterstock_503261521-500x190.jpg\" \n        srcset=\"https:\/\/azelec.be\/wp-content\/uploads\/2024\/09\/shutterstock_503261521-500x190.jpg 500w, https:\/\/azelec.be\/wp-content\/uploads\/2024\/09\/shutterstock_503261521-1000x385.jpg 1000w, https:\/\/azelec.be\/wp-content\/uploads\/2024\/09\/shutterstock_503261521-2000x770.jpg 2000w\" \n        sizes=\"(max-width: 1199px) 100vw, 50vw\"  \n        alt=\"Binnen- en buitenverlichting.\"\n    \/>\n                <\/div>\n\n                <div class=\"m-flexible--sideBySide__inception m-flexible--sideBySide__inception--content col-xxl-4 col-xl-5 col-lg-12 col-md-12 col-sm-12  order-xl-first offset-xxl-1\">\n\n                                                                                <h2 class=\"\"><strong>Energiezuinige<\/strong> decoratieve verlichting<\/h2>                        \n                                                    <p>Om uw energieverbruik te verminderen, biedt Az\u00e9lec u een ruime keuze aan LED-armaturen die naadloos aansluiten bij elke interieurstijl. Samen ontwerpen en bespreken we de installaties die passen bij uw behoeften en stijl.<\/p>\n                        \n                        \n                        \n\n                <\/div><!-- \/sideBySide__inception -->\n\n            <\/div><!-- \/sideBySide body -->\n\n        <\/div><!-- \/sideBySide child -->\n\n    <\/div><!-- \/sideBySide flexible -->\n\n\n<\/div><\/div><\/div>\n\t\t\t<div class=\"container alll-container\">\n\t\t\t\t<div class=\"alll-row row justify-content-center\">\n\t\t\t\t\t<div class=\"alll-rowInner alll-rowInner--general\">\n\n<\/div><\/div><\/div><div class=\"container-xxl\"><div class=\"row justify-content-center\"><div class=\"alll-rowInner alll-rowInner--side\">\n\n\n\n\n\n\n\n\n    <div class=\"m-flexible animated fadeInUp animate__slow m-flexible--sideBySide \" id=\"js-sideBySide-block_1a0c38cffd6a9c6d08566b55b59f086d\" >\n\n        <div class=\"m-flexible--sideBySide__child \">\n\n            <div class=\"m-flexible--sideBySide__body row justify-content-left\">\n\n                <div class=\"m-flexible--sideBySide__inception m-flexible--sideBySide__inception--img col-xxxl-6 col-xl-6 col-lg-12 col-md-12 col-sm-12 \">\n\n                    \n                    <img decoding=\"async\"   \n        width=\"500\"  height=\"190\" \n        src=\"https:\/\/azelec.be\/wp-content\/uploads\/2024\/09\/shutterstock_503261521-500x190.jpg\" \n        srcset=\"https:\/\/azelec.be\/wp-content\/uploads\/2024\/09\/shutterstock_503261521-500x190.jpg 500w, https:\/\/azelec.be\/wp-content\/uploads\/2024\/09\/shutterstock_503261521-1000x385.jpg 1000w, https:\/\/azelec.be\/wp-content\/uploads\/2024\/09\/shutterstock_503261521-2000x770.jpg 2000w\" \n        sizes=\"(max-width: 1199px) 100vw, 50vw\"  \n        alt=\"Binnen- en buitenverlichting.\"\n    \/>\n                <\/div>\n\n                <div class=\"m-flexible--sideBySide__inception m-flexible--sideBySide__inception--content col-xxl-4 col-xl-5 col-lg-12 col-md-12 col-sm-12 \">\n\n                                                                                <h2 class=\"\"><strong>Sfeer- en energiebeheer<\/strong><\/h2>                        \n                                                    <p>Sommige lichtarmaturen kunnen worden gecombineerd met verschillende domoticasystemen om u meer controle te geven over uw energieverbruik of om verschillende geautomatiseerde en\/of gecontroleerde verlichtingssferen te cre\u00ebren. Bij Az\u00e9lec zijn we ervan overtuigd dat design, zuinigheid en technologie de perfecte combinatie vormen voor hoogwaardige elektrische apparatuur.<\/p>\n                        \n                        \n                        \n\n                <\/div><!-- \/sideBySide__inception -->\n\n            <\/div><!-- \/sideBySide body -->\n\n        <\/div><!-- \/sideBySide child -->\n\n    <\/div><!-- \/sideBySide flexible -->\n\n\n<\/div><\/div><\/div>\n\t\t\t<div class=\"container alll-container\">\n\t\t\t\t<div class=\"alll-row row justify-content-center\">\n\t\t\t\t\t<div class=\"alll-rowInner alll-rowInner--general\">\n\n<\/div><\/div><\/div>\n\t\t\t<div class=\"container alll-container\">\n\t\t\t\t<div class=\"alll-row row justify-content-center\">\n\t\t\t\t\t<div class=\"alll-rowInner alll-rowInner--general\">\n\n\n\n\n\n    <div class=\"m-flexible animated fadeInUp animate__slow m-flexible m-flexible--ctaButtons  m-txt--center \" id=\"js-ctaButtons-block_563b77801379e3aa5558a867693cd4be\">\n\n        <div class=\"m-flexible--ctaButtons__child container\">\n\n            <div class=\"m-flexible--ctaButtons__body row justify-content-center\">\n\n                <div class=\"m-flexible--ctaButtons__inception col-10 col-lg-8 col-md-6 col-sm-4\">\n\n                        \n                                                    <p>Wenst u verlichting te installeren?<br \/>\nContacteer ons op het nummer <a href=\"tel:003224794027\">02\/479\u00a040\u00a027<\/a>\u00a0of\u00a0<a href=\"https:\/\/azelec.be\/nl\/offerte-aanvraag\/\">vraag een gratis offerte aan<\/a>\u2009!<\/p>\n                        \n                        \n                        \n                            <div class=\"m-actionContainer\">\n\n                                 \n\n                                <a \n                                    href=\"https:\/\/azelec.be\/nl\/offerte-aanvraag\/\" \n\n                                    data-event=\"az_intent_cta_click\" data-cta-position=\"end_of_page\" data-lang=\"nl\" data-page-type=\"service\" data-cta-type=\"quote\"\n                                    class=\"\n                                    m-action\">\n                                    <span>Offerte aanvragen<\/span>\n                                <\/a>\n\n                            <\/div><!-- \/actionContainer -->\n\n                        \n\n                <\/div><!-- \/ctaButtons__inception -->\n\n            <\/div><!-- \/ctaButtons body -->\n\n        <\/div><!-- \/ctaButtons child -->\n\n    <\/div><!-- \/ctaButtons flexible -->\n\n<\/div><\/div><\/div>\n\t\t\t<div class=\"container alll-container\">\n\t\t\t\t<div class=\"alll-row row justify-content-center\">\n\t\t\t\t\t<div class=\"alll-rowInner alll-rowInner--general\">\n\n<\/div><\/div><\/div>\n\t\t\t<div class=\"container alll-container\">\n\t\t\t\t<div class=\"alll-row row justify-content-center\">\n\t\t\t\t\t<div class=\"alll-rowInner alll-rowInner--general\">\n<p><\/p>\n<\/div><\/div><\/div>","protected":false},"excerpt":{"rendered":"<p>Binnen- en buitenverlichting We hechten veel waarde aan de opwaardering van uw gebouw door sfeervolle en doordachte verlichting te ontwerpen die perfect aansluit bij uw activiteiten. Met onze expertise en uw wensen als uitgangspunt cre\u00ebren we de ideale verlichting, waarbij we rekening houden met meubels, materialen, producten of ruimtes die u extra in de kijker&hellip;&nbsp;<a href=\"https:\/\/azelec.be\/nl\/diensten\/algemene-elektriciteit\/verlichting\/\" rel=\"bookmark\">Read More &raquo;<span class=\"screen-reader-text\">Verlichting<\/span><\/a><\/p>\n","protected":false},"author":1,"featured_media":2765,"parent":3607,"menu_order":3,"comment_status":"closed","ping_status":"closed","template":"","meta":{"_acf_changed":false,"neve_meta_sidebar":"","neve_meta_container":"","neve_meta_enable_content_width":"","neve_meta_content_width":0,"neve_meta_title_alignment":"","neve_meta_author_avatar":"","neve_post_elements_order":"","neve_meta_disable_header":"","neve_meta_disable_footer":"","neve_meta_disable_title":"","neve_meta_reading_time":"","footnotes":""},"class_list":["post-3581","page","type-page","status-publish","has-post-thumbnail","hentry"],"acf":[],"yoast_head":"<!-- This site is optimized with the Yoast SEO plugin v27.4 - https:\/\/yoast.com\/product\/yoast-seo-wordpress\/ -->\n<title>Binnen- en buitenverlichting van uw woning in Brussel<\/title>\n<meta name=\"description\" content=\"Ontwerp en installatie van binnen- en buitenverlichting: Az\u00e9lec combineert design, prestaties en energiebesparing.\" \/>\n<meta name=\"robots\" content=\"index, follow, max-snippet:-1, max-image-preview:large, max-video-preview:-1\" \/>\n<link rel=\"canonical\" href=\"https:\/\/azelec.be\/nl\/diensten\/algemene-elektriciteit\/verlichting\/\" \/>\n<meta property=\"og:locale\" content=\"nl_NL\" \/>\n<meta property=\"og:type\" content=\"article\" \/>\n<meta property=\"og:title\" content=\"Binnen- en buitenverlichting van uw woning in Brussel\" \/>\n<meta property=\"og:description\" content=\"Ontwerp en installatie van binnen- en buitenverlichting: Az\u00e9lec combineert design, prestaties en energiebesparing.\" \/>\n<meta property=\"og:url\" content=\"https:\/\/azelec.be\/nl\/diensten\/algemene-elektriciteit\/verlichting\/\" \/>\n<meta property=\"og:site_name\" content=\"Az\u00e9lec\" \/>\n<meta property=\"article:publisher\" content=\"https:\/\/facebook.com\/pages\/Azlec\/464300780395849\" \/>\n<meta property=\"article:modified_time\" content=\"2026-02-19T14:50:59+00:00\" \/>\n<meta property=\"og:image\" content=\"https:\/\/azelec.be\/wp-content\/uploads\/2024\/06\/eclairage-1-scaled.jpg\" \/>\n\t<meta property=\"og:image:width\" content=\"2560\" \/>\n\t<meta property=\"og:image:height\" content=\"1920\" \/>\n\t<meta property=\"og:image:type\" content=\"image\/jpeg\" \/>\n<meta name=\"twitter:card\" content=\"summary_large_image\" \/>\n<meta name=\"twitter:label1\" content=\"Est. reading time\" \/>\n\t<meta name=\"twitter:data1\" content=\"1 minute\" \/>\n<script type=\"application\/ld+json\" class=\"yoast-schema-graph\">{\"@context\":\"https:\\\/\\\/schema.org\",\"@graph\":[{\"@type\":\"WebPage\",\"@id\":\"https:\\\/\\\/azelec.be\\\/nl\\\/diensten\\\/algemene-elektriciteit\\\/verlichting\\\/\",\"url\":\"https:\\\/\\\/azelec.be\\\/nl\\\/diensten\\\/algemene-elektriciteit\\\/verlichting\\\/\",\"name\":\"Binnen- en buitenverlichting van uw woning in Brussel\",\"isPartOf\":{\"@id\":\"https:\\\/\\\/azelec.be\\\/nl\\\/#website\"},\"primaryImageOfPage\":{\"@id\":\"https:\\\/\\\/azelec.be\\\/nl\\\/diensten\\\/algemene-elektriciteit\\\/verlichting\\\/#primaryimage\"},\"image\":{\"@id\":\"https:\\\/\\\/azelec.be\\\/nl\\\/diensten\\\/algemene-elektriciteit\\\/verlichting\\\/#primaryimage\"},\"thumbnailUrl\":\"https:\\\/\\\/azelec.be\\\/wp-content\\\/uploads\\\/2024\\\/06\\\/eclairage-1-scaled.jpg\",\"datePublished\":\"2024-06-07T13:40:07+00:00\",\"dateModified\":\"2026-02-19T14:50:59+00:00\",\"description\":\"Ontwerp en installatie van binnen- en buitenverlichting: Az\u00e9lec combineert design, prestaties en energiebesparing.\",\"breadcrumb\":{\"@id\":\"https:\\\/\\\/azelec.be\\\/nl\\\/diensten\\\/algemene-elektriciteit\\\/verlichting\\\/#breadcrumb\"},\"inLanguage\":\"nl-NL\",\"potentialAction\":[{\"@type\":\"ReadAction\",\"target\":[\"https:\\\/\\\/azelec.be\\\/nl\\\/diensten\\\/algemene-elektriciteit\\\/verlichting\\\/\"]}]},{\"@type\":\"ImageObject\",\"inLanguage\":\"nl-NL\",\"@id\":\"https:\\\/\\\/azelec.be\\\/nl\\\/diensten\\\/algemene-elektriciteit\\\/verlichting\\\/#primaryimage\",\"url\":\"https:\\\/\\\/azelec.be\\\/wp-content\\\/uploads\\\/2024\\\/06\\\/eclairage-1-scaled.jpg\",\"contentUrl\":\"https:\\\/\\\/azelec.be\\\/wp-content\\\/uploads\\\/2024\\\/06\\\/eclairage-1-scaled.jpg\",\"width\":2560,\"height\":1920,\"caption\":\"Villa gemarkeerd met binnen- en buitenverlichting.\"},{\"@type\":\"BreadcrumbList\",\"@id\":\"https:\\\/\\\/azelec.be\\\/nl\\\/diensten\\\/algemene-elektriciteit\\\/verlichting\\\/#breadcrumb\",\"itemListElement\":[{\"@type\":\"ListItem\",\"position\":1,\"name\":\"Home\",\"item\":\"https:\\\/\\\/azelec.be\\\/nl\\\/\"},{\"@type\":\"ListItem\",\"position\":2,\"name\":\"Onze diensten\",\"item\":\"https:\\\/\\\/azelec.be\\\/nl\\\/diensten\\\/\"},{\"@type\":\"ListItem\",\"position\":3,\"name\":\"Algemene elektriciteit\",\"item\":\"https:\\\/\\\/azelec.be\\\/nl\\\/diensten\\\/algemene-elektriciteit\\\/\"},{\"@type\":\"ListItem\",\"position\":4,\"name\":\"Verlichting\"}]},{\"@type\":\"WebSite\",\"@id\":\"https:\\\/\\\/azelec.be\\\/nl\\\/#website\",\"url\":\"https:\\\/\\\/azelec.be\\\/nl\\\/\",\"name\":\"Az\u00e9lec\",\"description\":\"Entreprise g\u00e9n\u00e9rale d&#039;\u00e9lectricit\u00e9 dans le secteur de la construction pour les particuliers et professionnels.\",\"publisher\":{\"@id\":\"https:\\\/\\\/azelec.be\\\/nl\\\/#organization\"},\"potentialAction\":[{\"@type\":\"SearchAction\",\"target\":{\"@type\":\"EntryPoint\",\"urlTemplate\":\"https:\\\/\\\/azelec.be\\\/nl\\\/?s={search_term_string}\"},\"query-input\":{\"@type\":\"PropertyValueSpecification\",\"valueRequired\":true,\"valueName\":\"search_term_string\"}}],\"inLanguage\":\"nl-NL\"},{\"@type\":\"Organization\",\"@id\":\"https:\\\/\\\/azelec.be\\\/nl\\\/#organization\",\"name\":\"Az\u00e9lec\",\"url\":\"https:\\\/\\\/azelec.be\\\/nl\\\/\",\"logo\":{\"@type\":\"ImageObject\",\"inLanguage\":\"nl-NL\",\"@id\":\"https:\\\/\\\/azelec.be\\\/nl\\\/#\\\/schema\\\/logo\\\/image\\\/\",\"url\":\"https:\\\/\\\/azelec.be\\\/wp-content\\\/uploads\\\/2024\\\/07\\\/logo.svg\",\"contentUrl\":\"https:\\\/\\\/azelec.be\\\/wp-content\\\/uploads\\\/2024\\\/07\\\/logo.svg\",\"width\":493,\"height\":86,\"caption\":\"Az\u00e9lec\"},\"image\":{\"@id\":\"https:\\\/\\\/azelec.be\\\/nl\\\/#\\\/schema\\\/logo\\\/image\\\/\"},\"sameAs\":[\"https:\\\/\\\/facebook.com\\\/pages\\\/Azlec\\\/464300780395849\",\"https:\\\/\\\/www.instagram.com\\\/azelec.be\\\/\",\"https:\\\/\\\/www.linkedin.com\\\/company\\\/3338450\",\"https:\\\/\\\/www.youtube.com\\\/channel\\\/UCElmKgi5qzaPSqJ_u3IfvHw\"]}]}<\/script>\n<!-- \/ Yoast SEO plugin. -->","yoast_head_json":{"title":"Binnen- en buitenverlichting van uw woning in Brussel","description":"Ontwerp en installatie van binnen- en buitenverlichting: Az\u00e9lec combineert design, prestaties en energiebesparing.","robots":{"index":"index","follow":"follow","max-snippet":"max-snippet:-1","max-image-preview":"max-image-preview:large","max-video-preview":"max-video-preview:-1"},"canonical":"https:\/\/azelec.be\/nl\/diensten\/algemene-elektriciteit\/verlichting\/","og_locale":"nl_NL","og_type":"article","og_title":"Binnen- en buitenverlichting van uw woning in Brussel","og_description":"Ontwerp en installatie van binnen- en buitenverlichting: Az\u00e9lec combineert design, prestaties en energiebesparing.","og_url":"https:\/\/azelec.be\/nl\/diensten\/algemene-elektriciteit\/verlichting\/","og_site_name":"Az\u00e9lec","article_publisher":"https:\/\/facebook.com\/pages\/Azlec\/464300780395849","article_modified_time":"2026-02-19T14:50:59+00:00","og_image":[{"width":2560,"height":1920,"url":"https:\/\/azelec.be\/wp-content\/uploads\/2024\/06\/eclairage-1-scaled.jpg","type":"image\/jpeg"}],"twitter_card":"summary_large_image","twitter_misc":{"Est. reading time":"1 minute"},"schema":{"@context":"https:\/\/schema.org","@graph":[{"@type":"WebPage","@id":"https:\/\/azelec.be\/nl\/diensten\/algemene-elektriciteit\/verlichting\/","url":"https:\/\/azelec.be\/nl\/diensten\/algemene-elektriciteit\/verlichting\/","name":"Binnen- en buitenverlichting van uw woning in Brussel","isPartOf":{"@id":"https:\/\/azelec.be\/nl\/#website"},"primaryImageOfPage":{"@id":"https:\/\/azelec.be\/nl\/diensten\/algemene-elektriciteit\/verlichting\/#primaryimage"},"image":{"@id":"https:\/\/azelec.be\/nl\/diensten\/algemene-elektriciteit\/verlichting\/#primaryimage"},"thumbnailUrl":"https:\/\/azelec.be\/wp-content\/uploads\/2024\/06\/eclairage-1-scaled.jpg","datePublished":"2024-06-07T13:40:07+00:00","dateModified":"2026-02-19T14:50:59+00:00","description":"Ontwerp en installatie van binnen- en buitenverlichting: Az\u00e9lec combineert design, prestaties en energiebesparing.","breadcrumb":{"@id":"https:\/\/azelec.be\/nl\/diensten\/algemene-elektriciteit\/verlichting\/#breadcrumb"},"inLanguage":"nl-NL","potentialAction":[{"@type":"ReadAction","target":["https:\/\/azelec.be\/nl\/diensten\/algemene-elektriciteit\/verlichting\/"]}]},{"@type":"ImageObject","inLanguage":"nl-NL","@id":"https:\/\/azelec.be\/nl\/diensten\/algemene-elektriciteit\/verlichting\/#primaryimage","url":"https:\/\/azelec.be\/wp-content\/uploads\/2024\/06\/eclairage-1-scaled.jpg","contentUrl":"https:\/\/azelec.be\/wp-content\/uploads\/2024\/06\/eclairage-1-scaled.jpg","width":2560,"height":1920,"caption":"Villa gemarkeerd met binnen- en buitenverlichting."},{"@type":"BreadcrumbList","@id":"https:\/\/azelec.be\/nl\/diensten\/algemene-elektriciteit\/verlichting\/#breadcrumb","itemListElement":[{"@type":"ListItem","position":1,"name":"Home","item":"https:\/\/azelec.be\/nl\/"},{"@type":"ListItem","position":2,"name":"Onze diensten","item":"https:\/\/azelec.be\/nl\/diensten\/"},{"@type":"ListItem","position":3,"name":"Algemene elektriciteit","item":"https:\/\/azelec.be\/nl\/diensten\/algemene-elektriciteit\/"},{"@type":"ListItem","position":4,"name":"Verlichting"}]},{"@type":"WebSite","@id":"https:\/\/azelec.be\/nl\/#website","url":"https:\/\/azelec.be\/nl\/","name":"Az\u00e9lec","description":"Entreprise g\u00e9n\u00e9rale d&#039;\u00e9lectricit\u00e9 dans le secteur de la construction pour les particuliers et professionnels.","publisher":{"@id":"https:\/\/azelec.be\/nl\/#organization"},"potentialAction":[{"@type":"SearchAction","target":{"@type":"EntryPoint","urlTemplate":"https:\/\/azelec.be\/nl\/?s={search_term_string}"},"query-input":{"@type":"PropertyValueSpecification","valueRequired":true,"valueName":"search_term_string"}}],"inLanguage":"nl-NL"},{"@type":"Organization","@id":"https:\/\/azelec.be\/nl\/#organization","name":"Az\u00e9lec","url":"https:\/\/azelec.be\/nl\/","logo":{"@type":"ImageObject","inLanguage":"nl-NL","@id":"https:\/\/azelec.be\/nl\/#\/schema\/logo\/image\/","url":"https:\/\/azelec.be\/wp-content\/uploads\/2024\/07\/logo.svg","contentUrl":"https:\/\/azelec.be\/wp-content\/uploads\/2024\/07\/logo.svg","width":493,"height":86,"caption":"Az\u00e9lec"},"image":{"@id":"https:\/\/azelec.be\/nl\/#\/schema\/logo\/image\/"},"sameAs":["https:\/\/facebook.com\/pages\/Azlec\/464300780395849","https:\/\/www.instagram.com\/azelec.be\/","https:\/\/www.linkedin.com\/company\/3338450","https:\/\/www.youtube.com\/channel\/UCElmKgi5qzaPSqJ_u3IfvHw"]}]}},"_links":{"self":[{"href":"https:\/\/azelec.be\/nl\/wp-json\/wp\/v2\/pages\/3581","targetHints":{"allow":["GET"]}}],"collection":[{"href":"https:\/\/azelec.be\/nl\/wp-json\/wp\/v2\/pages"}],"about":[{"href":"https:\/\/azelec.be\/nl\/wp-json\/wp\/v2\/types\/page"}],"author":[{"embeddable":true,"href":"https:\/\/azelec.be\/nl\/wp-json\/wp\/v2\/users\/1"}],"replies":[{"embeddable":true,"href":"https:\/\/azelec.be\/nl\/wp-json\/wp\/v2\/comments?post=3581"}],"version-history":[{"count":0,"href":"https:\/\/azelec.be\/nl\/wp-json\/wp\/v2\/pages\/3581\/revisions"}],"up":[{"embeddable":true,"href":"https:\/\/azelec.be\/nl\/wp-json\/wp\/v2\/pages\/3607"}],"wp:featuredmedia":[{"embeddable":true,"href":"https:\/\/azelec.be\/nl\/wp-json\/wp\/v2\/media\/2765"}],"wp:attachment":[{"href":"https:\/\/azelec.be\/nl\/wp-json\/wp\/v2\/media?parent=3581"}],"curies":[{"name":"wp","href":"https:\/\/api.w.org\/{rel}","templated":true}]}}