{"id":3595,"date":"2024-05-27T14:36:27","date_gmt":"2024-05-27T12:36:27","guid":{"rendered":"https:\/\/azelec.be\/liens-utiles\/"},"modified":"2025-01-07T12:26:41","modified_gmt":"2025-01-07T11:26:41","slug":"nuttige-links","status":"publish","type":"page","link":"https:\/\/azelec.be\/nl\/nuttige-links\/","title":{"rendered":"Nuttige links"},"content":{"rendered":"\n\t\t\t<div class=\"container alll-container\">\n\t\t\t\t<div class=\"alll-row row justify-content-center\">\n\t\t\t\t\t<div class=\"alll-rowInner alll-rowInner--general\">\n<h1 class=\"wp-block-heading\">Nuttige links<\/h1>\n<\/div><\/div><\/div>\n\t\t\t<div class=\"container alll-container\">\n\t\t\t\t<div class=\"alll-row row justify-content-center\">\n\t\t\t\t\t<div class=\"alll-rowInner alll-rowInner--general\">\n\n<\/div><\/div><\/div><div class=\"container-xxl\"><div class=\"row justify-content-center\"><div class=\"alll-rowInner alll-rowInner--side\">\n\n\n\n\n\n\n\n\n    <div class=\"m-flexible animated fadeInUp animate__slow m-flexible--sideBySide \" id=\"js-sideBySide-block_5886d377522fc2e0ed4027437d436b0e\" >\n\n        <div class=\"m-flexible--sideBySide__child \">\n\n            <div class=\"m-flexible--sideBySide__body row justify-content-left\">\n\n                <div class=\"m-flexible--sideBySide__inception m-flexible--sideBySide__inception--img col-xxxl-6 col-xl-6 col-lg-12 col-md-12 col-sm-12 \">\n\n                    \n                    <img decoding=\"async\"   \n        width=\"500\"  height=\"190\" \n        src=\"https:\/\/azelec.be\/wp-content\/uploads\/2024\/10\/shutterstock_1104004097-500x190.jpg\" \n        srcset=\"https:\/\/azelec.be\/wp-content\/uploads\/2024\/10\/shutterstock_1104004097-500x190.jpg 500w, https:\/\/azelec.be\/wp-content\/uploads\/2024\/10\/shutterstock_1104004097-1000x385.jpg 1000w, https:\/\/azelec.be\/wp-content\/uploads\/2024\/10\/shutterstock_1104004097-2000x770.jpg 2000w\" \n        sizes=\"(max-width: 1199px) 100vw, 50vw\"  \n        alt=\"Er werken twee mensen aan de algemene regelgeving elektrische installaties.\"\n    \/>\n                <\/div>\n\n                <div class=\"m-flexible--sideBySide__inception m-flexible--sideBySide__inception--content col-xxl-4 col-xl-5 col-lg-12 col-md-12 col-sm-12 \">\n\n                                                                                <h2 class=\"\">Algemeen Reglement op de elektrische installaties (AREI)<\/h2>                        \n                                                    <ul>\n<li><a href=\"https:\/\/economie.fgov.be\/nl\/publicaties\/algemeen-reglement-op-de\" target=\"_blank\" rel=\"noopener\">Algemeen Reglement op de elektrische installaties (AREI)<\/a><\/li>\n<li><a href=\"https:\/\/economie.fgov.be\/sites\/default\/files\/Files\/Publications\/files\/AREI-Bijlage-Boek-1-installaties-op-laagspanning-en-op-zeer-lage-spanning.pdf\" target=\"_blank\" rel=\"noopener\">Boek 1: Installaties op laagspanning en op zeer lage spanning<\/a><\/li>\n<li><a href=\"https:\/\/economie.fgov.be\/sites\/default\/files\/Files\/Publications\/files\/AREI-Bijlage-Boek-2-installaties-op-hoogspanning.pdf\" target=\"_blank\" rel=\"noopener\">Boek 2: Installaties op hoogspanning<\/a><\/li>\n<li><a href=\"https:\/\/economie.fgov.be\/sites\/default\/files\/Files\/Publications\/files\/AREI-Bijlage-Boek-3-installaties-voor-transmissie-en-distributie-van-elektrische-energie.pdf\" target=\"_blank\" rel=\"noopener\">Boek 3: Installaties voor transmissie en distributie van elektrische energie<\/a><\/li>\n<\/ul>\n<p><!-- \/wp:list-item --><\/p>\n<p><!-- \/wp:list --><\/p>\n                        \n                        \n                        \n\n                <\/div><!-- \/sideBySide__inception -->\n\n            <\/div><!-- \/sideBySide body -->\n\n        <\/div><!-- \/sideBySide child -->\n\n    <\/div><!-- \/sideBySide flexible -->\n\n\n<\/div><\/div><\/div>\n\t\t\t<div class=\"container alll-container\">\n\t\t\t\t<div class=\"alll-row row justify-content-center\">\n\t\t\t\t\t<div class=\"alll-rowInner alll-rowInner--general\">\n\n<\/div><\/div><\/div><div class=\"container-xxl\"><div class=\"row justify-content-center\"><div class=\"alll-rowInner alll-rowInner--side\">\n\n\n\n\n\n\n\n\n    <div class=\"m-flexible animated fadeInUp animate__slow m-flexible--sideBySide \" id=\"js-sideBySide-block_902fb7ebe15d19d60d04b3375495021b\" >\n\n        <div class=\"m-flexible--sideBySide__child \">\n\n            <div class=\"m-flexible--sideBySide__body row justify-content-left\">\n\n                <div class=\"m-flexible--sideBySide__inception m-flexible--sideBySide__inception--img col-xxxl-6 col-xl-6 col-lg-12 col-md-12 col-sm-12 order-xl-last\">\n\n                    \n                    <img decoding=\"async\"   \n        width=\"500\"  height=\"190\" \n        src=\"https:\/\/azelec.be\/wp-content\/uploads\/2024\/10\/shutterstock_601838744-500x190.jpg\" \n        srcset=\"https:\/\/azelec.be\/wp-content\/uploads\/2024\/10\/shutterstock_601838744-500x190.jpg 500w, https:\/\/azelec.be\/wp-content\/uploads\/2024\/10\/shutterstock_601838744-1000x385.jpg 1000w, https:\/\/azelec.be\/wp-content\/uploads\/2024\/10\/shutterstock_601838744-2000x770.jpg 2000w\" \n        sizes=\"(max-width: 1199px) 100vw, 50vw\"  \n        alt=\"Architect op een bouwplaats.\"\n    \/>\n                <\/div>\n\n                <div class=\"m-flexible--sideBySide__inception m-flexible--sideBySide__inception--content col-xxl-4 col-xl-5 col-lg-12 col-md-12 col-sm-12  order-xl-first offset-xxl-1\">\n\n                                                                                <h2 class=\"\">Erkende keuringsorganismen<\/h2>                        \n                                                    <ul>\n<li><a href=\"https:\/\/organisme-controle-agree.be\/liste-des-organismes-de-controles-agrees-en-electricite\/\" target=\"_blank\" rel=\"noreferrer noopener\">Lijst van erkende keuringsinstellingen<\/a><\/li>\n<\/ul>\n                        \n                        \n                        \n\n                <\/div><!-- \/sideBySide__inception -->\n\n            <\/div><!-- \/sideBySide body -->\n\n        <\/div><!-- \/sideBySide child -->\n\n    <\/div><!-- \/sideBySide flexible -->\n\n\n<\/div><\/div><\/div>\n\t\t\t<div class=\"container alll-container\">\n\t\t\t\t<div class=\"alll-row row justify-content-center\">\n\t\t\t\t\t<div class=\"alll-rowInner alll-rowInner--general\">\n\n<\/div><\/div><\/div><div class=\"container-xxl\"><div class=\"row justify-content-center\"><div class=\"alll-rowInner alll-rowInner--side\">\n\n\n\n\n\n\n\n\n    <div class=\"m-flexible animated fadeInUp animate__slow m-flexible--sideBySide \" id=\"js-sideBySide-block_591a0cc7fd08aafb19ca7bd491647798\" >\n\n        <div class=\"m-flexible--sideBySide__child \">\n\n            <div class=\"m-flexible--sideBySide__body row justify-content-left\">\n\n                <div class=\"m-flexible--sideBySide__inception m-flexible--sideBySide__inception--img col-xxxl-6 col-xl-6 col-lg-12 col-md-12 col-sm-12 \">\n\n                    \n                    <img decoding=\"async\"   \n        width=\"500\"  height=\"190\" \n        src=\"https:\/\/azelec.be\/wp-content\/uploads\/2024\/10\/shutterstock_168171617-500x190.jpg\" \n        srcset=\"https:\/\/azelec.be\/wp-content\/uploads\/2024\/10\/shutterstock_168171617-500x190.jpg 500w, https:\/\/azelec.be\/wp-content\/uploads\/2024\/10\/shutterstock_168171617-1000x385.jpg 1000w, https:\/\/azelec.be\/wp-content\/uploads\/2024\/10\/shutterstock_168171617-2000x770.jpg 2000w\" \n        sizes=\"(max-width: 1199px) 100vw, 50vw\"  \n        alt=\"Collega's.\"\n    \/>\n                <\/div>\n\n                <div class=\"m-flexible--sideBySide__inception m-flexible--sideBySide__inception--content col-xxl-4 col-xl-5 col-lg-12 col-md-12 col-sm-12 \">\n\n                                                                                <h2 class=\"\">Confederaties Bouwsector<\/h2>                        \n                                                    <ul>\n<li><a href=\"https:\/\/embuild.be\/nl\" target=\"_blank\" rel=\"noopener\">Embuild<\/a><\/li>\n<li><a href=\"https:\/\/www.techlink.be\/nl\/home\" target=\"_blank\" rel=\"noopener\">Techlink<\/a><\/li>\n<li><a href=\"https:\/\/volta-org.be\/nl\" target=\"_blank\" rel=\"noopener\">Volta<\/a><\/li>\n<li><a href=\"https:\/\/eloya.be\/nl\" target=\"_blank\" rel=\"noopener\">Eloya<\/a><\/li>\n<li><a href=\"https:\/\/electricien.pmg.be\/nl\/magazines\/\" target=\"_blank\" rel=\"noopener\">\u00c9lectricien Magazine<\/a><\/li>\n<\/ul>\n<p>&nbsp;<\/p>\n<p>&nbsp;<\/p>\n<p><!-- \/wp:list-item --><\/p>\n<p><!-- \/wp:list --><\/p>\n                        \n                        \n                        \n\n                <\/div><!-- \/sideBySide__inception -->\n\n            <\/div><!-- \/sideBySide body -->\n\n        <\/div><!-- \/sideBySide child -->\n\n    <\/div><!-- \/sideBySide flexible -->\n\n\n<\/div><\/div><\/div>\n\t\t\t<div class=\"container alll-container\">\n\t\t\t\t<div class=\"alll-row row justify-content-center\">\n\t\t\t\t\t<div class=\"alll-rowInner alll-rowInner--general\">\n\n<\/div><\/div><\/div><div class=\"container-xxl\"><div class=\"row justify-content-center\"><div class=\"alll-rowInner alll-rowInner--side\">\n\n\n\n\n\n\n\n\n    <div class=\"m-flexible animated fadeInUp animate__slow m-flexible--sideBySide \" id=\"js-sideBySide-block_2eb474e6710c17e7d407f0b91c4a01ff\" >\n\n        <div class=\"m-flexible--sideBySide__child \">\n\n            <div class=\"m-flexible--sideBySide__body row justify-content-left\">\n\n                <div class=\"m-flexible--sideBySide__inception m-flexible--sideBySide__inception--img col-xxxl-6 col-xl-6 col-lg-12 col-md-12 col-sm-12 order-xl-last\">\n\n                    \n                    <img decoding=\"async\"   \n        width=\"500\"  height=\"190\" \n        src=\"https:\/\/azelec.be\/wp-content\/uploads\/2024\/10\/shutterstock_145747202-500x190.jpg\" \n        srcset=\"https:\/\/azelec.be\/wp-content\/uploads\/2024\/10\/shutterstock_145747202-500x190.jpg 500w, https:\/\/azelec.be\/wp-content\/uploads\/2024\/10\/shutterstock_145747202-1000x385.jpg 1000w, https:\/\/azelec.be\/wp-content\/uploads\/2024\/10\/shutterstock_145747202-2000x770.jpg 2000w\" \n        sizes=\"(max-width: 1199px) 100vw, 50vw\"  \n        alt=\"Informatie verkrijgen over het in aanmerking komen voor bonussen.\"\n    \/>\n                <\/div>\n\n                <div class=\"m-flexible--sideBySide__inception m-flexible--sideBySide__inception--content col-xxl-4 col-xl-5 col-lg-12 col-md-12 col-sm-12  order-xl-first offset-xxl-1\">\n\n                                                                                <h2 class=\"\">Premies en subsidies<\/h2>                        \n                                                    <ul>\n<li><a href=\"https:\/\/renolution.brussels\" target=\"_blank\" rel=\"noreferrer noopener\">Brussel<\/a><\/li>\n<li><a href=\"http:\/\/energie.wallonie.be\" target=\"_blank\" rel=\"noreferrer noopener\">Walloni\u00eb<\/a><\/li>\n<li><a href=\"http:\/\/www.premiezoeker.be\" target=\"_blank\" rel=\"noreferrer noopener\">Vlaanderen<\/a><\/li>\n<\/ul>\n<p><!-- \/wp:list-item --><\/p>\n<p><!-- \/wp:list --><\/p>\n                        \n                        \n                        \n\n                <\/div><!-- \/sideBySide__inception -->\n\n            <\/div><!-- \/sideBySide body -->\n\n        <\/div><!-- \/sideBySide child -->\n\n    <\/div><!-- \/sideBySide flexible -->\n\n\n<\/div><\/div><\/div>\n\t\t\t<div class=\"container alll-container\">\n\t\t\t\t<div class=\"alll-row row justify-content-center\">\n\t\t\t\t\t<div class=\"alll-rowInner alll-rowInner--general\">\n\n<\/div><\/div><\/div><div class=\"container-xxl\"><div class=\"row justify-content-center\"><div class=\"alll-rowInner alll-rowInner--side\">\n\n\n\n\n\n\n\n\n    <div class=\"m-flexible animated fadeInUp animate__slow m-flexible--sideBySide \" id=\"js-sideBySide-block_bf477ff0421acf3442e6c69db18cc6c5\" >\n\n        <div class=\"m-flexible--sideBySide__child \">\n\n            <div class=\"m-flexible--sideBySide__body row justify-content-left\">\n\n                <div class=\"m-flexible--sideBySide__inception m-flexible--sideBySide__inception--img col-xxxl-6 col-xl-6 col-lg-12 col-md-12 col-sm-12 \">\n\n                    \n                    <img decoding=\"async\"   \n        width=\"500\"  height=\"190\" \n        src=\"https:\/\/azelec.be\/wp-content\/uploads\/2024\/10\/shutterstock_1433612267-500x190.jpg\" \n        srcset=\"https:\/\/azelec.be\/wp-content\/uploads\/2024\/10\/shutterstock_1433612267-500x190.jpg 500w, https:\/\/azelec.be\/wp-content\/uploads\/2024\/10\/shutterstock_1433612267-1000x385.jpg 1000w, https:\/\/azelec.be\/wp-content\/uploads\/2024\/10\/shutterstock_1433612267-2000x770.jpg 2000w\" \n        sizes=\"(max-width: 1199px) 100vw, 50vw\"  \n        alt=\"Mensen verzamelden zich.\"\n    \/>\n                <\/div>\n\n                <div class=\"m-flexible--sideBySide__inception m-flexible--sideBySide__inception--content col-xxl-4 col-xl-5 col-lg-12 col-md-12 col-sm-12 \">\n\n                                                                                <h2 class=\"\">Fiscale voordelen<\/h2>                        \n                                                    <ul>\n<li><a href=\"https:\/\/finances.belgium.be\/fr\/entreprises\/impot_des_societes\/avantages_fiscaux\">Belgi\u00eb<\/a><\/li>\n<\/ul>\n                        \n                        \n                        \n\n                <\/div><!-- \/sideBySide__inception -->\n\n            <\/div><!-- \/sideBySide body -->\n\n        <\/div><!-- \/sideBySide child -->\n\n    <\/div><!-- \/sideBySide flexible -->\n\n\n<\/div><\/div><\/div>\n\t\t\t<div class=\"container alll-container\">\n\t\t\t\t<div class=\"alll-row row justify-content-center\">\n\t\t\t\t\t<div class=\"alll-rowInner alll-rowInner--general\">\n\n<\/div><\/div><\/div>\n\t\t\t<div class=\"container alll-container\">\n\t\t\t\t<div class=\"alll-row row justify-content-center\">\n\t\t\t\t\t<div class=\"alll-rowInner alll-rowInner--general\">\n\n\n\n\n\n    <div class=\"m-flexible animated fadeInUp animate__slow m-flexible m-flexible--ctaButtons  m-txt--center \" id=\"js-ctaButtons-block_7507426d0d140f51b53391b307c4b06f\">\n\n        <div class=\"m-flexible--ctaButtons__child container\">\n\n            <div class=\"m-flexible--ctaButtons__body row justify-content-center\">\n\n                <div class=\"m-flexible--ctaButtons__inception col-10 col-lg-8 col-md-6 col-sm-4\">\n\n                        \n                        \n                        \n                        \n                            <div class=\"m-actionContainer\">\n\n                                 \n\n                                <a \n                                    href=\"https:\/\/azelec.be\/nl\/offerte-aanvraag\/\" \n\n                                    data-event=\"az_intent_cta_click\" data-cta-position=\"\" data-lang=\"nl\" data-page-type=\"\" data-cta-type=\"\"\n                                    class=\"\n                                    m-action\">\n                                    <span>Offerte aanvragen<\/span>\n                                <\/a>\n\n                            <\/div><!-- \/actionContainer -->\n\n                        \n\n                <\/div><!-- \/ctaButtons__inception -->\n\n            <\/div><!-- \/ctaButtons body -->\n\n        <\/div><!-- \/ctaButtons child -->\n\n    <\/div><!-- \/ctaButtons flexible -->\n\n<\/div><\/div><\/div>\n\t\t\t<div class=\"container alll-container\">\n\t\t\t\t<div class=\"alll-row row justify-content-center\">\n\t\t\t\t\t<div class=\"alll-rowInner alll-rowInner--general\">\n\n<\/div><\/div><\/div>\n\t\t\t<div class=\"container alll-container\">\n\t\t\t\t<div class=\"alll-row row justify-content-center\">\n\t\t\t\t\t<div class=\"alll-rowInner alll-rowInner--general\">\n<p><\/p>\n<\/div><\/div><\/div>","protected":false},"excerpt":{"rendered":"<p>Nuttige links<\/p>\n","protected":false},"author":1,"featured_media":3249,"parent":0,"menu_order":4,"comment_status":"closed","ping_status":"closed","template":"","meta":{"_acf_changed":false,"neve_meta_sidebar":"","neve_meta_container":"","neve_meta_enable_content_width":"","neve_meta_content_width":0,"neve_meta_title_alignment":"","neve_meta_author_avatar":"","neve_post_elements_order":"","neve_meta_disable_header":"","neve_meta_disable_footer":"","neve_meta_disable_title":"","neve_meta_reading_time":"","footnotes":""},"class_list":["post-3595","page","type-page","status-publish","has-post-thumbnail","hentry"],"acf":[],"yoast_head":"<!-- This site is optimized with the Yoast SEO plugin v27.6 - https:\/\/yoast.com\/product\/yoast-seo-wordpress\/ -->\n<title>Handige links voor uw elektriciteits- en energieprojecten in Brussel<\/title>\n<meta name=\"description\" content=\"Nuttige links: hulpmiddelen en partners aanbevolen door Az\u00e9lec voor uw elektriciteits- en energieprojecten.\" \/>\n<meta name=\"robots\" content=\"index, follow, max-snippet:-1, max-image-preview:large, max-video-preview:-1\" \/>\n<link rel=\"canonical\" href=\"https:\/\/azelec.be\/nl\/nuttige-links\/\" \/>\n<meta property=\"og:locale\" content=\"nl_NL\" \/>\n<meta property=\"og:type\" content=\"article\" \/>\n<meta property=\"og:title\" content=\"Handige links voor uw elektriciteits- en energieprojecten in Brussel\" \/>\n<meta property=\"og:description\" content=\"Nuttige links: hulpmiddelen en partners aanbevolen door Az\u00e9lec voor uw elektriciteits- en energieprojecten.\" \/>\n<meta property=\"og:url\" content=\"https:\/\/azelec.be\/nl\/nuttige-links\/\" \/>\n<meta property=\"og:site_name\" content=\"Az\u00e9lec\" \/>\n<meta property=\"article:publisher\" content=\"https:\/\/facebook.com\/pages\/Azlec\/464300780395849\" \/>\n<meta property=\"article:modified_time\" content=\"2025-01-07T11:26:41+00:00\" \/>\n<meta property=\"og:image\" content=\"https:\/\/azelec.be\/wp-content\/uploads\/2024\/10\/shutterstock_476140699-1-scaled.jpg\" \/>\n\t<meta property=\"og:image:width\" content=\"2560\" \/>\n\t<meta property=\"og:image:height\" content=\"1708\" \/>\n\t<meta property=\"og:image:type\" content=\"image\/jpeg\" \/>\n<meta name=\"twitter:card\" content=\"summary_large_image\" \/>\n<meta name=\"twitter:label1\" content=\"Est. reading time\" \/>\n\t<meta name=\"twitter:data1\" content=\"1 minute\" \/>\n<script type=\"application\/ld+json\" class=\"yoast-schema-graph\">{\"@context\":\"https:\\\/\\\/schema.org\",\"@graph\":[{\"@type\":\"WebPage\",\"@id\":\"https:\\\/\\\/azelec.be\\\/nl\\\/nuttige-links\\\/\",\"url\":\"https:\\\/\\\/azelec.be\\\/nl\\\/nuttige-links\\\/\",\"name\":\"Handige links voor uw elektriciteits- en energieprojecten in Brussel\",\"isPartOf\":{\"@id\":\"https:\\\/\\\/azelec.be\\\/nl\\\/#website\"},\"primaryImageOfPage\":{\"@id\":\"https:\\\/\\\/azelec.be\\\/nl\\\/nuttige-links\\\/#primaryimage\"},\"image\":{\"@id\":\"https:\\\/\\\/azelec.be\\\/nl\\\/nuttige-links\\\/#primaryimage\"},\"thumbnailUrl\":\"https:\\\/\\\/azelec.be\\\/wp-content\\\/uploads\\\/2024\\\/10\\\/shutterstock_476140699-1-scaled.jpg\",\"datePublished\":\"2024-05-27T12:36:27+00:00\",\"dateModified\":\"2025-01-07T11:26:41+00:00\",\"description\":\"Nuttige links: hulpmiddelen en partners aanbevolen door Az\u00e9lec voor uw elektriciteits- en energieprojecten.\",\"breadcrumb\":{\"@id\":\"https:\\\/\\\/azelec.be\\\/nl\\\/nuttige-links\\\/#breadcrumb\"},\"inLanguage\":\"nl-NL\",\"potentialAction\":[{\"@type\":\"ReadAction\",\"target\":[\"https:\\\/\\\/azelec.be\\\/nl\\\/nuttige-links\\\/\"]}]},{\"@type\":\"ImageObject\",\"inLanguage\":\"nl-NL\",\"@id\":\"https:\\\/\\\/azelec.be\\\/nl\\\/nuttige-links\\\/#primaryimage\",\"url\":\"https:\\\/\\\/azelec.be\\\/wp-content\\\/uploads\\\/2024\\\/10\\\/shutterstock_476140699-1-scaled.jpg\",\"contentUrl\":\"https:\\\/\\\/azelec.be\\\/wp-content\\\/uploads\\\/2024\\\/10\\\/shutterstock_476140699-1-scaled.jpg\",\"width\":2560,\"height\":1708,\"caption\":\"Analysis of the General Regulations on Electrical Installations.\"},{\"@type\":\"BreadcrumbList\",\"@id\":\"https:\\\/\\\/azelec.be\\\/nl\\\/nuttige-links\\\/#breadcrumb\",\"itemListElement\":[{\"@type\":\"ListItem\",\"position\":1,\"name\":\"Home\",\"item\":\"https:\\\/\\\/azelec.be\\\/nl\\\/\"},{\"@type\":\"ListItem\",\"position\":2,\"name\":\"Nuttige links\"}]},{\"@type\":\"WebSite\",\"@id\":\"https:\\\/\\\/azelec.be\\\/nl\\\/#website\",\"url\":\"https:\\\/\\\/azelec.be\\\/nl\\\/\",\"name\":\"Az\u00e9lec\",\"description\":\"Entreprise g\u00e9n\u00e9rale d&#039;\u00e9lectricit\u00e9 dans le secteur de la construction pour les particuliers et professionnels.\",\"publisher\":{\"@id\":\"https:\\\/\\\/azelec.be\\\/nl\\\/#organization\"},\"potentialAction\":[{\"@type\":\"SearchAction\",\"target\":{\"@type\":\"EntryPoint\",\"urlTemplate\":\"https:\\\/\\\/azelec.be\\\/nl\\\/?s={search_term_string}\"},\"query-input\":{\"@type\":\"PropertyValueSpecification\",\"valueRequired\":true,\"valueName\":\"search_term_string\"}}],\"inLanguage\":\"nl-NL\"},{\"@type\":\"Organization\",\"@id\":\"https:\\\/\\\/azelec.be\\\/nl\\\/#organization\",\"name\":\"Az\u00e9lec\",\"url\":\"https:\\\/\\\/azelec.be\\\/nl\\\/\",\"logo\":{\"@type\":\"ImageObject\",\"inLanguage\":\"nl-NL\",\"@id\":\"https:\\\/\\\/azelec.be\\\/nl\\\/#\\\/schema\\\/logo\\\/image\\\/\",\"url\":\"https:\\\/\\\/azelec.be\\\/wp-content\\\/uploads\\\/2024\\\/07\\\/logo.svg\",\"contentUrl\":\"https:\\\/\\\/azelec.be\\\/wp-content\\\/uploads\\\/2024\\\/07\\\/logo.svg\",\"width\":493,\"height\":86,\"caption\":\"Az\u00e9lec\"},\"image\":{\"@id\":\"https:\\\/\\\/azelec.be\\\/nl\\\/#\\\/schema\\\/logo\\\/image\\\/\"},\"sameAs\":[\"https:\\\/\\\/facebook.com\\\/pages\\\/Azlec\\\/464300780395849\",\"https:\\\/\\\/www.instagram.com\\\/azelec.be\\\/\",\"https:\\\/\\\/www.linkedin.com\\\/company\\\/3338450\",\"https:\\\/\\\/www.youtube.com\\\/channel\\\/UCElmKgi5qzaPSqJ_u3IfvHw\"]}]}<\/script>\n<!-- \/ Yoast SEO plugin. -->","yoast_head_json":{"title":"Handige links voor uw elektriciteits- en energieprojecten in Brussel","description":"Nuttige links: hulpmiddelen en partners aanbevolen door Az\u00e9lec voor uw elektriciteits- en energieprojecten.","robots":{"index":"index","follow":"follow","max-snippet":"max-snippet:-1","max-image-preview":"max-image-preview:large","max-video-preview":"max-video-preview:-1"},"canonical":"https:\/\/azelec.be\/nl\/nuttige-links\/","og_locale":"nl_NL","og_type":"article","og_title":"Handige links voor uw elektriciteits- en energieprojecten in Brussel","og_description":"Nuttige links: hulpmiddelen en partners aanbevolen door Az\u00e9lec voor uw elektriciteits- en energieprojecten.","og_url":"https:\/\/azelec.be\/nl\/nuttige-links\/","og_site_name":"Az\u00e9lec","article_publisher":"https:\/\/facebook.com\/pages\/Azlec\/464300780395849","article_modified_time":"2025-01-07T11:26:41+00:00","og_image":[{"width":2560,"height":1708,"url":"https:\/\/azelec.be\/wp-content\/uploads\/2024\/10\/shutterstock_476140699-1-scaled.jpg","type":"image\/jpeg"}],"twitter_card":"summary_large_image","twitter_misc":{"Est. reading time":"1 minute"},"schema":{"@context":"https:\/\/schema.org","@graph":[{"@type":"WebPage","@id":"https:\/\/azelec.be\/nl\/nuttige-links\/","url":"https:\/\/azelec.be\/nl\/nuttige-links\/","name":"Handige links voor uw elektriciteits- en energieprojecten in Brussel","isPartOf":{"@id":"https:\/\/azelec.be\/nl\/#website"},"primaryImageOfPage":{"@id":"https:\/\/azelec.be\/nl\/nuttige-links\/#primaryimage"},"image":{"@id":"https:\/\/azelec.be\/nl\/nuttige-links\/#primaryimage"},"thumbnailUrl":"https:\/\/azelec.be\/wp-content\/uploads\/2024\/10\/shutterstock_476140699-1-scaled.jpg","datePublished":"2024-05-27T12:36:27+00:00","dateModified":"2025-01-07T11:26:41+00:00","description":"Nuttige links: hulpmiddelen en partners aanbevolen door Az\u00e9lec voor uw elektriciteits- en energieprojecten.","breadcrumb":{"@id":"https:\/\/azelec.be\/nl\/nuttige-links\/#breadcrumb"},"inLanguage":"nl-NL","potentialAction":[{"@type":"ReadAction","target":["https:\/\/azelec.be\/nl\/nuttige-links\/"]}]},{"@type":"ImageObject","inLanguage":"nl-NL","@id":"https:\/\/azelec.be\/nl\/nuttige-links\/#primaryimage","url":"https:\/\/azelec.be\/wp-content\/uploads\/2024\/10\/shutterstock_476140699-1-scaled.jpg","contentUrl":"https:\/\/azelec.be\/wp-content\/uploads\/2024\/10\/shutterstock_476140699-1-scaled.jpg","width":2560,"height":1708,"caption":"Analysis of the General Regulations on Electrical Installations."},{"@type":"BreadcrumbList","@id":"https:\/\/azelec.be\/nl\/nuttige-links\/#breadcrumb","itemListElement":[{"@type":"ListItem","position":1,"name":"Home","item":"https:\/\/azelec.be\/nl\/"},{"@type":"ListItem","position":2,"name":"Nuttige links"}]},{"@type":"WebSite","@id":"https:\/\/azelec.be\/nl\/#website","url":"https:\/\/azelec.be\/nl\/","name":"Az\u00e9lec","description":"Entreprise g\u00e9n\u00e9rale d&#039;\u00e9lectricit\u00e9 dans le secteur de la construction pour les particuliers et professionnels.","publisher":{"@id":"https:\/\/azelec.be\/nl\/#organization"},"potentialAction":[{"@type":"SearchAction","target":{"@type":"EntryPoint","urlTemplate":"https:\/\/azelec.be\/nl\/?s={search_term_string}"},"query-input":{"@type":"PropertyValueSpecification","valueRequired":true,"valueName":"search_term_string"}}],"inLanguage":"nl-NL"},{"@type":"Organization","@id":"https:\/\/azelec.be\/nl\/#organization","name":"Az\u00e9lec","url":"https:\/\/azelec.be\/nl\/","logo":{"@type":"ImageObject","inLanguage":"nl-NL","@id":"https:\/\/azelec.be\/nl\/#\/schema\/logo\/image\/","url":"https:\/\/azelec.be\/wp-content\/uploads\/2024\/07\/logo.svg","contentUrl":"https:\/\/azelec.be\/wp-content\/uploads\/2024\/07\/logo.svg","width":493,"height":86,"caption":"Az\u00e9lec"},"image":{"@id":"https:\/\/azelec.be\/nl\/#\/schema\/logo\/image\/"},"sameAs":["https:\/\/facebook.com\/pages\/Azlec\/464300780395849","https:\/\/www.instagram.com\/azelec.be\/","https:\/\/www.linkedin.com\/company\/3338450","https:\/\/www.youtube.com\/channel\/UCElmKgi5qzaPSqJ_u3IfvHw"]}]}},"_links":{"self":[{"href":"https:\/\/azelec.be\/nl\/wp-json\/wp\/v2\/pages\/3595","targetHints":{"allow":["GET"]}}],"collection":[{"href":"https:\/\/azelec.be\/nl\/wp-json\/wp\/v2\/pages"}],"about":[{"href":"https:\/\/azelec.be\/nl\/wp-json\/wp\/v2\/types\/page"}],"author":[{"embeddable":true,"href":"https:\/\/azelec.be\/nl\/wp-json\/wp\/v2\/users\/1"}],"replies":[{"embeddable":true,"href":"https:\/\/azelec.be\/nl\/wp-json\/wp\/v2\/comments?post=3595"}],"version-history":[{"count":0,"href":"https:\/\/azelec.be\/nl\/wp-json\/wp\/v2\/pages\/3595\/revisions"}],"wp:featuredmedia":[{"embeddable":true,"href":"https:\/\/azelec.be\/nl\/wp-json\/wp\/v2\/media\/3249"}],"wp:attachment":[{"href":"https:\/\/azelec.be\/nl\/wp-json\/wp\/v2\/media?parent=3595"}],"curies":[{"name":"wp","href":"https:\/\/api.w.org\/{rel}","templated":true}]}}