{"id":3601,"date":"2024-05-27T14:30:04","date_gmt":"2024-05-27T12:30:04","guid":{"rendered":"https:\/\/azelec.be\/services\/reseau-it\/"},"modified":"2026-02-12T20:06:35","modified_gmt":"2026-02-12T19:06:35","slug":"multimedia-netwerk","status":"publish","type":"page","link":"https:\/\/azelec.be\/nl\/diensten\/multimedia-netwerk\/","title":{"rendered":"Multimedia netwerk"},"content":{"rendered":"\n\t\t\t<div class=\"container alll-container\">\n\t\t\t\t<div class=\"alll-row row justify-content-center\">\n\t\t\t\t\t<div class=\"alll-rowInner alll-rowInner--general\">\n<h1 class=\"wp-block-heading\"><strong>Het multimedianetwerk<\/strong>, de hoeksteen van het communicatienetwerk van uw woning.<\/h1>\n<\/div><\/div><\/div>\n\t\t\t<div class=\"container alll-container\">\n\t\t\t\t<div class=\"alll-row row justify-content-center\">\n\t\t\t\t\t<div class=\"alll-rowInner alll-rowInner--general\">\n\n<\/div><\/div><\/div>\n\t\t\t<div class=\"container alll-container\">\n\t\t\t\t<div class=\"alll-row row justify-content-center\">\n\t\t\t\t\t<div class=\"alll-rowInner alll-rowInner--general\">\n<p><em>\u00abHet multimedianetwerk is de integratie van televisie, telefoon, computernetwerk en internetverbindingen in uw woning.\u00bb<\/em><\/p>\n<\/div><\/div><\/div>\n\t\t\t<div class=\"container alll-container\">\n\t\t\t\t<div class=\"alll-row row justify-content-center\">\n\t\t\t\t\t<div class=\"alll-rowInner alll-rowInner--general\">\n\n<\/div><\/div><\/div><div class=\"container-xxl\"><div class=\"row justify-content-center\"><div class=\"alll-rowInner alll-rowInner--side\">\n\n\n\n\n\n\n\n\n    <div class=\"m-flexible animated fadeInUp animate__slow m-flexible--sideBySide \" id=\"js-sideBySide-block_e984084cace0fd271607c02554437799\" >\n\n        <div class=\"m-flexible--sideBySide__child \">\n\n            <div class=\"m-flexible--sideBySide__body row justify-content-left\">\n\n                <div class=\"m-flexible--sideBySide__inception m-flexible--sideBySide__inception--img col-xxxl-6 col-xl-6 col-lg-12 col-md-12 col-sm-12 \">\n\n                    \n                    <img decoding=\"async\"   \n        width=\"500\"  height=\"190\" \n        src=\"https:\/\/azelec.be\/wp-content\/uploads\/2024\/10\/shutterstock_5075746-500x190.jpg\" \n        srcset=\"https:\/\/azelec.be\/wp-content\/uploads\/2024\/10\/shutterstock_5075746-500x190.jpg 500w, https:\/\/azelec.be\/wp-content\/uploads\/2024\/10\/shutterstock_5075746-1000x385.jpg 1000w, https:\/\/azelec.be\/wp-content\/uploads\/2024\/10\/shutterstock_5075746-2000x770.jpg 2000w\" \n        sizes=\"(max-width: 1199px) 100vw, 50vw\"  \n        alt=\"Model en plattegronden van een gebouw.\"\n    \/>\n                <\/div>\n\n                <div class=\"m-flexible--sideBySide__inception m-flexible--sideBySide__inception--content col-xxl-4 col-xl-5 col-lg-12 col-md-12 col-sm-12 \">\n\n                                                                                <h2 class=\"\"><strong>Welke mogelijkheden<\/strong> zijn er?<\/h2>                        \n                                                    <p>Bouwt of renoveert u uw huis? Dan is dit het ideale moment om een multimedianetwerk aan te leggen dat in elke kamer beschikbaar is. Zo kunt u eindelijk voldoen aan de wensen van het hele gezin:<\/p>\n<ul>\n<li>de positie van de televisie, telefoon en computer naar wens veranderen<\/li>\n<li>overal toegang tot breedbandinternet verkrijgen<\/li>\n<li>genetwerkte videogames spelen<\/li>\n<li>een LAN-netwerk cre\u00ebren of een printer delen<\/li>\n<\/ul>\n                        \n                        \n                        \n\n                <\/div><!-- \/sideBySide__inception -->\n\n            <\/div><!-- \/sideBySide body -->\n\n        <\/div><!-- \/sideBySide child -->\n\n    <\/div><!-- \/sideBySide flexible -->\n\n\n<\/div><\/div><\/div>\n\t\t\t<div class=\"container alll-container\">\n\t\t\t\t<div class=\"alll-row row justify-content-center\">\n\t\t\t\t\t<div class=\"alll-rowInner alll-rowInner--general\">\n\n<\/div><\/div><\/div><div class=\"container-xxl\"><div class=\"row justify-content-center\"><div class=\"alll-rowInner alll-rowInner--side\">\n\n\n\n\n\n\n\n\n    <div class=\"m-flexible animated fadeInUp animate__slow m-flexible--sideBySide \" id=\"js-sideBySide-block_16ab9d63e0baf286722bbbe6336b8238\" >\n\n        <div class=\"m-flexible--sideBySide__child \">\n\n            <div class=\"m-flexible--sideBySide__body row justify-content-left\">\n\n                <div class=\"m-flexible--sideBySide__inception m-flexible--sideBySide__inception--img col-xxxl-6 col-xl-6 col-lg-12 col-md-12 col-sm-12 order-xl-last\">\n\n                    \n                    <img decoding=\"async\"   \n        width=\"500\"  height=\"190\" \n        src=\"https:\/\/azelec.be\/wp-content\/uploads\/2024\/10\/shutterstock_2309088591-500x190.jpg\" \n        srcset=\"https:\/\/azelec.be\/wp-content\/uploads\/2024\/10\/shutterstock_2309088591-500x190.jpg 500w, https:\/\/azelec.be\/wp-content\/uploads\/2024\/10\/shutterstock_2309088591-1000x385.jpg 1000w, https:\/\/azelec.be\/wp-content\/uploads\/2024\/10\/shutterstock_2309088591-2000x770.jpg 2000w\" \n        sizes=\"(max-width: 1199px) 100vw, 50vw\"  \n        alt=\"Componenten van een multimedianetwerk.\"\n    \/>\n                <\/div>\n\n                <div class=\"m-flexible--sideBySide__inception m-flexible--sideBySide__inception--content col-xxl-4 col-xl-5 col-lg-12 col-md-12 col-sm-12  order-xl-first offset-xxl-1\">\n\n                                                                                <h2 class=\"\">De componenten van een <strong>multimedianetwerk<\/strong><\/h2>                        \n                                                    <p>De communicatiebox is het hart van uw thuisnetwerk. Een multimedianetwerk bestaat uit een apparaat dat verbonden is met communicatiecontactdozen (RJ 45 of Wi-Fi-toegangspunten) waarmee toepassingen zoals televisie, telefoon, IT en internet in het netwerk kunnen worden ge\u00efntegreerd. Het apparaat wordt onder of naast het elektriciteitspaneel ge\u00efnstalleerd. We bieden een breed scala aan multimedianetwerken, van de eenvoudigste tot de meest geavanceerde, zodat we aan al uw behoeften en verwachtingen kunnen voldoen.<\/p>\n                        \n                        \n                        \n\n                <\/div><!-- \/sideBySide__inception -->\n\n            <\/div><!-- \/sideBySide body -->\n\n        <\/div><!-- \/sideBySide child -->\n\n    <\/div><!-- \/sideBySide flexible -->\n\n\n<\/div><\/div><\/div>\n\t\t\t<div class=\"container alll-container\">\n\t\t\t\t<div class=\"alll-row row justify-content-center\">\n\t\t\t\t\t<div class=\"alll-rowInner alll-rowInner--general\">\n\n<\/div><\/div><\/div><div class=\"container-xxl\"><div class=\"row justify-content-center\"><div class=\"alll-rowInner alll-rowInner--side\">\n\n\n\n\n\n\n\n\n    <div class=\"m-flexible animated fadeInUp animate__slow m-flexible--sideBySide \" id=\"js-sideBySide-block_93f8bf2c7e0996b953f25ce14c424a8f\" >\n\n        <div class=\"m-flexible--sideBySide__child \">\n\n            <div class=\"m-flexible--sideBySide__body row justify-content-left\">\n\n                <div class=\"m-flexible--sideBySide__inception m-flexible--sideBySide__inception--img col-xxxl-6 col-xl-6 col-lg-12 col-md-12 col-sm-12 \">\n\n                    \n                    <img decoding=\"async\"   \n        width=\"500\"  height=\"190\" \n        src=\"https:\/\/azelec.be\/wp-content\/uploads\/2024\/10\/shutterstock_171385784-500x190.jpg\" \n        srcset=\"https:\/\/azelec.be\/wp-content\/uploads\/2024\/10\/shutterstock_171385784-500x190.jpg 500w, https:\/\/azelec.be\/wp-content\/uploads\/2024\/10\/shutterstock_171385784-1000x385.jpg 1000w, https:\/\/azelec.be\/wp-content\/uploads\/2024\/10\/shutterstock_171385784-2000x770.jpg 2000w\" \n        sizes=\"(max-width: 1199px) 100vw, 50vw\"  \n        alt=\"Computerkasten.\"\n    \/>\n                <\/div>\n\n                <div class=\"m-flexible--sideBySide__inception m-flexible--sideBySide__inception--content col-xxl-4 col-xl-5 col-lg-12 col-md-12 col-sm-12 \">\n\n                                                                                <h2 class=\"\"><strong>Stopcontacten<\/strong> en <strong>boxaansluitingen <\/strong><\/h2>                        \n                                                    <p>Elk stopcontact in de verschillende kamers van uw woning is verbonden met de bijbehorende connector in de communicatiebox. De stopcontacten worden gebruikt voor het aansluiten van telefoon, data, geluid en beeld.<\/p>\n                        \n                        \n                        \n\n                <\/div><!-- \/sideBySide__inception -->\n\n            <\/div><!-- \/sideBySide body -->\n\n        <\/div><!-- \/sideBySide child -->\n\n    <\/div><!-- \/sideBySide flexible -->\n\n\n<\/div><\/div><\/div>\n\t\t\t<div class=\"container alll-container\">\n\t\t\t\t<div class=\"alll-row row justify-content-center\">\n\t\t\t\t\t<div class=\"alll-rowInner alll-rowInner--general\">\n\n<\/div><\/div><\/div><div class=\"container-xxl\"><div class=\"row justify-content-center\"><div class=\"alll-rowInner alll-rowInner--side\">\n\n\n\n\n\n\n\n\n    <div class=\"m-flexible animated fadeInUp animate__slow m-flexible--sideBySide \" id=\"js-sideBySide-block_fdc39bee5d9a50910c3f54811b20308c\" >\n\n        <div class=\"m-flexible--sideBySide__child \">\n\n            <div class=\"m-flexible--sideBySide__body row justify-content-left\">\n\n                <div class=\"m-flexible--sideBySide__inception m-flexible--sideBySide__inception--img col-xxxl-6 col-xl-6 col-lg-12 col-md-12 col-sm-12 order-xl-last\">\n\n                    \n                    <img decoding=\"async\"   \n        width=\"500\"  height=\"190\" \n        src=\"https:\/\/azelec.be\/wp-content\/uploads\/2024\/09\/shutterstock_143124628-500x190.jpg\" \n        srcset=\"https:\/\/azelec.be\/wp-content\/uploads\/2024\/09\/shutterstock_143124628-500x190.jpg 500w, https:\/\/azelec.be\/wp-content\/uploads\/2024\/09\/shutterstock_143124628-1000x385.jpg 1000w, https:\/\/azelec.be\/wp-content\/uploads\/2024\/09\/shutterstock_143124628-2000x770.jpg 2000w\" \n        sizes=\"(max-width: 1199px) 100vw, 50vw\"  \n        alt=\"Verbeter de snelheid en optimaliseer het IT-netwerk.\"\n    \/>\n                <\/div>\n\n                <div class=\"m-flexible--sideBySide__inception m-flexible--sideBySide__inception--content col-xxl-4 col-xl-5 col-lg-12 col-md-12 col-sm-12  order-xl-first offset-xxl-1\">\n\n                                                                                <h2 class=\"\"><strong>Verbeter de snelheid<\/strong> en optimaliseer het bekabelde of draadloze netwerk<\/h2>                        \n                                                    <p>Onze specialisten staan klaar om een multimedianetwerk te ontwerpen en in te richten dat zorgt voor een snelle en betrouwbare verbinding in heel uw huis. Het netwerk bestaat uit:<\/p>\n<ul>\n<li><strong>Computerbekabeling<\/strong> voor continue gegevensoverdracht tussen uw multimediabox en de verschillende strategische punten in uw huis.<\/li>\n<li><strong>Een set wifi-antennes<\/strong> zodat u altijd een betrouwbare verbinding behoudt met uw draadloze apparaten, zelfs wanneer u zich door uw huis verplaatst.<\/li>\n<li><strong>Een glasvezelverbinding<\/strong> om de snelheid van de hele installatie te verbeteren.<\/li>\n<\/ul>\n                        \n                        \n                        \n\n                <\/div><!-- \/sideBySide__inception -->\n\n            <\/div><!-- \/sideBySide body -->\n\n        <\/div><!-- \/sideBySide child -->\n\n    <\/div><!-- \/sideBySide flexible -->\n\n\n<\/div><\/div><\/div>\n\t\t\t<div class=\"container alll-container\">\n\t\t\t\t<div class=\"alll-row row justify-content-center\">\n\t\t\t\t\t<div class=\"alll-rowInner alll-rowInner--general\">\n\n<\/div><\/div><\/div>\n\t\t\t<div class=\"container alll-container\">\n\t\t\t\t<div class=\"alll-row row justify-content-center\">\n\t\t\t\t\t<div class=\"alll-rowInner alll-rowInner--general\">\n\n\n\n\n\n    <div class=\"m-flexible animated fadeInUp animate__slow m-flexible m-flexible--ctaButtons  m-txt--center \" id=\"js-ctaButtons-block_1e2c0234ee17a3007fee34e3de0b249c\">\n\n        <div class=\"m-flexible--ctaButtons__child container\">\n\n            <div class=\"m-flexible--ctaButtons__body row justify-content-center\">\n\n                <div class=\"m-flexible--ctaButtons__inception col-10 col-lg-8 col-md-6 col-sm-4\">\n\n                        \n                        \n                        \n                        \n                            <div class=\"m-actionContainer\">\n\n                                 \n\n                                <a \n                                    href=\"https:\/\/azelec.be\/nl\/offerte-aanvraag\/\" \n\n                                    data-event=\"az_intent_cta_click\" data-cta-position=\"end_of_page\" data-lang=\"nl\" data-page-type=\"service\" data-cta-type=\"quote\"\n                                    class=\"\n                                    m-action\">\n                                    <span>Offerte aanvragen<\/span>\n                                <\/a>\n\n                            <\/div><!-- \/actionContainer -->\n\n                        \n\n                <\/div><!-- \/ctaButtons__inception -->\n\n            <\/div><!-- \/ctaButtons body -->\n\n        <\/div><!-- \/ctaButtons child -->\n\n    <\/div><!-- \/ctaButtons flexible -->\n\n<\/div><\/div><\/div>\n\t\t\t<div class=\"container alll-container\">\n\t\t\t\t<div class=\"alll-row row justify-content-center\">\n\t\t\t\t\t<div class=\"alll-rowInner alll-rowInner--general\">\n\n<\/div><\/div><\/div>\n\t\t\t<div class=\"container alll-container\">\n\t\t\t\t<div class=\"alll-row row justify-content-center\">\n\t\t\t\t\t<div class=\"alll-rowInner alll-rowInner--general\">\n<p><\/p>\n<\/div><\/div><\/div>","protected":false},"excerpt":{"rendered":"<p>Het multimedianetwerk, de hoeksteen van het communicatienetwerk van uw woning. \u00abHet multimedianetwerk is de integratie van televisie, telefoon, computernetwerk en internetverbindingen in uw woning.\u00bb<\/p>\n","protected":false},"author":1,"featured_media":3051,"parent":3489,"menu_order":5,"comment_status":"closed","ping_status":"closed","template":"","meta":{"_acf_changed":false,"neve_meta_sidebar":"","neve_meta_container":"","neve_meta_enable_content_width":"","neve_meta_content_width":0,"neve_meta_title_alignment":"","neve_meta_author_avatar":"","neve_post_elements_order":"","neve_meta_disable_header":"","neve_meta_disable_footer":"","neve_meta_disable_title":"","neve_meta_reading_time":"","footnotes":""},"class_list":["post-3601","page","type-page","status-publish","has-post-thumbnail","hentry"],"acf":[],"yoast_head":"<!-- This site is optimized with the Yoast SEO plugin v27.6 - https:\/\/yoast.com\/product\/yoast-seo-wordpress\/ -->\n<title>Het multimedianetwerk, het communicatiecentrum van uw huis<\/title>\n<meta name=\"description\" content=\"Installatie van multimedianetwerken: Az\u00e9lec optimaliseert uw tv-, telefoon-, computer- en internetverbindingen voor een vlotte communicatie.\" \/>\n<meta name=\"robots\" content=\"index, follow, max-snippet:-1, max-image-preview:large, max-video-preview:-1\" \/>\n<link rel=\"canonical\" href=\"https:\/\/azelec.be\/nl\/diensten\/multimedia-netwerk\/\" \/>\n<meta property=\"og:locale\" content=\"nl_NL\" \/>\n<meta property=\"og:type\" content=\"article\" \/>\n<meta property=\"og:title\" content=\"Het multimedianetwerk, het communicatiecentrum van uw huis\" \/>\n<meta property=\"og:description\" content=\"Installatie van multimedianetwerken: Az\u00e9lec optimaliseert uw tv-, telefoon-, computer- en internetverbindingen voor een vlotte communicatie.\" \/>\n<meta property=\"og:url\" content=\"https:\/\/azelec.be\/nl\/diensten\/multimedia-netwerk\/\" \/>\n<meta property=\"og:site_name\" content=\"Az\u00e9lec\" \/>\n<meta property=\"article:publisher\" content=\"https:\/\/facebook.com\/pages\/Azlec\/464300780395849\" \/>\n<meta property=\"article:modified_time\" content=\"2026-02-12T19:06:35+00:00\" \/>\n<meta property=\"og:image\" content=\"https:\/\/azelec.be\/wp-content\/uploads\/2024\/09\/shutterstock_95662684-1-scaled.jpg\" \/>\n\t<meta property=\"og:image:width\" content=\"2560\" \/>\n\t<meta property=\"og:image:height\" content=\"1707\" \/>\n\t<meta property=\"og:image:type\" content=\"image\/jpeg\" \/>\n<meta name=\"twitter:card\" content=\"summary_large_image\" \/>\n<meta name=\"twitter:label1\" content=\"Est. reading time\" \/>\n\t<meta name=\"twitter:data1\" content=\"1 minute\" \/>\n<script type=\"application\/ld+json\" class=\"yoast-schema-graph\">{\"@context\":\"https:\\\/\\\/schema.org\",\"@graph\":[{\"@type\":\"WebPage\",\"@id\":\"https:\\\/\\\/azelec.be\\\/nl\\\/diensten\\\/multimedia-netwerk\\\/\",\"url\":\"https:\\\/\\\/azelec.be\\\/nl\\\/diensten\\\/multimedia-netwerk\\\/\",\"name\":\"Het multimedianetwerk, het communicatiecentrum van uw huis\",\"isPartOf\":{\"@id\":\"https:\\\/\\\/azelec.be\\\/nl\\\/#website\"},\"primaryImageOfPage\":{\"@id\":\"https:\\\/\\\/azelec.be\\\/nl\\\/diensten\\\/multimedia-netwerk\\\/#primaryimage\"},\"image\":{\"@id\":\"https:\\\/\\\/azelec.be\\\/nl\\\/diensten\\\/multimedia-netwerk\\\/#primaryimage\"},\"thumbnailUrl\":\"https:\\\/\\\/azelec.be\\\/wp-content\\\/uploads\\\/2024\\\/09\\\/shutterstock_95662684-1-scaled.jpg\",\"datePublished\":\"2024-05-27T12:30:04+00:00\",\"dateModified\":\"2026-02-12T19:06:35+00:00\",\"description\":\"Installatie van multimedianetwerken: Az\u00e9lec optimaliseert uw tv-, telefoon-, computer- en internetverbindingen voor een vlotte communicatie.\",\"breadcrumb\":{\"@id\":\"https:\\\/\\\/azelec.be\\\/nl\\\/diensten\\\/multimedia-netwerk\\\/#breadcrumb\"},\"inLanguage\":\"nl-NL\",\"potentialAction\":[{\"@type\":\"ReadAction\",\"target\":[\"https:\\\/\\\/azelec.be\\\/nl\\\/diensten\\\/multimedia-netwerk\\\/\"]}]},{\"@type\":\"ImageObject\",\"inLanguage\":\"nl-NL\",\"@id\":\"https:\\\/\\\/azelec.be\\\/nl\\\/diensten\\\/multimedia-netwerk\\\/#primaryimage\",\"url\":\"https:\\\/\\\/azelec.be\\\/wp-content\\\/uploads\\\/2024\\\/09\\\/shutterstock_95662684-1-scaled.jpg\",\"contentUrl\":\"https:\\\/\\\/azelec.be\\\/wp-content\\\/uploads\\\/2024\\\/09\\\/shutterstock_95662684-1-scaled.jpg\",\"width\":2560,\"height\":1707,\"caption\":\"Kamer uitgerust met computerservers.\"},{\"@type\":\"BreadcrumbList\",\"@id\":\"https:\\\/\\\/azelec.be\\\/nl\\\/diensten\\\/multimedia-netwerk\\\/#breadcrumb\",\"itemListElement\":[{\"@type\":\"ListItem\",\"position\":1,\"name\":\"Home\",\"item\":\"https:\\\/\\\/azelec.be\\\/nl\\\/\"},{\"@type\":\"ListItem\",\"position\":2,\"name\":\"Onze diensten\",\"item\":\"https:\\\/\\\/azelec.be\\\/nl\\\/diensten\\\/\"},{\"@type\":\"ListItem\",\"position\":3,\"name\":\"Multimedia netwerk\"}]},{\"@type\":\"WebSite\",\"@id\":\"https:\\\/\\\/azelec.be\\\/nl\\\/#website\",\"url\":\"https:\\\/\\\/azelec.be\\\/nl\\\/\",\"name\":\"Az\u00e9lec\",\"description\":\"Entreprise g\u00e9n\u00e9rale d&#039;\u00e9lectricit\u00e9 dans le secteur de la construction pour les particuliers et professionnels.\",\"publisher\":{\"@id\":\"https:\\\/\\\/azelec.be\\\/nl\\\/#organization\"},\"potentialAction\":[{\"@type\":\"SearchAction\",\"target\":{\"@type\":\"EntryPoint\",\"urlTemplate\":\"https:\\\/\\\/azelec.be\\\/nl\\\/?s={search_term_string}\"},\"query-input\":{\"@type\":\"PropertyValueSpecification\",\"valueRequired\":true,\"valueName\":\"search_term_string\"}}],\"inLanguage\":\"nl-NL\"},{\"@type\":\"Organization\",\"@id\":\"https:\\\/\\\/azelec.be\\\/nl\\\/#organization\",\"name\":\"Az\u00e9lec\",\"url\":\"https:\\\/\\\/azelec.be\\\/nl\\\/\",\"logo\":{\"@type\":\"ImageObject\",\"inLanguage\":\"nl-NL\",\"@id\":\"https:\\\/\\\/azelec.be\\\/nl\\\/#\\\/schema\\\/logo\\\/image\\\/\",\"url\":\"https:\\\/\\\/azelec.be\\\/wp-content\\\/uploads\\\/2024\\\/07\\\/logo.svg\",\"contentUrl\":\"https:\\\/\\\/azelec.be\\\/wp-content\\\/uploads\\\/2024\\\/07\\\/logo.svg\",\"width\":493,\"height\":86,\"caption\":\"Az\u00e9lec\"},\"image\":{\"@id\":\"https:\\\/\\\/azelec.be\\\/nl\\\/#\\\/schema\\\/logo\\\/image\\\/\"},\"sameAs\":[\"https:\\\/\\\/facebook.com\\\/pages\\\/Azlec\\\/464300780395849\",\"https:\\\/\\\/www.instagram.com\\\/azelec.be\\\/\",\"https:\\\/\\\/www.linkedin.com\\\/company\\\/3338450\",\"https:\\\/\\\/www.youtube.com\\\/channel\\\/UCElmKgi5qzaPSqJ_u3IfvHw\"]}]}<\/script>\n<!-- \/ Yoast SEO plugin. -->","yoast_head_json":{"title":"Het multimedianetwerk, het communicatiecentrum van uw huis","description":"Installatie van multimedianetwerken: Az\u00e9lec optimaliseert uw tv-, telefoon-, computer- en internetverbindingen voor een vlotte communicatie.","robots":{"index":"index","follow":"follow","max-snippet":"max-snippet:-1","max-image-preview":"max-image-preview:large","max-video-preview":"max-video-preview:-1"},"canonical":"https:\/\/azelec.be\/nl\/diensten\/multimedia-netwerk\/","og_locale":"nl_NL","og_type":"article","og_title":"Het multimedianetwerk, het communicatiecentrum van uw huis","og_description":"Installatie van multimedianetwerken: Az\u00e9lec optimaliseert uw tv-, telefoon-, computer- en internetverbindingen voor een vlotte communicatie.","og_url":"https:\/\/azelec.be\/nl\/diensten\/multimedia-netwerk\/","og_site_name":"Az\u00e9lec","article_publisher":"https:\/\/facebook.com\/pages\/Azlec\/464300780395849","article_modified_time":"2026-02-12T19:06:35+00:00","og_image":[{"width":2560,"height":1707,"url":"https:\/\/azelec.be\/wp-content\/uploads\/2024\/09\/shutterstock_95662684-1-scaled.jpg","type":"image\/jpeg"}],"twitter_card":"summary_large_image","twitter_misc":{"Est. reading time":"1 minute"},"schema":{"@context":"https:\/\/schema.org","@graph":[{"@type":"WebPage","@id":"https:\/\/azelec.be\/nl\/diensten\/multimedia-netwerk\/","url":"https:\/\/azelec.be\/nl\/diensten\/multimedia-netwerk\/","name":"Het multimedianetwerk, het communicatiecentrum van uw huis","isPartOf":{"@id":"https:\/\/azelec.be\/nl\/#website"},"primaryImageOfPage":{"@id":"https:\/\/azelec.be\/nl\/diensten\/multimedia-netwerk\/#primaryimage"},"image":{"@id":"https:\/\/azelec.be\/nl\/diensten\/multimedia-netwerk\/#primaryimage"},"thumbnailUrl":"https:\/\/azelec.be\/wp-content\/uploads\/2024\/09\/shutterstock_95662684-1-scaled.jpg","datePublished":"2024-05-27T12:30:04+00:00","dateModified":"2026-02-12T19:06:35+00:00","description":"Installatie van multimedianetwerken: Az\u00e9lec optimaliseert uw tv-, telefoon-, computer- en internetverbindingen voor een vlotte communicatie.","breadcrumb":{"@id":"https:\/\/azelec.be\/nl\/diensten\/multimedia-netwerk\/#breadcrumb"},"inLanguage":"nl-NL","potentialAction":[{"@type":"ReadAction","target":["https:\/\/azelec.be\/nl\/diensten\/multimedia-netwerk\/"]}]},{"@type":"ImageObject","inLanguage":"nl-NL","@id":"https:\/\/azelec.be\/nl\/diensten\/multimedia-netwerk\/#primaryimage","url":"https:\/\/azelec.be\/wp-content\/uploads\/2024\/09\/shutterstock_95662684-1-scaled.jpg","contentUrl":"https:\/\/azelec.be\/wp-content\/uploads\/2024\/09\/shutterstock_95662684-1-scaled.jpg","width":2560,"height":1707,"caption":"Kamer uitgerust met computerservers."},{"@type":"BreadcrumbList","@id":"https:\/\/azelec.be\/nl\/diensten\/multimedia-netwerk\/#breadcrumb","itemListElement":[{"@type":"ListItem","position":1,"name":"Home","item":"https:\/\/azelec.be\/nl\/"},{"@type":"ListItem","position":2,"name":"Onze diensten","item":"https:\/\/azelec.be\/nl\/diensten\/"},{"@type":"ListItem","position":3,"name":"Multimedia netwerk"}]},{"@type":"WebSite","@id":"https:\/\/azelec.be\/nl\/#website","url":"https:\/\/azelec.be\/nl\/","name":"Az\u00e9lec","description":"Entreprise g\u00e9n\u00e9rale d&#039;\u00e9lectricit\u00e9 dans le secteur de la construction pour les particuliers et professionnels.","publisher":{"@id":"https:\/\/azelec.be\/nl\/#organization"},"potentialAction":[{"@type":"SearchAction","target":{"@type":"EntryPoint","urlTemplate":"https:\/\/azelec.be\/nl\/?s={search_term_string}"},"query-input":{"@type":"PropertyValueSpecification","valueRequired":true,"valueName":"search_term_string"}}],"inLanguage":"nl-NL"},{"@type":"Organization","@id":"https:\/\/azelec.be\/nl\/#organization","name":"Az\u00e9lec","url":"https:\/\/azelec.be\/nl\/","logo":{"@type":"ImageObject","inLanguage":"nl-NL","@id":"https:\/\/azelec.be\/nl\/#\/schema\/logo\/image\/","url":"https:\/\/azelec.be\/wp-content\/uploads\/2024\/07\/logo.svg","contentUrl":"https:\/\/azelec.be\/wp-content\/uploads\/2024\/07\/logo.svg","width":493,"height":86,"caption":"Az\u00e9lec"},"image":{"@id":"https:\/\/azelec.be\/nl\/#\/schema\/logo\/image\/"},"sameAs":["https:\/\/facebook.com\/pages\/Azlec\/464300780395849","https:\/\/www.instagram.com\/azelec.be\/","https:\/\/www.linkedin.com\/company\/3338450","https:\/\/www.youtube.com\/channel\/UCElmKgi5qzaPSqJ_u3IfvHw"]}]}},"_links":{"self":[{"href":"https:\/\/azelec.be\/nl\/wp-json\/wp\/v2\/pages\/3601","targetHints":{"allow":["GET"]}}],"collection":[{"href":"https:\/\/azelec.be\/nl\/wp-json\/wp\/v2\/pages"}],"about":[{"href":"https:\/\/azelec.be\/nl\/wp-json\/wp\/v2\/types\/page"}],"author":[{"embeddable":true,"href":"https:\/\/azelec.be\/nl\/wp-json\/wp\/v2\/users\/1"}],"replies":[{"embeddable":true,"href":"https:\/\/azelec.be\/nl\/wp-json\/wp\/v2\/comments?post=3601"}],"version-history":[{"count":0,"href":"https:\/\/azelec.be\/nl\/wp-json\/wp\/v2\/pages\/3601\/revisions"}],"up":[{"embeddable":true,"href":"https:\/\/azelec.be\/nl\/wp-json\/wp\/v2\/pages\/3489"}],"wp:featuredmedia":[{"embeddable":true,"href":"https:\/\/azelec.be\/nl\/wp-json\/wp\/v2\/media\/3051"}],"wp:attachment":[{"href":"https:\/\/azelec.be\/nl\/wp-json\/wp\/v2\/media?parent=3601"}],"curies":[{"name":"wp","href":"https:\/\/api.w.org\/{rel}","templated":true}]}}