{"id":5767,"date":"2025-09-16T11:07:57","date_gmt":"2025-09-16T09:07:57","guid":{"rendered":"https:\/\/azelec.be\/tous-les-avis\/"},"modified":"2025-09-19T16:30:47","modified_gmt":"2025-09-19T14:30:47","slug":"alle-reviews","status":"publish","type":"page","link":"https:\/\/azelec.be\/nl\/alle-reviews\/","title":{"rendered":"Alle reviews"},"content":{"rendered":"\n\t\t\t<div class=\"container alll-container\">\n\t\t\t\t<div class=\"alll-row row justify-content-center\">\n\t\t\t\t\t<div class=\"alll-rowInner alll-rowInner--general\">\n<h1 class=\"wp-block-heading has-text-align-center\">Alle reviews over Az\u00e9lec<\/h1>\n<\/div><\/div><\/div>\n\t\t\t<div class=\"container alll-container\">\n\t\t\t\t<div class=\"alll-row row justify-content-center\">\n\t\t\t\t\t<div class=\"alll-rowInner alll-rowInner--general\">\n\n<\/div><\/div><\/div>\n\t\t\t<div class=\"container alll-container\">\n\t\t\t\t<div class=\"alll-row row justify-content-center\">\n\t\t\t\t\t<div class=\"alll-rowInner alll-rowInner--general\">\n<p class=\"has-text-align-center\"><em>Az\u00e9lec is trots op klanttevredenheid en vertrouwen. Ontdek wat onze klanten te zeggen hebben over hun ervaring met ons.<\/em><\/p>\n<\/div><\/div><\/div>\n\t\t\t<div class=\"container alll-container\">\n\t\t\t\t<div class=\"alll-row row justify-content-center\">\n\t\t\t\t\t<div class=\"alll-rowInner alll-rowInner--general\">\n\n<\/div><\/div><\/div>\n\t\t\t<div class=\"container alll-container\">\n\t\t\t\t<div class=\"alll-row row justify-content-center\">\n\t\t\t\t\t<div class=\"alll-rowInner alll-rowInner--general\"><div data-src=\"https:\/\/cdn.trustindex.io\/loader.js?ae738fa54978537bc086299ef4f\"><\/div>\n<\/div><\/div><\/div>\n\t\t\t<div class=\"container alll-container\">\n\t\t\t\t<div class=\"alll-row row justify-content-center\">\n\t\t\t\t\t<div class=\"alll-rowInner alll-rowInner--general\">\n\n<\/div><\/div><\/div>\n\t\t\t<div class=\"container alll-container\">\n\t\t\t\t<div class=\"alll-row row justify-content-center\">\n\t\t\t\t\t<div class=\"alll-rowInner alll-rowInner--general\">\n<p><\/p>\n<\/div><\/div><\/div>","protected":false},"excerpt":{"rendered":"<p>Alle reviews over Az\u00e9lec Az\u00e9lec is trots op klanttevredenheid en vertrouwen. Ontdek wat onze klanten te zeggen hebben over hun ervaring met ons.<\/p>\n","protected":false},"author":1,"featured_media":0,"parent":0,"menu_order":13,"comment_status":"closed","ping_status":"closed","template":"","meta":{"_acf_changed":false,"neve_meta_sidebar":"","neve_meta_container":"","neve_meta_enable_content_width":"","neve_meta_content_width":0,"neve_meta_title_alignment":"","neve_meta_author_avatar":"","neve_post_elements_order":"","neve_meta_disable_header":"","neve_meta_disable_footer":"","neve_meta_disable_title":"","neve_meta_reading_time":"","footnotes":""},"class_list":["post-5767","page","type-page","status-publish","hentry"],"acf":[],"yoast_head":"<!-- This site is optimized with the Yoast SEO plugin v27.4 - https:\/\/yoast.com\/product\/yoast-seo-wordpress\/ -->\n<title>Alle reviews - Az\u00e9lec<\/title>\n<meta name=\"robots\" content=\"index, follow, max-snippet:-1, max-image-preview:large, max-video-preview:-1\" \/>\n<link rel=\"canonical\" href=\"https:\/\/azelec.be\/nl\/alle-reviews\/\" \/>\n<meta property=\"og:locale\" content=\"nl_NL\" \/>\n<meta property=\"og:type\" content=\"article\" \/>\n<meta property=\"og:title\" content=\"Alle reviews - Az\u00e9lec\" \/>\n<meta property=\"og:description\" content=\"Alle reviews over Az\u00e9lec Az\u00e9lec is trots op klanttevredenheid en vertrouwen. Ontdek wat onze klanten te zeggen hebben over hun ervaring met ons.\" \/>\n<meta property=\"og:url\" content=\"https:\/\/azelec.be\/nl\/alle-reviews\/\" \/>\n<meta property=\"og:site_name\" content=\"Az\u00e9lec\" \/>\n<meta property=\"article:publisher\" content=\"https:\/\/facebook.com\/pages\/Azlec\/464300780395849\" \/>\n<meta property=\"article:modified_time\" content=\"2025-09-19T14:30:47+00:00\" \/>\n<meta name=\"twitter:card\" content=\"summary_large_image\" \/>\n<script type=\"application\/ld+json\" class=\"yoast-schema-graph\">{\"@context\":\"https:\\\/\\\/schema.org\",\"@graph\":[{\"@type\":\"WebPage\",\"@id\":\"https:\\\/\\\/azelec.be\\\/nl\\\/alle-reviews\\\/\",\"url\":\"https:\\\/\\\/azelec.be\\\/nl\\\/alle-reviews\\\/\",\"name\":\"Alle reviews - Az\u00e9lec\",\"isPartOf\":{\"@id\":\"https:\\\/\\\/azelec.be\\\/nl\\\/#website\"},\"datePublished\":\"2025-09-16T09:07:57+00:00\",\"dateModified\":\"2025-09-19T14:30:47+00:00\",\"breadcrumb\":{\"@id\":\"https:\\\/\\\/azelec.be\\\/nl\\\/alle-reviews\\\/#breadcrumb\"},\"inLanguage\":\"nl-NL\",\"potentialAction\":[{\"@type\":\"ReadAction\",\"target\":[\"https:\\\/\\\/azelec.be\\\/nl\\\/alle-reviews\\\/\"]}]},{\"@type\":\"BreadcrumbList\",\"@id\":\"https:\\\/\\\/azelec.be\\\/nl\\\/alle-reviews\\\/#breadcrumb\",\"itemListElement\":[{\"@type\":\"ListItem\",\"position\":1,\"name\":\"Home\",\"item\":\"https:\\\/\\\/azelec.be\\\/nl\\\/\"},{\"@type\":\"ListItem\",\"position\":2,\"name\":\"Alle reviews\"}]},{\"@type\":\"WebSite\",\"@id\":\"https:\\\/\\\/azelec.be\\\/nl\\\/#website\",\"url\":\"https:\\\/\\\/azelec.be\\\/nl\\\/\",\"name\":\"Az\u00e9lec\",\"description\":\"Entreprise g\u00e9n\u00e9rale d&#039;\u00e9lectricit\u00e9 dans le secteur de la construction pour les particuliers et professionnels.\",\"publisher\":{\"@id\":\"https:\\\/\\\/azelec.be\\\/nl\\\/#organization\"},\"potentialAction\":[{\"@type\":\"SearchAction\",\"target\":{\"@type\":\"EntryPoint\",\"urlTemplate\":\"https:\\\/\\\/azelec.be\\\/nl\\\/?s={search_term_string}\"},\"query-input\":{\"@type\":\"PropertyValueSpecification\",\"valueRequired\":true,\"valueName\":\"search_term_string\"}}],\"inLanguage\":\"nl-NL\"},{\"@type\":\"Organization\",\"@id\":\"https:\\\/\\\/azelec.be\\\/nl\\\/#organization\",\"name\":\"Az\u00e9lec\",\"url\":\"https:\\\/\\\/azelec.be\\\/nl\\\/\",\"logo\":{\"@type\":\"ImageObject\",\"inLanguage\":\"nl-NL\",\"@id\":\"https:\\\/\\\/azelec.be\\\/nl\\\/#\\\/schema\\\/logo\\\/image\\\/\",\"url\":\"https:\\\/\\\/azelec.be\\\/wp-content\\\/uploads\\\/2024\\\/07\\\/logo.svg\",\"contentUrl\":\"https:\\\/\\\/azelec.be\\\/wp-content\\\/uploads\\\/2024\\\/07\\\/logo.svg\",\"width\":493,\"height\":86,\"caption\":\"Az\u00e9lec\"},\"image\":{\"@id\":\"https:\\\/\\\/azelec.be\\\/nl\\\/#\\\/schema\\\/logo\\\/image\\\/\"},\"sameAs\":[\"https:\\\/\\\/facebook.com\\\/pages\\\/Azlec\\\/464300780395849\",\"https:\\\/\\\/www.instagram.com\\\/azelec.be\\\/\",\"https:\\\/\\\/www.linkedin.com\\\/company\\\/3338450\",\"https:\\\/\\\/www.youtube.com\\\/channel\\\/UCElmKgi5qzaPSqJ_u3IfvHw\"]}]}<\/script>\n<!-- \/ Yoast SEO plugin. -->","yoast_head_json":{"title":"Alle reviews - Az\u00e9lec","robots":{"index":"index","follow":"follow","max-snippet":"max-snippet:-1","max-image-preview":"max-image-preview:large","max-video-preview":"max-video-preview:-1"},"canonical":"https:\/\/azelec.be\/nl\/alle-reviews\/","og_locale":"nl_NL","og_type":"article","og_title":"Alle reviews - Az\u00e9lec","og_description":"Alle reviews over Az\u00e9lec Az\u00e9lec is trots op klanttevredenheid en vertrouwen. Ontdek wat onze klanten te zeggen hebben over hun ervaring met ons.","og_url":"https:\/\/azelec.be\/nl\/alle-reviews\/","og_site_name":"Az\u00e9lec","article_publisher":"https:\/\/facebook.com\/pages\/Azlec\/464300780395849","article_modified_time":"2025-09-19T14:30:47+00:00","twitter_card":"summary_large_image","schema":{"@context":"https:\/\/schema.org","@graph":[{"@type":"WebPage","@id":"https:\/\/azelec.be\/nl\/alle-reviews\/","url":"https:\/\/azelec.be\/nl\/alle-reviews\/","name":"Alle reviews - Az\u00e9lec","isPartOf":{"@id":"https:\/\/azelec.be\/nl\/#website"},"datePublished":"2025-09-16T09:07:57+00:00","dateModified":"2025-09-19T14:30:47+00:00","breadcrumb":{"@id":"https:\/\/azelec.be\/nl\/alle-reviews\/#breadcrumb"},"inLanguage":"nl-NL","potentialAction":[{"@type":"ReadAction","target":["https:\/\/azelec.be\/nl\/alle-reviews\/"]}]},{"@type":"BreadcrumbList","@id":"https:\/\/azelec.be\/nl\/alle-reviews\/#breadcrumb","itemListElement":[{"@type":"ListItem","position":1,"name":"Home","item":"https:\/\/azelec.be\/nl\/"},{"@type":"ListItem","position":2,"name":"Alle reviews"}]},{"@type":"WebSite","@id":"https:\/\/azelec.be\/nl\/#website","url":"https:\/\/azelec.be\/nl\/","name":"Az\u00e9lec","description":"Entreprise g\u00e9n\u00e9rale d&#039;\u00e9lectricit\u00e9 dans le secteur de la construction pour les particuliers et professionnels.","publisher":{"@id":"https:\/\/azelec.be\/nl\/#organization"},"potentialAction":[{"@type":"SearchAction","target":{"@type":"EntryPoint","urlTemplate":"https:\/\/azelec.be\/nl\/?s={search_term_string}"},"query-input":{"@type":"PropertyValueSpecification","valueRequired":true,"valueName":"search_term_string"}}],"inLanguage":"nl-NL"},{"@type":"Organization","@id":"https:\/\/azelec.be\/nl\/#organization","name":"Az\u00e9lec","url":"https:\/\/azelec.be\/nl\/","logo":{"@type":"ImageObject","inLanguage":"nl-NL","@id":"https:\/\/azelec.be\/nl\/#\/schema\/logo\/image\/","url":"https:\/\/azelec.be\/wp-content\/uploads\/2024\/07\/logo.svg","contentUrl":"https:\/\/azelec.be\/wp-content\/uploads\/2024\/07\/logo.svg","width":493,"height":86,"caption":"Az\u00e9lec"},"image":{"@id":"https:\/\/azelec.be\/nl\/#\/schema\/logo\/image\/"},"sameAs":["https:\/\/facebook.com\/pages\/Azlec\/464300780395849","https:\/\/www.instagram.com\/azelec.be\/","https:\/\/www.linkedin.com\/company\/3338450","https:\/\/www.youtube.com\/channel\/UCElmKgi5qzaPSqJ_u3IfvHw"]}]}},"_links":{"self":[{"href":"https:\/\/azelec.be\/nl\/wp-json\/wp\/v2\/pages\/5767","targetHints":{"allow":["GET"]}}],"collection":[{"href":"https:\/\/azelec.be\/nl\/wp-json\/wp\/v2\/pages"}],"about":[{"href":"https:\/\/azelec.be\/nl\/wp-json\/wp\/v2\/types\/page"}],"author":[{"embeddable":true,"href":"https:\/\/azelec.be\/nl\/wp-json\/wp\/v2\/users\/1"}],"replies":[{"embeddable":true,"href":"https:\/\/azelec.be\/nl\/wp-json\/wp\/v2\/comments?post=5767"}],"version-history":[{"count":0,"href":"https:\/\/azelec.be\/nl\/wp-json\/wp\/v2\/pages\/5767\/revisions"}],"wp:attachment":[{"href":"https:\/\/azelec.be\/nl\/wp-json\/wp\/v2\/media?parent=5767"}],"curies":[{"name":"wp","href":"https:\/\/api.w.org\/{rel}","templated":true}]}}